{"id":47685,"date":"2024-04-01T04:16:31","date_gmt":"2024-04-01T04:16:31","guid":{"rendered":"https:\/\/e.kosmolat.eu\/product\/tresemme-rich-moisture-sampuns-400-ml\/"},"modified":"2025-09-20T04:05:44","modified_gmt":"2025-09-20T04:05:44","slug":"tresemme-rich-moisture-sampuns-400-ml","status":"publish","type":"product","link":"https:\/\/e.kosmolat.eu\/lt\/produktas\/tresemme-rich-moisture-sampuns-400-ml\/","title":{"rendered":"TRESEMME Rich Moisture \u0160amp\u016bnas, 400 ml"},"content":{"rendered":"<p>&Scaron;amp\u016bnas su vitaminu E padarys j\u016bs\u0173 plaukus &scaron;velnesnius ir i&scaron;laikys j\u0173 dr\u0117kinim\u0105 vis\u0105 dien\u0105.&nbsp;TRESemme PRO Style Tech su amino r\u016bg&scaron;timis ir keramidais puikiai stiprina plaukus, tod\u0117l jie tampa paklusnesni.<\/p>\n<p><strong>Naudojimas:<\/strong> paskirstykite ant dr\u0117gn\u0173 plauk\u0173, masa\u017euokite, kol susidarys putos, tada nuplaukite &scaron;iltu vandeniu.<\/p>\n<p><strong>Atsargumo priemon\u0117s: <\/strong>vengti patekimo \u012f akis. Patekus \u012f akis, kruop&scaron;\u010diai nuplaukite vandeniu.<\/p>\n<p>Laikyti nuo +5 &deg;C iki +25 &deg;C temperat\u016broje.<br \/>\n&nbsp;<\/p>\n","protected":false},"excerpt":{"rendered":"<p>&Scaron;amp\u016bnas su vitaminu E padarys j\u016bs\u0173 plaukus &scaron;velnesnius ir i&scaron;laikys j\u0173 dr\u0117kinim\u0105 vis\u0105 dien\u0105.&nbsp;TRESemme PRO Style Tech su amino r\u016bg&scaron;timis ir keramidais puikiai stiprina plaukus, tod\u0117l jie tampa paklusnesni. Naudojimas: paskirstykite ant dr\u0117gn\u0173 plauk\u0173, masa\u017euokite, kol susidarys putos, tada nuplaukite &scaron;iltu vandeniu. Atsargumo priemon\u0117s: vengti patekimo \u012f akis. Patekus \u012f akis, kruop&scaron;\u010diai nuplaukite vandeniu. Laikyti [&#8230;]\n","protected":false},"featured_media":91550,"template":"","meta":[],"product_cat":[1251],"product_tag":[],"class_list":{"0":"post-47685","1":"product","2":"type-product","3":"status-publish","4":"has-post-thumbnail","6":"product_brand-unilever-ua-lt","7":"product_cat-sampunai","9":"first","10":"outofstock","11":"taxable","12":"shipping-taxable","13":"product-type-simple"},"_links":{"self":[{"href":"https:\/\/e.kosmolat.eu\/lt\/wp-json\/wp\/v2\/product\/47685","targetHints":{"allow":["GET"]}}],"collection":[{"href":"https:\/\/e.kosmolat.eu\/lt\/wp-json\/wp\/v2\/product"}],"about":[{"href":"https:\/\/e.kosmolat.eu\/lt\/wp-json\/wp\/v2\/types\/product"}],"wp:featuredmedia":[{"embeddable":true,"href":"https:\/\/e.kosmolat.eu\/lt\/wp-json\/wp\/v2\/media\/91550"}],"wp:attachment":[{"href":"https:\/\/e.kosmolat.eu\/lt\/wp-json\/wp\/v2\/media?parent=47685"}],"wp:term":[{"taxonomy":"product_cat","embeddable":true,"href":"https:\/\/e.kosmolat.eu\/lt\/wp-json\/wp\/v2\/product_cat?post=47685"},{"taxonomy":"product_tag","embeddable":true,"href":"https:\/\/e.kosmolat.eu\/lt\/wp-json\/wp\/v2\/product_tag?post=47685"}],"curies":[{"name":"wp","href":"https:\/\/api.w.org\/{rel}","templated":true}]}}