{"id":47677,"date":"2024-04-01T04:16:12","date_gmt":"2024-04-01T04:16:12","guid":{"rendered":"https:\/\/e.kosmolat.eu\/product\/tresemme-flawless-waves-sampuns-400-ml\/"},"modified":"2025-09-20T04:05:28","modified_gmt":"2025-09-20T04:05:28","slug":"tresemme-flawless-waves-sampuns-400-ml","status":"publish","type":"product","link":"https:\/\/e.kosmolat.eu\/lt\/produktas\/tresemme-flawless-waves-sampuns-400-ml\/","title":{"rendered":"TRESEMME Flawless Waves \u0161amp\u016bnas, 400 ml"},"content":{"rendered":"<p>&Scaron;amp\u016bnas su kokos\u0173 aliejumi i&scaron;laiko dr\u0117gm\u0119 plauk\u0173 strukt\u016broje ir giliai valo, tod\u0117l plaukai tampa &scaron;velnesni.&nbsp;TRESemme PRO Style Tech su amino r\u016bg&scaron;timis ir keramidais puikiai stiprina plaukus, tod\u0117l jie tampa paklusnesni.<\/p>\n<p><strong>Naudojimas: <\/strong>paskirstykite ant dr\u0117gn\u0173 plauk\u0173, masa\u017euokite, kol susidarys putos, tada nuplaukite &scaron;iltu vandeniu.<\/p>\n<p><strong>Atsargumo priemon\u0117s:<\/strong>&nbsp;vengti patekimo \u012f akis. Patekus \u012f akis, kruop&scaron;\u010diai nuplaukite vandeniu.<\/p>\n<p>Laikyti nuo +5 &deg;C iki +25 &deg;C temperat\u016broje.<br \/>\n&nbsp;<\/p>\n","protected":false},"excerpt":{"rendered":"<p>&Scaron;amp\u016bnas su kokos\u0173 aliejumi i&scaron;laiko dr\u0117gm\u0119 plauk\u0173 strukt\u016broje ir giliai valo, tod\u0117l plaukai tampa &scaron;velnesni.&nbsp;TRESemme PRO Style Tech su amino r\u016bg&scaron;timis ir keramidais puikiai stiprina plaukus, tod\u0117l jie tampa paklusnesni. Naudojimas: paskirstykite ant dr\u0117gn\u0173 plauk\u0173, masa\u017euokite, kol susidarys putos, tada nuplaukite &scaron;iltu vandeniu. Atsargumo priemon\u0117s:&nbsp;vengti patekimo \u012f akis. Patekus \u012f akis, kruop&scaron;\u010diai nuplaukite vandeniu. Laikyti [&#8230;]\n","protected":false},"featured_media":91546,"template":"","meta":[],"product_cat":[1251],"product_tag":[],"class_list":{"0":"post-47677","1":"product","2":"type-product","3":"status-publish","4":"has-post-thumbnail","6":"product_brand-unilever-ua-lt","7":"product_cat-sampunai","9":"first","10":"outofstock","11":"taxable","12":"shipping-taxable","13":"product-type-simple"},"_links":{"self":[{"href":"https:\/\/e.kosmolat.eu\/lt\/wp-json\/wp\/v2\/product\/47677","targetHints":{"allow":["GET"]}}],"collection":[{"href":"https:\/\/e.kosmolat.eu\/lt\/wp-json\/wp\/v2\/product"}],"about":[{"href":"https:\/\/e.kosmolat.eu\/lt\/wp-json\/wp\/v2\/types\/product"}],"wp:featuredmedia":[{"embeddable":true,"href":"https:\/\/e.kosmolat.eu\/lt\/wp-json\/wp\/v2\/media\/91546"}],"wp:attachment":[{"href":"https:\/\/e.kosmolat.eu\/lt\/wp-json\/wp\/v2\/media?parent=47677"}],"wp:term":[{"taxonomy":"product_cat","embeddable":true,"href":"https:\/\/e.kosmolat.eu\/lt\/wp-json\/wp\/v2\/product_cat?post=47677"},{"taxonomy":"product_tag","embeddable":true,"href":"https:\/\/e.kosmolat.eu\/lt\/wp-json\/wp\/v2\/product_tag?post=47677"}],"curies":[{"name":"wp","href":"https:\/\/api.w.org\/{rel}","templated":true}]}}