{"id":47653,"date":"2024-04-01T04:12:34","date_gmt":"2024-04-01T04:12:34","guid":{"rendered":"https:\/\/e.kosmolat.eu\/product\/tresemme-keratin-smooth-matu-kondicionieris-400-ml\/"},"modified":"2025-09-20T04:04:44","modified_gmt":"2025-09-20T04:04:44","slug":"tresemme-keratin-smooth-matu-kondicionieris-400-ml","status":"publish","type":"product","link":"https:\/\/e.kosmolat.eu\/lt\/produktas\/tresemme-keratin-smooth-matu-kondicionieris-400-ml\/","title":{"rendered":"TRESEMME Keratin Smooth Plauk\u0173 kondicionierius, 400 ml"},"content":{"rendered":"<p>Hidrolizuotas keratininis kondicionierius padeda pa&scaron;alinti per didel\u012f purum\u0105 , tod\u0117l plaukai tampa prabangiai glotn\u016bs ir \u017evilgantys iki 72 valand\u0173. TRESemme PRO Style Tech su amino r\u016bg&scaron;timis ir keramidais puikiai stiprina plaukus, tod\u0117l jie tampa paklusnesni.<\/p>\n<p><strong>Naudojimas:<\/strong>&nbsp;tolygiai paskirstykite kondicionieri\u0173 ant plauk\u0173 nuo vidurio iki galiuk\u0173. Palikite 2-3 minutes, tada nuplaukite &scaron;iltu vandeniu.<\/p>\n<p><strong>Atsargumo priemon\u0117s:<\/strong>&nbsp;vengti patekimo \u012f akis. Patekus \u012f akis, kruop&scaron;\u010diai nuplaukite vandeniu.<\/p>\n<p>Laikyti nuo +5 &deg;C iki +25 &deg;C temperat\u016broje.<br \/>\n&nbsp;<\/p>\n","protected":false},"excerpt":{"rendered":"<p>Hidrolizuotas keratininis kondicionierius padeda pa&scaron;alinti per didel\u012f purum\u0105 , tod\u0117l plaukai tampa prabangiai glotn\u016bs ir \u017evilgantys iki 72 valand\u0173. TRESemme PRO Style Tech su amino r\u016bg&scaron;timis ir keramidais puikiai stiprina plaukus, tod\u0117l jie tampa paklusnesni. Naudojimas:&nbsp;tolygiai paskirstykite kondicionieri\u0173 ant plauk\u0173 nuo vidurio iki galiuk\u0173. Palikite 2-3 minutes, tada nuplaukite &scaron;iltu vandeniu. Atsargumo priemon\u0117s:&nbsp;vengti patekimo \u012f [&#8230;]\n","protected":false},"featured_media":91534,"template":"","meta":[],"product_cat":[1640],"product_tag":[],"class_list":{"0":"post-47653","1":"product","2":"type-product","3":"status-publish","4":"has-post-thumbnail","6":"product_brand-unilever-ua-lt","7":"product_cat-balzamai","9":"first","10":"outofstock","11":"taxable","12":"shipping-taxable","13":"product-type-simple"},"_links":{"self":[{"href":"https:\/\/e.kosmolat.eu\/lt\/wp-json\/wp\/v2\/product\/47653","targetHints":{"allow":["GET"]}}],"collection":[{"href":"https:\/\/e.kosmolat.eu\/lt\/wp-json\/wp\/v2\/product"}],"about":[{"href":"https:\/\/e.kosmolat.eu\/lt\/wp-json\/wp\/v2\/types\/product"}],"wp:featuredmedia":[{"embeddable":true,"href":"https:\/\/e.kosmolat.eu\/lt\/wp-json\/wp\/v2\/media\/91534"}],"wp:attachment":[{"href":"https:\/\/e.kosmolat.eu\/lt\/wp-json\/wp\/v2\/media?parent=47653"}],"wp:term":[{"taxonomy":"product_cat","embeddable":true,"href":"https:\/\/e.kosmolat.eu\/lt\/wp-json\/wp\/v2\/product_cat?post=47653"},{"taxonomy":"product_tag","embeddable":true,"href":"https:\/\/e.kosmolat.eu\/lt\/wp-json\/wp\/v2\/product_tag?post=47653"}],"curies":[{"name":"wp","href":"https:\/\/api.w.org\/{rel}","templated":true}]}}