{"id":47597,"date":"2024-04-01T04:10:27","date_gmt":"2024-04-01T04:10:27","guid":{"rendered":"https:\/\/e.kosmolat.eu\/product\/herbs-intense-kaju-kr-intens-atjaunos-pret-nogur-ar-deo-efektu-140-g\/"},"modified":"2025-09-20T03:40:15","modified_gmt":"2025-09-20T03:40:15","slug":"herbs-intense-kaju-kr-intens-atjaunos-pret-nogur-ar-deo-efektu-140-g","status":"publish","type":"product","link":"https:\/\/e.kosmolat.eu\/lt\/produktas\/herbs-intense-kaju-kr-intens-atjaunos-pret-nogur-ar-deo-efektu-140-g\/","title":{"rendered":"BELKOSMEX Herbs Intense P\u0117d\u0173 kremas intensyviai atstatantis, prie\u0161 nuovarg\u012f su deo-efektu, 140 g"},"content":{"rendered":"<p>Aktyvi p\u0117d\u0173 kremo sud\u0117tis padeda suma\u017einti nuovarg\u012f ir gr\u0105\u017eina pavargusioms p\u0117doms komfort\u0105, lengvum\u0105 ir gaivum\u0105.<\/p>\n<ul>\n<li><strong>GLYCERIN <\/strong>(glicerinas) ir <strong>COCOS NUCIFERA OIL<\/strong> (kokos\u0173 aliejus) intensyviai dr\u0117kina, maitina ir mink&scaron;tina.<\/li>\n<li><strong>TALC<\/strong> (talkas) ir <strong>MENTHOL <\/strong>(mentolis) suteikia gaivinant\u012f poveik\u012f.<\/li>\n<li><strong>AESCULUS HIPPOCASTANUM EXTRACT<\/strong> (arklio ka&scaron;ton\u0173 ekstraktas) ir <strong>MELISSA OFFICINALIS LEAF EXTRACT<\/strong>&nbsp;(citrin\u0173 balzamo ekstraktas) tonizuoja ir ramina od\u0105.<\/li>\n<\/ul>\n<p><strong>Naudojimas: <\/strong>tepkite masa\u017eo judesiais ant &scaron;varios, sausos p\u0117d\u0173 ir koj\u0173 odos.<\/p>\n<p>Laikyti nuo +5 &deg;\u0421 iki +25 &deg;\u0421 temperat\u016broje, saugoti nuo tiesiogini\u0173 saul\u0117s spinduli\u0173.<\/p>\n<p><strong>Geriausias:<\/strong> 36 m\u0117nesiai nuo pagaminimo datos.<br \/>\n&nbsp;<\/p>\n","protected":false},"excerpt":{"rendered":"<p>Aktyvi p\u0117d\u0173 kremo sud\u0117tis padeda suma\u017einti nuovarg\u012f ir gr\u0105\u017eina pavargusioms p\u0117doms komfort\u0105, lengvum\u0105 ir gaivum\u0105. GLYCERIN (glicerinas) ir COCOS NUCIFERA OIL (kokos\u0173 aliejus) intensyviai dr\u0117kina, maitina ir mink&scaron;tina. TALC (talkas) ir MENTHOL (mentolis) suteikia gaivinant\u012f poveik\u012f. AESCULUS HIPPOCASTANUM EXTRACT (arklio ka&scaron;ton\u0173 ekstraktas) ir MELISSA OFFICINALIS LEAF EXTRACT&nbsp;(citrin\u0173 balzamo ekstraktas) tonizuoja ir ramina od\u0105. Naudojimas: tepkite [&#8230;]\n","protected":false},"featured_media":91130,"template":"","meta":[],"product_cat":[2181],"product_tag":[],"class_list":{"0":"post-47597","1":"product","2":"type-product","3":"status-publish","4":"has-post-thumbnail","6":"product_brand-belkosmex_by-lt","7":"product_cat-bez-kategorijas-lt","9":"first","10":"outofstock","11":"taxable","12":"shipping-taxable","13":"product-type-simple"},"_links":{"self":[{"href":"https:\/\/e.kosmolat.eu\/lt\/wp-json\/wp\/v2\/product\/47597","targetHints":{"allow":["GET"]}}],"collection":[{"href":"https:\/\/e.kosmolat.eu\/lt\/wp-json\/wp\/v2\/product"}],"about":[{"href":"https:\/\/e.kosmolat.eu\/lt\/wp-json\/wp\/v2\/types\/product"}],"wp:featuredmedia":[{"embeddable":true,"href":"https:\/\/e.kosmolat.eu\/lt\/wp-json\/wp\/v2\/media\/91130"}],"wp:attachment":[{"href":"https:\/\/e.kosmolat.eu\/lt\/wp-json\/wp\/v2\/media?parent=47597"}],"wp:term":[{"taxonomy":"product_cat","embeddable":true,"href":"https:\/\/e.kosmolat.eu\/lt\/wp-json\/wp\/v2\/product_cat?post=47597"},{"taxonomy":"product_tag","embeddable":true,"href":"https:\/\/e.kosmolat.eu\/lt\/wp-json\/wp\/v2\/product_tag?post=47597"}],"curies":[{"name":"wp","href":"https:\/\/api.w.org\/{rel}","templated":true}]}}