{"id":47589,"date":"2024-04-01T04:10:06","date_gmt":"2024-04-01T04:10:06","guid":{"rendered":"https:\/\/e.kosmolat.eu\/product\/ado-matu-sprejs-bez-silikoniem-10-in-1-150-g\/"},"modified":"2025-09-20T03:39:27","modified_gmt":"2025-09-20T03:39:27","slug":"ado-matu-sprejs-bez-silikoniem-10-in-1-150-g","status":"publish","type":"product","link":"https:\/\/e.kosmolat.eu\/lt\/produktas\/ado-matu-sprejs-bez-silikoniem-10-in-1-150-g\/","title":{"rendered":"BELKOSMEX Ado Plauk\u0173 lakas be silikon\u0173 10 in 1, 150 g"},"content":{"rendered":"<p>Veikliosios med\u017eiagos: medviln\u0117s s\u0117kl\u0173 aliejus, makadamij\u0173 aliejus, argano aliejus, pantenolis ir elastinas.<\/p>\n<p><strong>Daugiafunkcinis pritaikymas:<\/strong><\/p>\n<p>1. Pagerina &scaron;ukavim\u0105 ir neleid\u017eia susivelti<br \/>\n2. Suteikia &scaron;ilko efekt\u0105<br \/>\n3.U\u017esandarina plauk\u0173 galiukus<br \/>\n4. &Scaron;alina per didel\u012f purum\u0105<br \/>\n5. Suma\u017eina plauk\u0173 elektrinimas\u012f<br \/>\n6. Palengvina &scaron;ukavim\u0105<br \/>\n7. Prideda blizgesio<br \/>\n8. Apsaugo nuo kar&scaron;\u010dio \u017ealos, kuri\u0105 sukelia d\u017eiovinimas<br \/>\n9. Suteikia mobilumo ir &scaron;velnumo, ma\u017eina trapum\u0105<br \/>\n10. Neapsunkina<\/p>\n<p><strong>Naudojimas:<\/strong> sukratykite, purk&scaron;kite ant &scaron;vari\u0173, dr\u0117gn\u0173 plauk\u0173 15-20 cm atstumu, i&scaron;d\u017eiovinkite ir formuokite plauk\u0173 d\u017eiovintuvu.<\/p>\n<p>Laikyti nuo +5 &deg;\u0421 iki +25 &deg;\u0421 temperat\u016broje, saugoti nuo tiesiogini\u0173 saul\u0117s spinduli\u0173.<\/p>\n<p><strong>Geriausias: <\/strong>36 m\u0117nesiai nuo pagaminimo datos.<br \/>\n&nbsp;<\/p>\n","protected":false},"excerpt":{"rendered":"<p>Veikliosios med\u017eiagos: medviln\u0117s s\u0117kl\u0173 aliejus, makadamij\u0173 aliejus, argano aliejus, pantenolis ir elastinas. Daugiafunkcinis pritaikymas: 1. Pagerina &scaron;ukavim\u0105 ir neleid\u017eia susivelti 2. Suteikia &scaron;ilko efekt\u0105 3.U\u017esandarina plauk\u0173 galiukus 4. &Scaron;alina per didel\u012f purum\u0105 5. Suma\u017eina plauk\u0173 elektrinimas\u012f 6. Palengvina &scaron;ukavim\u0105 7. Prideda blizgesio 8. Apsaugo nuo kar&scaron;\u010dio \u017ealos, kuri\u0105 sukelia d\u017eiovinimas 9. Suteikia mobilumo ir &scaron;velnumo, [&#8230;]\n","protected":false},"featured_media":91118,"template":"","meta":[],"product_cat":[2181],"product_tag":[],"class_list":{"0":"post-47589","1":"product","2":"type-product","3":"status-publish","4":"has-post-thumbnail","6":"product_brand-belkosmex_by-lt","7":"product_cat-bez-kategorijas-lt","9":"first","10":"outofstock","11":"taxable","12":"shipping-taxable","13":"product-type-simple"},"_links":{"self":[{"href":"https:\/\/e.kosmolat.eu\/lt\/wp-json\/wp\/v2\/product\/47589","targetHints":{"allow":["GET"]}}],"collection":[{"href":"https:\/\/e.kosmolat.eu\/lt\/wp-json\/wp\/v2\/product"}],"about":[{"href":"https:\/\/e.kosmolat.eu\/lt\/wp-json\/wp\/v2\/types\/product"}],"wp:featuredmedia":[{"embeddable":true,"href":"https:\/\/e.kosmolat.eu\/lt\/wp-json\/wp\/v2\/media\/91118"}],"wp:attachment":[{"href":"https:\/\/e.kosmolat.eu\/lt\/wp-json\/wp\/v2\/media?parent=47589"}],"wp:term":[{"taxonomy":"product_cat","embeddable":true,"href":"https:\/\/e.kosmolat.eu\/lt\/wp-json\/wp\/v2\/product_cat?post=47589"},{"taxonomy":"product_tag","embeddable":true,"href":"https:\/\/e.kosmolat.eu\/lt\/wp-json\/wp\/v2\/product_tag?post=47589"}],"curies":[{"name":"wp","href":"https:\/\/api.w.org\/{rel}","templated":true}]}}