{"id":47553,"date":"2024-04-01T04:08:06","date_gmt":"2024-04-01T04:08:06","guid":{"rendered":"https:\/\/e.kosmolat.eu\/product\/i_brokats-putekli-3517\/"},"modified":"2026-04-01T06:28:55","modified_gmt":"2026-04-01T06:28:55","slug":"i_brokats-putekli-3517","status":"publish","type":"product","link":"https:\/\/e.kosmolat.eu\/lt\/produktas\/i_brokats-putekli-3517\/","title":{"rendered":"DONEGAL Nag\u0173 blizgis, 3517"},"content":{"rendered":"<p><strong>Naudojimas:<\/strong> U\u017etepkite vien\u0105 ar du sluoksnius nag\u0173 lako, tada u\u017etepkite nag\u0173 blizg\u012f &nbsp;ir \u0161velniai paspauskite. Nor\u0117dami gauti geriausius rezultatus, u\u017etepkite paskutin\u012f lako sluoksn\u012f.<\/p>\n","protected":false},"excerpt":{"rendered":"<p>Naudojimas: U\u017etepkite vien\u0105 ar du sluoksnius nag\u0173 lako, tada u\u017etepkite nag\u0173 blizg\u012f &nbsp;ir \u0161velniai paspauskite. Nor\u0117dami gauti geriausius rezultatus, u\u017etepkite paskutin\u012f lako sluoksn\u012f.<\/p>\n","protected":false},"featured_media":96553,"template":"","meta":[],"product_cat":[1998],"product_tag":[],"class_list":{"0":"post-47553","1":"product","2":"type-product","3":"status-publish","4":"has-post-thumbnail","6":"product_brand-donegal-sp-zo-o-_pl-lt","7":"product_cat-aksesuarai-nagams","9":"first","10":"outofstock","11":"taxable","12":"shipping-taxable","13":"product-type-simple"},"_links":{"self":[{"href":"https:\/\/e.kosmolat.eu\/lt\/wp-json\/wp\/v2\/product\/47553","targetHints":{"allow":["GET"]}}],"collection":[{"href":"https:\/\/e.kosmolat.eu\/lt\/wp-json\/wp\/v2\/product"}],"about":[{"href":"https:\/\/e.kosmolat.eu\/lt\/wp-json\/wp\/v2\/types\/product"}],"wp:featuredmedia":[{"embeddable":true,"href":"https:\/\/e.kosmolat.eu\/lt\/wp-json\/wp\/v2\/media\/96553"}],"wp:attachment":[{"href":"https:\/\/e.kosmolat.eu\/lt\/wp-json\/wp\/v2\/media?parent=47553"}],"wp:term":[{"taxonomy":"product_cat","embeddable":true,"href":"https:\/\/e.kosmolat.eu\/lt\/wp-json\/wp\/v2\/product_cat?post=47553"},{"taxonomy":"product_tag","embeddable":true,"href":"https:\/\/e.kosmolat.eu\/lt\/wp-json\/wp\/v2\/product_tag?post=47553"}],"curies":[{"name":"wp","href":"https:\/\/api.w.org\/{rel}","templated":true}]}}