{"id":47521,"date":"2024-04-01T04:06:51","date_gmt":"2024-04-01T04:06:51","guid":{"rendered":"https:\/\/e.kosmolat.eu\/product\/dilis-classic-collection-smarzas-ekstra-nr-28-30-ml\/"},"modified":"2025-05-19T05:14:17","modified_gmt":"2025-05-19T05:14:17","slug":"smarzu-ekstrakts-nr-28-dilis-classic-collection-30-ml","status":"publish","type":"product","link":"https:\/\/e.kosmolat.eu\/lt\/produktas\/smarzu-ekstrakts-nr-28-dilis-classic-collection-30-ml\/","title":{"rendered":"DILIS Classic Collection Ekstra grup\u0117s kvepalai Nr.28, 30 ml"},"content":{"rendered":"<p><strong>Vir&scaron;utin\u0117s natos:<\/strong> citrinos, m\u0117tos.<br \/>\n<strong>&Scaron;irdies natos:<\/strong> jazminai, ro\u017einiai pipirai, bij\u016bnai.<br \/>\n<strong>Pagrindin\u0117s natos: <\/strong>pranc\u016bzi&scaron;kas labdanumas, Vird\u017einijos kedrai, cukrus.<\/p>\n<p>Laikyti nuo +5 &deg;C iki +25 &deg;C temperat\u016broje. Nelaikyti kvepal\u0173 esant tiesioginiam saul\u0117s spinduli\u0173 poveikiui ir &scaron;alia &scaron;ildymo prietais\u0173.<\/p>\n<p><strong>Atsargumo priemon\u0117s:<\/strong>&nbsp;tik i&scaron;oriniam naudojimui. Vengti patekimo \u012f akis. Nepurk&scaron;kite &scaron;alia atviros liepsnos. &Scaron;io produkto naudojimas maistui yra pavojingas gyvybei ir sveikatai.<\/p>\n<p>Etilo alkoholio t\u016brin\u0117 dalis yra 80%.<br \/>\n&nbsp;<\/p>\n","protected":false},"excerpt":{"rendered":"<p>Vir&scaron;utin\u0117s natos: citrinos, m\u0117tos. &Scaron;irdies natos: jazminai, ro\u017einiai pipirai, bij\u016bnai. Pagrindin\u0117s natos: pranc\u016bzi&scaron;kas labdanumas, Vird\u017einijos kedrai, cukrus. Laikyti nuo +5 &deg;C iki +25 &deg;C temperat\u016broje. Nelaikyti kvepal\u0173 esant tiesioginiam saul\u0117s spinduli\u0173 poveikiui ir &scaron;alia &scaron;ildymo prietais\u0173. Atsargumo priemon\u0117s:&nbsp;tik i&scaron;oriniam naudojimui. Vengti patekimo \u012f akis. Nepurk&scaron;kite &scaron;alia atviros liepsnos. &Scaron;io produkto naudojimas maistui yra pavojingas gyvybei [&#8230;]\n","protected":false},"featured_media":47523,"template":"","meta":[],"product_cat":[1447],"product_tag":[],"class_list":{"0":"post-47521","1":"product","2":"type-product","3":"status-publish","4":"has-post-thumbnail","6":"product_brand-dilis-kosmetik_by-lt","7":"product_cat-kvepalai-ir-tualetinis-vanduo-moterims","9":"first","10":"outofstock","11":"taxable","12":"shipping-taxable","13":"product-type-simple"},"_links":{"self":[{"href":"https:\/\/e.kosmolat.eu\/lt\/wp-json\/wp\/v2\/product\/47521","targetHints":{"allow":["GET"]}}],"collection":[{"href":"https:\/\/e.kosmolat.eu\/lt\/wp-json\/wp\/v2\/product"}],"about":[{"href":"https:\/\/e.kosmolat.eu\/lt\/wp-json\/wp\/v2\/types\/product"}],"wp:featuredmedia":[{"embeddable":true,"href":"https:\/\/e.kosmolat.eu\/lt\/wp-json\/wp\/v2\/media\/47523"}],"wp:attachment":[{"href":"https:\/\/e.kosmolat.eu\/lt\/wp-json\/wp\/v2\/media?parent=47521"}],"wp:term":[{"taxonomy":"product_cat","embeddable":true,"href":"https:\/\/e.kosmolat.eu\/lt\/wp-json\/wp\/v2\/product_cat?post=47521"},{"taxonomy":"product_tag","embeddable":true,"href":"https:\/\/e.kosmolat.eu\/lt\/wp-json\/wp\/v2\/product_tag?post=47521"}],"curies":[{"name":"wp","href":"https:\/\/api.w.org\/{rel}","templated":true}]}}