{"id":47517,"date":"2024-04-01T04:06:31","date_gmt":"2024-04-01T04:06:31","guid":{"rendered":"https:\/\/e.kosmolat.eu\/product\/p-d-deguna-poru-attir-sloksnes-ogle-6-gab\/"},"modified":"2025-04-01T20:34:48","modified_gmt":"2025-04-01T20:34:48","slug":"p-d-deguna-poru-attir-sloksnes-ogle-6-gab","status":"publish","type":"product","link":"https:\/\/e.kosmolat.eu\/lt\/produktas\/p-d-deguna-poru-attir-sloksnes-ogle-6-gab\/","title":{"rendered":"PUREDERM Valomosios nosies juostel\u0117s Anglis, 6 vnt"},"content":{"rendered":"<p>Valan\u010dios nosies juostel\u0117s su med\u017eio anglimi yra vieno \u017eingsnio valymo proced\u016bra, specialiai sukurta poroms atkim\u0161ti ir ink\u0161tirams pa\u0161alinti. Juostel\u0117 pa\u0161alina poras kem\u0161an\u010dius ne\u0161varumus ir riebalus, tod\u0117l oda lieka \u0161vari ir lygi. Jau po pirmo panaudojimo pajusite reik\u0161ming\u0105 skirtum\u0105, o toliau naudojant nosies juosteles &nbsp;sutraukiamos odos poros, oda lieka gaivi.<\/p>\n<p><strong>Naudojimas: <\/strong>1. Kruop\u0161\u010diai nuplaukite veid\u0105. 2. Nusausinkite rankas, atidarykite pakuot\u0119 ir i\u0161imkite juostel\u0119 i\u0161 plastikinio \u012fd\u0117klo. 3. Kruop\u0161\u010diai su\u0161lapinkite nos\u012f vandeniu. Jei nosis n\u0117ra pakankamai dr\u0117gna, juostel\u0117 gali neprilipti ir tapti neveiksminga. 4. U\u017ed\u0117kite juostel\u0119 ant sudr\u0117kintos nosies vietos blizgia puse \u012f od\u0105. 5. Leiskite juostelei i\u0161d\u017ei\u016bti 10-15 minu\u010di\u0173. D\u017ei\u016bstant juostel\u0117 turi tapti standi. Priklausomai nuo oro dr\u0117gm\u0117s, klimato ar prakaito, palikite juostel\u0119 ant odos ilgesniam ar trumpesniam laikui. 6. Juostelei i\u0161d\u017ei\u016bvus, l\u0117tai ir atsargiai nulupkite j\u0105 nuo kra\u0161t\u0173 iki centro. Likusi\u0105 dal\u012f nuplaukite vandeniu.<\/p>\n<p><strong>Atsargumo priemon\u0117s: <\/strong>1. Nenaudokite ant spuog\u0173, saul\u0117je nudegusios ar sudirgusios odos. 2. Venkite naudoti ant odos, kuri yra jautri tvars\u010diams, pleistrams ar \u0161vei\u010diamoms kauk\u0117ms. 3. Naudokite tik ant nosies. Nenaudoti aplink akis! 4. Naudoti 1-2 kartus per savait\u0119 su 3 dien\u0173 intervalu tarp panaudojim\u0173. 5. Jei juostel\u0117 per stipriai prilimpa prie odos arba j\u0105 nuimti yra skausminga, kruop\u0161\u010diai sudr\u0117kinkite juostel\u0119, kol ji lengvai nuslys. 6. Tik i\u0161oriniam naudojimui. Saugoti nuo vaik\u0173.<br \/>\n&nbsp;<\/p>\n","protected":false},"excerpt":{"rendered":"<p>Valan\u010dios nosies juostel\u0117s su med\u017eio anglimi yra vieno \u017eingsnio valymo proced\u016bra, specialiai sukurta poroms atkim\u0161ti ir ink\u0161tirams pa\u0161alinti. Juostel\u0117 pa\u0161alina poras kem\u0161an\u010dius ne\u0161varumus ir riebalus, tod\u0117l oda lieka \u0161vari ir lygi. Jau po pirmo panaudojimo pajusite reik\u0161ming\u0105 skirtum\u0105, o toliau naudojant nosies juosteles &nbsp;sutraukiamos odos poros, oda lieka gaivi. Naudojimas: 1. Kruop\u0161\u010diai nuplaukite veid\u0105. 2. [&#8230;]\n","protected":false},"featured_media":12109,"template":"","meta":[],"product_cat":[1341],"product_tag":[],"class_list":{"0":"post-47517","1":"product","2":"type-product","3":"status-publish","4":"has-post-thumbnail","6":"product_brand-malina-akcija-lt","7":"product_cat-valomosios-kaukes","9":"first","10":"outofstock","11":"taxable","12":"shipping-taxable","13":"product-type-simple"},"_links":{"self":[{"href":"https:\/\/e.kosmolat.eu\/lt\/wp-json\/wp\/v2\/product\/47517","targetHints":{"allow":["GET"]}}],"collection":[{"href":"https:\/\/e.kosmolat.eu\/lt\/wp-json\/wp\/v2\/product"}],"about":[{"href":"https:\/\/e.kosmolat.eu\/lt\/wp-json\/wp\/v2\/types\/product"}],"wp:featuredmedia":[{"embeddable":true,"href":"https:\/\/e.kosmolat.eu\/lt\/wp-json\/wp\/v2\/media\/12109"}],"wp:attachment":[{"href":"https:\/\/e.kosmolat.eu\/lt\/wp-json\/wp\/v2\/media?parent=47517"}],"wp:term":[{"taxonomy":"product_cat","embeddable":true,"href":"https:\/\/e.kosmolat.eu\/lt\/wp-json\/wp\/v2\/product_cat?post=47517"},{"taxonomy":"product_tag","embeddable":true,"href":"https:\/\/e.kosmolat.eu\/lt\/wp-json\/wp\/v2\/product_tag?post=47517"}],"curies":[{"name":"wp","href":"https:\/\/api.w.org\/{rel}","templated":true}]}}