{"id":47505,"date":"2024-04-01T04:06:03","date_gmt":"2024-04-01T04:06:03","guid":{"rendered":"https:\/\/e.kosmolat.eu\/product\/putzi-erdbeere-zobu-pasta-50ml\/"},"modified":"2025-09-19T22:48:15","modified_gmt":"2025-09-19T22:48:15","slug":"putzi-erdbeere-zobu-pasta-50ml","status":"publish","type":"product","link":"https:\/\/e.kosmolat.eu\/lt\/produktas\/putzi-erdbeere-zobu-pasta-50ml\/","title":{"rendered":"Putzi Dant\u0173 pasta bra\u0161ki\u0173 skonio, 50 ml"},"content":{"rendered":"<p>Putzi skirtas pradedantiesiems valytis dantis iki pat mokyklos prad\u017eios.<br \/>\n&Scaron;ios dant\u0173 pastos, sukurtos atsi\u017evelgiant \u012f gle\u017enas vaik\u0173 gleivines, sud\u0117tyje yra \u0161velniai putojan\u010dios med\u017eiagos ir joje n\u0117ra ingredient\u0173, kurie gal\u0117t\u0173 b\u016bti kenksmingi prarijus. D\u0117l \u0161ios prie\u017easties pastoje &nbsp;taip pat yra tik rekomenduojamas minimalus fluoro kiekis (1000 ppm).<br \/>\nNaudojimas: Vaikams iki 2 met\u0173: I\u0161dygus pirmam dantukui, naudokite ry\u017eio gr\u016bdo dyd\u017eio kiek\u012f du kartus per dien\u0105.<br \/>\nDvej\u0173 met\u0173 ir vyresni vaikai: naudokite \u017eirnio dyd\u017eio kiek\u012f du kartus per dien\u0105 kontroliuojant valym\u0105 \u0161epet\u0117liu, kad ma\u017eiau nuryt\u0173.<br \/>\n&nbsp;<\/p>\n","protected":false},"excerpt":{"rendered":"<p>Putzi skirtas pradedantiesiems valytis dantis iki pat mokyklos prad\u017eios. &Scaron;ios dant\u0173 pastos, sukurtos atsi\u017evelgiant \u012f gle\u017enas vaik\u0173 gleivines, sud\u0117tyje yra \u0161velniai putojan\u010dios med\u017eiagos ir joje n\u0117ra ingredient\u0173, kurie gal\u0117t\u0173 b\u016bti kenksmingi prarijus. D\u0117l \u0161ios prie\u017easties pastoje &nbsp;taip pat yra tik rekomenduojamas minimalus fluoro kiekis (1000 ppm). Naudojimas: Vaikams iki 2 met\u0173: I\u0161dygus pirmam dantukui, naudokite [&#8230;]\n","protected":false},"featured_media":86458,"template":"","meta":[],"product_cat":[1337],"product_tag":[],"class_list":{"0":"post-47505","1":"product","2":"type-product","3":"status-publish","4":"has-post-thumbnail","6":"product_brand-dental_de-lt","7":"product_cat-burnos-higiena","9":"first","10":"outofstock","11":"taxable","12":"shipping-taxable","13":"product-type-simple"},"_links":{"self":[{"href":"https:\/\/e.kosmolat.eu\/lt\/wp-json\/wp\/v2\/product\/47505","targetHints":{"allow":["GET"]}}],"collection":[{"href":"https:\/\/e.kosmolat.eu\/lt\/wp-json\/wp\/v2\/product"}],"about":[{"href":"https:\/\/e.kosmolat.eu\/lt\/wp-json\/wp\/v2\/types\/product"}],"wp:featuredmedia":[{"embeddable":true,"href":"https:\/\/e.kosmolat.eu\/lt\/wp-json\/wp\/v2\/media\/86458"}],"wp:attachment":[{"href":"https:\/\/e.kosmolat.eu\/lt\/wp-json\/wp\/v2\/media?parent=47505"}],"wp:term":[{"taxonomy":"product_cat","embeddable":true,"href":"https:\/\/e.kosmolat.eu\/lt\/wp-json\/wp\/v2\/product_cat?post=47505"},{"taxonomy":"product_tag","embeddable":true,"href":"https:\/\/e.kosmolat.eu\/lt\/wp-json\/wp\/v2\/product_tag?post=47505"}],"curies":[{"name":"wp","href":"https:\/\/api.w.org\/{rel}","templated":true}]}}