{"id":47481,"date":"2024-04-01T04:05:20","date_gmt":"2024-04-01T04:05:20","guid":{"rendered":"https:\/\/e.kosmolat.eu\/product\/i_dd-eteriska-ella-melisa-10-ml\/"},"modified":"2025-09-15T11:12:54","modified_gmt":"2025-09-15T11:12:54","slug":"i_dd-eteriska-ella-melisa-10-ml","status":"publish","type":"product","link":"https:\/\/e.kosmolat.eu\/lt\/produktas\/i_dd-eteriska-ella-melisa-10-ml\/","title":{"rendered":"I_DOMA\u0160NIJ DOKTOR Eterinis aliejus Melisa, 10 ml"},"content":{"rendered":"<p>100% nat\u016bralus, efektyvus<br \/>\nAromatas \u0161altas, kartus, gaivus. Naudojimas: riebios, \u012f spuogus linkusios odos ir riebi\u0173 plauk\u0173 prie\u017ei\u016brai.Esant m\u0117lyn\u0117ms ir sumu\u0161imams. Veiksmingas kaip tonikas; su stresu ir nemiga &ndash; kaip raminamoji priemon\u0117<\/p>\n<p>Naudojimas: aromaterapijai ir kosmetikos praturtinimui.<br \/>\nDaugiau informacijos rasite instrukcijose.<\/p>\n<p><strong>Atsargumo priemon\u0117s:<\/strong> i\u0161oriniam naudojimui.&nbsp;Patekus \u012f akis, praplauti dideliu kiekiu vandens ir kreiptis \u012f gydytoj\u0105.&nbsp;Galimas padid\u0117j\u0119s individualus jautrumas agentui. Vadovaukit\u0117s naudojimo instrukcijomis<\/p>\n<p><strong>Instrukcija:<\/strong><br \/>\nMelis\u0173 eterinis aliejus gaunamas i\u0161 \u017eydin\u010di\u0173 vir\u0161\u016bni\u0173 ir lap\u0173 distiliuojant garais.<br \/>\nAliejus yra \u0161alto, kartoko, gaivaus aromato.<\/p>\n<p><strong>Naudojimas:<\/strong> riebios, \u012f spuogus linkusios odos ir riebi\u0173 plauk\u0173 prie\u017ei\u016brai. D\u0117l m\u0117lyni\u0173 ir m\u0117lyni\u0173. Veiksmingas kaip tonikas; su stresu ir nemiga &ndash; kaip raminamoji priemon\u0117<br \/>\nNaudojimas: aromaterapijai ir kosmetikos praturtinimui.<br \/>\nEterinis aliejus naudojamas skied\u017eiamas bet kokia baze &ndash; medumi, grietine, grietin\u0117le, i\u0161r\u016bgomis, pienu, j\u016bros ar stalo druska, baziniu aliejumi, vandeniu, skystu muilu, geliu ir kt.<\/p>\n<p><strong>Dozavimas:<\/strong><br \/>\n* aromatin\u0117s lempos &#8211; 3-5 la\u0161ai<br \/>\n* vonel\u0117s &ndash; 4-5 la\u0161ai bazinio aliejaus<br \/>\n* masa\u017eas &ndash; 3-4 la\u0161ai 10 g bazinio aliejaus<br \/>\n* Kosmetikos praturtinimas &#8211; 2-4 la\u0161ai 5 ml pagrindo<br \/>\n* aromatiniai medalionai &ndash; 2-3 la\u0161ai<\/p>\n<p><strong>Eterini\u0173 aliej\u0173 naudojimo taisykl\u0117s<\/strong><br \/>\n1. Nenaudoti vaikams iki 6 met\u0173<br \/>\n2. Tik i\u0161oriniam naudojimui.<br \/>\n3. Netepkite ant gleivini\u0173 neskiesto eterinio aliejaus<br \/>\n4. Jei eterinio aliejaus pateko \u012f akis, nuplaukite jas \u0161iltu virintu vandeniu<br \/>\n5. Laikyti vaikams nepasiekiamoje vietoje&nbsp;<br \/>\n6. Naudokite tik leistinomis koncentracijomis<br \/>\n7. Po naudojimo buteliuk\u0105 atsargiai u\u017edarykite<br \/>\n8. Eterin\u012f aliej\u0173 reikia laikyti tamsioje, v\u0117sioje vietoje.<\/p>\n<p>Nerekomenduojama vartoti esant padid\u0117jusiam kraujo kre\u0161umui, tromboflebitui, poinfarktin\u0117ms b\u016bkl\u0117ms, pirmaisiais n\u0117\u0161tumo m\u0117nesiais, sergant onkologin\u0117mis ligomis ir mastopatija.<br \/>\nGalimas padid\u0117j\u0119s individualus jautrumas atskiriems komponentams.<br \/>\n&nbsp;<\/p>\n","protected":false},"excerpt":{"rendered":"<p>100% nat\u016bralus, efektyvus Aromatas \u0161altas, kartus, gaivus. Naudojimas: riebios, \u012f spuogus linkusios odos ir riebi\u0173 plauk\u0173 prie\u017ei\u016brai.Esant m\u0117lyn\u0117ms ir sumu\u0161imams. Veiksmingas kaip tonikas; su stresu ir nemiga &ndash; kaip raminamoji priemon\u0117 Naudojimas: aromaterapijai ir kosmetikos praturtinimui. Daugiau informacijos rasite instrukcijose. Atsargumo priemon\u0117s: i\u0161oriniam naudojimui.&nbsp;Patekus \u012f akis, praplauti dideliu kiekiu vandens ir kreiptis \u012f gydytoj\u0105.&nbsp;Galimas padid\u0117j\u0119s [&#8230;]\n","protected":false},"featured_media":0,"template":"","meta":[],"product_cat":[1621],"product_tag":[],"class_list":{"0":"post-47481","1":"product","2":"type-product","3":"status-publish","5":"product_brand-elfa_ua-lt","6":"product_cat-aliejai","8":"first","9":"outofstock","10":"taxable","11":"shipping-taxable","12":"product-type-simple"},"_links":{"self":[{"href":"https:\/\/e.kosmolat.eu\/lt\/wp-json\/wp\/v2\/product\/47481","targetHints":{"allow":["GET"]}}],"collection":[{"href":"https:\/\/e.kosmolat.eu\/lt\/wp-json\/wp\/v2\/product"}],"about":[{"href":"https:\/\/e.kosmolat.eu\/lt\/wp-json\/wp\/v2\/types\/product"}],"wp:attachment":[{"href":"https:\/\/e.kosmolat.eu\/lt\/wp-json\/wp\/v2\/media?parent=47481"}],"wp:term":[{"taxonomy":"product_cat","embeddable":true,"href":"https:\/\/e.kosmolat.eu\/lt\/wp-json\/wp\/v2\/product_cat?post=47481"},{"taxonomy":"product_tag","embeddable":true,"href":"https:\/\/e.kosmolat.eu\/lt\/wp-json\/wp\/v2\/product_tag?post=47481"}],"curies":[{"name":"wp","href":"https:\/\/api.w.org\/{rel}","templated":true}]}}