{"id":47473,"date":"2024-04-01T04:04:38","date_gmt":"2024-04-01T04:04:38","guid":{"rendered":"https:\/\/e.kosmolat.eu\/product\/i_dd-eteriska-ella-citronu-10-ml\/"},"modified":"2025-07-08T14:43:54","modified_gmt":"2025-07-08T14:43:54","slug":"i_dd-eteriska-ella-citronu-10-ml","status":"publish","type":"product","link":"https:\/\/e.kosmolat.eu\/lt\/produktas\/i_dd-eteriska-ella-citronu-10-ml\/","title":{"rendered":"I_DOMA\u0160NIJ DOKTOR Eterinis alijus Citrina, 10 ml"},"content":{"rendered":"<p>100% nat\u016bralus, efektyvus Aromatas \u0161altas, gaivus, kartus.<\/p>\n<p><strong>Naudojimas: <\/strong>riebiai, probleminei odai, strazdanoms, am\u017eiaus d\u0117m\u0117ms, i\u0161sipl\u0117tusioms poroms gydyti. Plauk\u0173 stiprinimui, pleiskan\u0173 profilaktikai. Jis turi tonizuojan\u010di\u0173, balinan\u010di\u0173, antioksidacini\u0173 savybi\u0173. Naudinga esant nuovargiui.<\/p>\n<p><strong>Naudojimas:<\/strong> aromaterapijai ir kosmetikos praturtinimui. Daugiau informacijos rasite instrukcijose.<\/p>\n<p><strong>Atsargumo priemon\u0117s:<\/strong> i\u0161oriniam naudojimui. Patekus \u012f akis, praplauti dideliu kiekiu vandens ir kreiptis \u012f gydytoj\u0105. Galimas padid\u0117j\u0119s individualus jautrumas produktui. Vadovaukit\u0117s naudojimo instrukcijomis.<\/p>\n<p><strong>Instrukcija:<\/strong><br \/>\nCitrin\u0173 eterinis aliejus gaunamas i\u0161 vaisiaus \u017eievel\u0117s \u0161alto spaudimo b\u016bdu.<br \/>\nAliejus yra \u0161alto, gaivaus, kartoko aromato.<\/p>\n<p><strong>Naudojimas:<\/strong> riebiai, probleminei odai, strazdanoms, am\u017eiaus d\u0117m\u0117ms, i\u0161sipl\u0117tusioms poroms gydyti. Plauk\u0173 ir pleiskan\u0173 stiprinimui. Jis turi tonizuojan\u010di\u0173, balinan\u010di\u0173, antioksidacini\u0173 savybi\u0173. Naudinga esant nuovargiui.<\/p>\n<p><strong>Naudojimas:<\/strong> aromaterapijai ir kosmetikos praturtinimui<br \/>\nEterinis aliejus naudojamas skied\u017eiamas bet kokia baze &ndash; medumi, grietine, grietin\u0117le, i\u0161r\u016bgomis, pienu, j\u016bros ar stalo druska, baziniu aliejumi, vandeniu, skystu muilu, geliu ir kt.<\/p>\n<p><strong>Dozavimas:<\/strong><br \/>\n* aromatin\u0117s lempos &#8211; 5-7 la\u0161ai<br \/>\n* vonel\u0117s &ndash; 4-7 la\u0161ai&nbsp;bazinis aliejus<br \/>\n* masa\u017eas &#8211; 4-7 la\u0161ai 10 g bazinis aliejus<br \/>\n* Kosmetikos praturtinimas &#8211; 2-3 la\u0161ai 5 ml pagrindo<br \/>\n* aromatiniai medalionai &#8211; 2-3 la\u0161ai<\/p>\n<p><strong>Eterini\u0173 aliej\u0173 naudojimo taisykl\u0117s<\/strong><br \/>\n1. Nenaudoti vaikams iki 6 met\u0173<br \/>\n2. Tik i\u0161oriniam naudojimui.<br \/>\n3. Netepkite ant gleivini\u0173 neskiesto eterinio aliejaus<br \/>\n4. Jei eterinio aliejaus pateko \u012f akis, nuplaukite jas \u0161iltu virintu vandeniu<br \/>\n5. Laikyti vaikams nepasiekiamoje vietoje&nbsp;<br \/>\n6. Naudokite tik leistinomis koncentracijomis<br \/>\n7. Po naudojimo buteliuk\u0105 atsargiai u\u017edarykite<br \/>\n8. Eterin\u012f aliej\u0173 reikia laikyti tamsioje, v\u0117sioje vietoje.<\/p>\n<p>Nerekomenduojama vartoti esant padid\u0117jusiam kraujo kre\u0161umui, tromboflebitui, poinfarktin\u0117ms b\u016bkl\u0117ms, pirmaisiais n\u0117\u0161tumo m\u0117nesiais, sergant onkologin\u0117mis ligomis ir mastopatija.<br \/>\nGalimas padid\u0117j\u0119s individualus jautrumas atskiriems komponentams.<br \/>\n&nbsp;<\/p>\n","protected":false},"excerpt":{"rendered":"<p>100% nat\u016bralus, efektyvus Aromatas \u0161altas, gaivus, kartus. Naudojimas: riebiai, probleminei odai, strazdanoms, am\u017eiaus d\u0117m\u0117ms, i\u0161sipl\u0117tusioms poroms gydyti. Plauk\u0173 stiprinimui, pleiskan\u0173 profilaktikai. Jis turi tonizuojan\u010di\u0173, balinan\u010di\u0173, antioksidacini\u0173 savybi\u0173. Naudinga esant nuovargiui. Naudojimas: aromaterapijai ir kosmetikos praturtinimui. Daugiau informacijos rasite instrukcijose. Atsargumo priemon\u0117s: i\u0161oriniam naudojimui. Patekus \u012f akis, praplauti dideliu kiekiu vandens ir kreiptis \u012f gydytoj\u0105. Galimas [&#8230;]\n","protected":false},"featured_media":47475,"template":"","meta":[],"product_cat":[1621],"product_tag":[],"class_list":{"0":"post-47473","1":"product","2":"type-product","3":"status-publish","4":"has-post-thumbnail","6":"product_brand-elfa_ua-lt","7":"product_cat-aliejai","9":"first","10":"outofstock","11":"taxable","12":"shipping-taxable","13":"product-type-simple"},"_links":{"self":[{"href":"https:\/\/e.kosmolat.eu\/lt\/wp-json\/wp\/v2\/product\/47473","targetHints":{"allow":["GET"]}}],"collection":[{"href":"https:\/\/e.kosmolat.eu\/lt\/wp-json\/wp\/v2\/product"}],"about":[{"href":"https:\/\/e.kosmolat.eu\/lt\/wp-json\/wp\/v2\/types\/product"}],"wp:featuredmedia":[{"embeddable":true,"href":"https:\/\/e.kosmolat.eu\/lt\/wp-json\/wp\/v2\/media\/47475"}],"wp:attachment":[{"href":"https:\/\/e.kosmolat.eu\/lt\/wp-json\/wp\/v2\/media?parent=47473"}],"wp:term":[{"taxonomy":"product_cat","embeddable":true,"href":"https:\/\/e.kosmolat.eu\/lt\/wp-json\/wp\/v2\/product_cat?post=47473"},{"taxonomy":"product_tag","embeddable":true,"href":"https:\/\/e.kosmolat.eu\/lt\/wp-json\/wp\/v2\/product_tag?post=47473"}],"curies":[{"name":"wp","href":"https:\/\/api.w.org\/{rel}","templated":true}]}}