{"id":47318,"date":"2024-03-11T08:52:23","date_gmt":"2024-03-11T08:52:23","guid":{"rendered":"https:\/\/e.kosmolat.eu\/product\/smarzas-mystere-16-ml\/"},"modified":"2025-09-19T15:21:04","modified_gmt":"2025-09-19T15:21:04","slug":"smarzas-mystere-16-ml","status":"publish","type":"product","link":"https:\/\/e.kosmolat.eu\/lt\/produktas\/smarzas-mystere-16-ml\/","title":{"rendered":"&#8220;Mystere&#8221; Moteri\u0161ki kvepalai 16ml"},"content":{"rendered":"<p><\/p>\n<p>Vir\u0161utin\u0117s natos: na\u0161lai\u010di\u0173 lapai. <\/p>\n<p>Vidurin\u0117s natos: ro\u017e\u0117s, pa\u010diuliai, kalendra. <\/p>\n<p>Pagrindin\u0117s natos: ambra, med\u017eio samanos.\n<\/p>\n<p>D\u0116MESIO! Produkcijos naudojimas maistui yra pavojingas J\u016bs\u0173 sveikatai.<\/p>\n","protected":false},"excerpt":{"rendered":"<p>Vir\u0161utin\u0117s natos: na\u0161lai\u010di\u0173 lapai. Vidurin\u0117s natos: ro\u017e\u0117s, pa\u010diuliai, kalendra. Pagrindin\u0117s natos: ambra, med\u017eio samanos. D\u0116MESIO! Produkcijos naudojimas maistui yra pavojingas J\u016bs\u0173 sveikatai.<\/p>\n","protected":false},"featured_media":78662,"template":"","meta":[],"product_cat":[1447],"product_tag":[],"class_list":{"0":"post-47318","1":"product","2":"type-product","3":"status-publish","4":"has-post-thumbnail","6":"product_brand-malina-akcija-lt","7":"product_cat-kvepalai-ir-tualetinis-vanduo-moterims","9":"first","10":"outofstock","11":"taxable","12":"shipping-taxable","13":"product-type-simple"},"_links":{"self":[{"href":"https:\/\/e.kosmolat.eu\/lt\/wp-json\/wp\/v2\/product\/47318","targetHints":{"allow":["GET"]}}],"collection":[{"href":"https:\/\/e.kosmolat.eu\/lt\/wp-json\/wp\/v2\/product"}],"about":[{"href":"https:\/\/e.kosmolat.eu\/lt\/wp-json\/wp\/v2\/types\/product"}],"wp:featuredmedia":[{"embeddable":true,"href":"https:\/\/e.kosmolat.eu\/lt\/wp-json\/wp\/v2\/media\/78662"}],"wp:attachment":[{"href":"https:\/\/e.kosmolat.eu\/lt\/wp-json\/wp\/v2\/media?parent=47318"}],"wp:term":[{"taxonomy":"product_cat","embeddable":true,"href":"https:\/\/e.kosmolat.eu\/lt\/wp-json\/wp\/v2\/product_cat?post=47318"},{"taxonomy":"product_tag","embeddable":true,"href":"https:\/\/e.kosmolat.eu\/lt\/wp-json\/wp\/v2\/product_tag?post=47318"}],"curies":[{"name":"wp","href":"https:\/\/api.w.org\/{rel}","templated":true}]}}