{"id":47278,"date":"2024-03-11T08:50:52","date_gmt":"2024-03-11T08:50:52","guid":{"rendered":"https:\/\/e.kosmolat.eu\/product\/the-doctor-hc-hyaluron-power-sejas-serums-30-ml\/"},"modified":"2025-09-20T03:58:06","modified_gmt":"2025-09-20T03:58:06","slug":"the-doctor-hc-hyaluron-power-sejas-serums-30-ml","status":"publish","type":"product","link":"https:\/\/e.kosmolat.eu\/lt\/produktas\/the-doctor-hc-hyaluron-power-sejas-serums-30-ml\/","title":{"rendered":"THE DOCTOR HEALTH &#038; CARE Hyaluron Power Veido serumas, 30 ml"},"content":{"rendered":"<p>Dr\u0117kinanti formul\u0117. R\u016bpinasi i&scaron;saus\u0117jusia oda su sen\u0117jimo po\u017eymiais.<\/p>\n<p><strong>Naudojimo instrukcijos: <\/strong>nedidel\u012f kiek\u012f serumo u\u017etepkite ant veido. Naudokite 2 kartus per dien\u0105.<\/p>\n<p><strong>Atsargumo priemon\u0117s: <\/strong>galimas padid\u0117j\u0119s individualus jautrumas atskiriems komponentams.<\/p>\n<p>Laikyti nuo +5 &deg;C iki +25 &deg;C temperat\u016broje.<br \/>\n&nbsp;<\/p>\n","protected":false},"excerpt":{"rendered":"<p>Dr\u0117kinanti formul\u0117. R\u016bpinasi i&scaron;saus\u0117jusia oda su sen\u0117jimo po\u017eymiais. Naudojimo instrukcijos: nedidel\u012f kiek\u012f serumo u\u017etepkite ant veido. Naudokite 2 kartus per dien\u0105. Atsargumo priemon\u0117s: galimas padid\u0117j\u0119s individualus jautrumas atskiriems komponentams. Laikyti nuo +5 &deg;C iki +25 &deg;C temperat\u016broje. &nbsp;<\/p>\n","protected":false},"featured_media":91418,"template":"","meta":[],"product_cat":[1327],"product_tag":[],"class_list":{"0":"post-47278","1":"product","2":"type-product","3":"status-publish","4":"has-post-thumbnail","6":"product_brand-elfa_ua-lt","7":"product_cat-serumai","9":"first","10":"outofstock","11":"taxable","12":"shipping-taxable","13":"product-type-simple"},"_links":{"self":[{"href":"https:\/\/e.kosmolat.eu\/lt\/wp-json\/wp\/v2\/product\/47278","targetHints":{"allow":["GET"]}}],"collection":[{"href":"https:\/\/e.kosmolat.eu\/lt\/wp-json\/wp\/v2\/product"}],"about":[{"href":"https:\/\/e.kosmolat.eu\/lt\/wp-json\/wp\/v2\/types\/product"}],"wp:featuredmedia":[{"embeddable":true,"href":"https:\/\/e.kosmolat.eu\/lt\/wp-json\/wp\/v2\/media\/91418"}],"wp:attachment":[{"href":"https:\/\/e.kosmolat.eu\/lt\/wp-json\/wp\/v2\/media?parent=47278"}],"wp:term":[{"taxonomy":"product_cat","embeddable":true,"href":"https:\/\/e.kosmolat.eu\/lt\/wp-json\/wp\/v2\/product_cat?post=47278"},{"taxonomy":"product_tag","embeddable":true,"href":"https:\/\/e.kosmolat.eu\/lt\/wp-json\/wp\/v2\/product_tag?post=47278"}],"curies":[{"name":"wp","href":"https:\/\/api.w.org\/{rel}","templated":true}]}}