{"id":47270,"date":"2024-03-11T08:50:35","date_gmt":"2024-03-11T08:50:35","guid":{"rendered":"https:\/\/e.kosmolat.eu\/product\/the-doctor-hc-bakuchiol-ceramides-sejas-serums-30-ml\/"},"modified":"2026-02-11T12:25:18","modified_gmt":"2026-02-11T12:25:18","slug":"i_the-doctor-hc-bakuchiol-ceramides-sejas-serums-30-ml","status":"publish","type":"product","link":"https:\/\/e.kosmolat.eu\/lt\/produktas\/i_the-doctor-hc-bakuchiol-ceramides-sejas-serums-30-ml\/","title":{"rendered":"THE DOCTOR HEALTH &#038; CARE Bakuchiol + Ceramides Veido serumas, 30 ml"},"content":{"rendered":"<p>Jauninimas &nbsp;ir dr\u0117kinimas. Padeda apsaugoti od\u0105 nuo sen\u0117jimo proces\u0173.<\/p>\n<p><strong>Naudojimo instrukcijos: <\/strong>nedidel\u012f kiek\u012f serumo u\u017etepkite ant veido. Naudokite 2 kartus per dien\u0105.<\/p>\n<p><strong>Atsargumo priemon\u0117s: <\/strong>galimas padid\u0117j\u0119s individualus jautrumas atskiriems komponentams.<\/p>\n<p>Laikyti nuo +5 &deg;C iki +25 &deg;C temperat\u016broje.<br \/>\n&nbsp;<\/p>\n","protected":false},"excerpt":{"rendered":"<p>Jauninimas &nbsp;ir dr\u0117kinimas. Padeda apsaugoti od\u0105 nuo sen\u0117jimo proces\u0173. Naudojimo instrukcijos: nedidel\u012f kiek\u012f serumo u\u017etepkite ant veido. Naudokite 2 kartus per dien\u0105. Atsargumo priemon\u0117s: galimas padid\u0117j\u0119s individualus jautrumas atskiriems komponentams. Laikyti nuo +5 &deg;C iki +25 &deg;C temperat\u016broje. &nbsp;<\/p>\n","protected":false},"featured_media":91414,"template":"","meta":[],"product_cat":[1327],"product_tag":[],"class_list":{"0":"post-47270","1":"product","2":"type-product","3":"status-publish","4":"has-post-thumbnail","6":"product_brand-elfa_ua-lt","7":"product_cat-serumai","9":"first","10":"outofstock","11":"taxable","12":"shipping-taxable","13":"product-type-simple"},"_links":{"self":[{"href":"https:\/\/e.kosmolat.eu\/lt\/wp-json\/wp\/v2\/product\/47270","targetHints":{"allow":["GET"]}}],"collection":[{"href":"https:\/\/e.kosmolat.eu\/lt\/wp-json\/wp\/v2\/product"}],"about":[{"href":"https:\/\/e.kosmolat.eu\/lt\/wp-json\/wp\/v2\/types\/product"}],"wp:featuredmedia":[{"embeddable":true,"href":"https:\/\/e.kosmolat.eu\/lt\/wp-json\/wp\/v2\/media\/91414"}],"wp:attachment":[{"href":"https:\/\/e.kosmolat.eu\/lt\/wp-json\/wp\/v2\/media?parent=47270"}],"wp:term":[{"taxonomy":"product_cat","embeddable":true,"href":"https:\/\/e.kosmolat.eu\/lt\/wp-json\/wp\/v2\/product_cat?post=47270"},{"taxonomy":"product_tag","embeddable":true,"href":"https:\/\/e.kosmolat.eu\/lt\/wp-json\/wp\/v2\/product_tag?post=47270"}],"curies":[{"name":"wp","href":"https:\/\/api.w.org\/{rel}","templated":true}]}}