{"id":47230,"date":"2024-03-11T08:49:08","date_gmt":"2024-03-11T08:49:08","guid":{"rendered":"https:\/\/e.kosmolat.eu\/product\/the-doctor-hc-3in1-hyaluron-power-sejas-krems-40-ml\/"},"modified":"2026-04-17T13:49:41","modified_gmt":"2026-04-17T13:49:41","slug":"the-doctor-hc-3in1-hyaluron-power-sejas-krems-40-ml","status":"publish","type":"product","link":"https:\/\/e.kosmolat.eu\/lt\/produktas\/the-doctor-hc-3in1-hyaluron-power-sejas-krems-40-ml\/","title":{"rendered":"THE DOCTOR HEALTH &#038; CARE 3 in 1 Hyaluron Power Veido kremas, 40 ml"},"content":{"rendered":"<p>Dr\u0117kinanti formul\u0117. Dieninis kremas, naktinis kremas, paaki\u0173 kremas.<\/p>\n<p><strong>Naudojimo instrukcijos: <\/strong>nedidel\u012f kiek\u012f kremo u\u017etepkite ant veido ir paaki\u0173. Naudokite 2 kartus per dien\u0105.<\/p>\n<p><strong>Atsargumo priemon\u0117s:<\/strong> galimas padid\u0117j\u0119s individualus jautrumas atskiriems komponentams.<\/p>\n<p>Laikyti nuo +5 &deg;C iki +25 &deg;C temperat\u016broje.<br \/>\n&nbsp;<\/p>\n","protected":false},"excerpt":{"rendered":"<p>Dr\u0117kinanti formul\u0117. Dieninis kremas, naktinis kremas, paaki\u0173 kremas. Naudojimo instrukcijos: nedidel\u012f kiek\u012f kremo u\u017etepkite ant veido ir paaki\u0173. Naudokite 2 kartus per dien\u0105. Atsargumo priemon\u0117s: galimas padid\u0117j\u0119s individualus jautrumas atskiriems komponentams. Laikyti nuo +5 &deg;C iki +25 &deg;C temperat\u016broje. &nbsp;<\/p>\n","protected":false},"featured_media":91394,"template":"","meta":[],"product_cat":[1590],"product_tag":[],"class_list":{"0":"post-47230","1":"product","2":"type-product","3":"status-publish","4":"has-post-thumbnail","6":"product_brand-elfa_ua-lt","7":"product_cat-paakiu-kremai","9":"first","10":"instock","11":"taxable","12":"shipping-taxable","13":"product-type-simple"},"_links":{"self":[{"href":"https:\/\/e.kosmolat.eu\/lt\/wp-json\/wp\/v2\/product\/47230","targetHints":{"allow":["GET"]}}],"collection":[{"href":"https:\/\/e.kosmolat.eu\/lt\/wp-json\/wp\/v2\/product"}],"about":[{"href":"https:\/\/e.kosmolat.eu\/lt\/wp-json\/wp\/v2\/types\/product"}],"wp:featuredmedia":[{"embeddable":true,"href":"https:\/\/e.kosmolat.eu\/lt\/wp-json\/wp\/v2\/media\/91394"}],"wp:attachment":[{"href":"https:\/\/e.kosmolat.eu\/lt\/wp-json\/wp\/v2\/media?parent=47230"}],"wp:term":[{"taxonomy":"product_cat","embeddable":true,"href":"https:\/\/e.kosmolat.eu\/lt\/wp-json\/wp\/v2\/product_cat?post=47230"},{"taxonomy":"product_tag","embeddable":true,"href":"https:\/\/e.kosmolat.eu\/lt\/wp-json\/wp\/v2\/product_tag?post=47230"}],"curies":[{"name":"wp","href":"https:\/\/api.w.org\/{rel}","templated":true}]}}