{"id":47222,"date":"2024-03-11T08:48:15","date_gmt":"2024-03-11T08:48:15","guid":{"rendered":"https:\/\/e.kosmolat.eu\/product\/the-doctor-hc-3in1-bakuchiol-ceramides-sejas-kr-40-ml\/"},"modified":"2026-05-08T21:14:25","modified_gmt":"2026-05-08T21:14:25","slug":"the-doctor-hc-3in1-bakuchiol-ceramides-sejas-kr-40-ml","status":"publish","type":"product","link":"https:\/\/e.kosmolat.eu\/lt\/produktas\/the-doctor-hc-3in1-bakuchiol-ceramides-sejas-kr-40-ml\/","title":{"rendered":"THE DOCTOR HEALTH &#038; CARE 3 in 1 Bakuchiol + Ceramides Veido kremas, 40 ml"},"content":{"rendered":"<p>Jauninimas ir dr\u0117kinimas. Dieninis kremas, naktinis kremas, paaki\u0173 kremas.<\/p>\n<p><strong>Naudojimo instrukcijos: <\/strong>nedidel\u012f kiek\u012f kremo u\u017etepkite ant veido ir paaki\u0173. Naudokite 2 kartus per dien\u0105.<\/p>\n<p><strong>Atsargumo priemon\u0117s: <\/strong>galimas padid\u0117j\u0119s individualus jautrumas atskiriems komponentams.<\/p>\n<p>Laikyti nuo +5 &deg;C iki +25 &deg;C temperat\u016broje.<br \/>\n&nbsp;<\/p>\n","protected":false},"excerpt":{"rendered":"<p>Jauninimas ir dr\u0117kinimas. Dieninis kremas, naktinis kremas, paaki\u0173 kremas. Naudojimo instrukcijos: nedidel\u012f kiek\u012f kremo u\u017etepkite ant veido ir paaki\u0173. Naudokite 2 kartus per dien\u0105. Atsargumo priemon\u0117s: galimas padid\u0117j\u0119s individualus jautrumas atskiriems komponentams. Laikyti nuo +5 &deg;C iki +25 &deg;C temperat\u016broje. &nbsp;<\/p>\n","protected":false},"featured_media":91390,"template":"","meta":[],"product_cat":[1322],"product_tag":[],"class_list":{"0":"post-47222","1":"product","2":"type-product","3":"status-publish","4":"has-post-thumbnail","6":"product_brand-elfa_ua-lt","7":"product_cat-veido-kremai","9":"first","10":"instock","11":"taxable","12":"shipping-taxable","13":"product-type-simple"},"_links":{"self":[{"href":"https:\/\/e.kosmolat.eu\/lt\/wp-json\/wp\/v2\/product\/47222","targetHints":{"allow":["GET"]}}],"collection":[{"href":"https:\/\/e.kosmolat.eu\/lt\/wp-json\/wp\/v2\/product"}],"about":[{"href":"https:\/\/e.kosmolat.eu\/lt\/wp-json\/wp\/v2\/types\/product"}],"wp:featuredmedia":[{"embeddable":true,"href":"https:\/\/e.kosmolat.eu\/lt\/wp-json\/wp\/v2\/media\/91390"}],"wp:attachment":[{"href":"https:\/\/e.kosmolat.eu\/lt\/wp-json\/wp\/v2\/media?parent=47222"}],"wp:term":[{"taxonomy":"product_cat","embeddable":true,"href":"https:\/\/e.kosmolat.eu\/lt\/wp-json\/wp\/v2\/product_cat?post=47222"},{"taxonomy":"product_tag","embeddable":true,"href":"https:\/\/e.kosmolat.eu\/lt\/wp-json\/wp\/v2\/product_tag?post=47222"}],"curies":[{"name":"wp","href":"https:\/\/api.w.org\/{rel}","templated":true}]}}