{"id":47119,"date":"2024-03-06T05:08:21","date_gmt":"2024-03-06T05:08:21","guid":{"rendered":"https:\/\/e.kosmolat.eu\/product\/the-doctor-hc-vitamin-c-micelarais-udens-200-ml\/"},"modified":"2026-04-14T17:11:28","modified_gmt":"2026-04-14T17:11:28","slug":"the-doctor-hc-vitamin-c-micelarais-udens-200-ml","status":"publish","type":"product","link":"https:\/\/e.kosmolat.eu\/lt\/produktas\/the-doctor-hc-vitamin-c-micelarais-udens-200-ml\/","title":{"rendered":"THE DOCTOR HEALTH &#038; CARE Vitamin C Micelinis vanduo, 200 ml"},"content":{"rendered":"<p>&Scaron;viesina ir suteikia energijos. &Scaron;velniai ir efektyviai pa&scaron;alina ne&scaron;varumus, makia\u017e\u0105 ir riebal\u0173 pertekli\u0173.<\/p>\n<p><strong>Naudojimas:<\/strong> u\u017etepkite nedidel\u012f kiek\u012f skys\u010dio ant vatos diskelio. &Scaron;velniai nuvalykite veid\u0105, aki\u0173 srit\u012f ir burn\u0105. Nereikalauja nuskalavimo.<\/p>\n<p><strong>Atsargumo priemon\u0117s:<\/strong> galimas padid\u0117j\u0119s individualus jautrumas atskiriems komponentams.<\/p>\n<p><strong>Geriausias:<\/strong> 30 m\u0117nesi\u0173 nuo pagaminimo datos.<\/p>\n<p>Laikyti nuo +5 &deg;C iki +25 &deg;C temperat\u016broje.<br \/>\n&nbsp;<\/p>\n","protected":false},"excerpt":{"rendered":"<p>&Scaron;viesina ir suteikia energijos. &Scaron;velniai ir efektyviai pa&scaron;alina ne&scaron;varumus, makia\u017e\u0105 ir riebal\u0173 pertekli\u0173. Naudojimas: u\u017etepkite nedidel\u012f kiek\u012f skys\u010dio ant vatos diskelio. &Scaron;velniai nuvalykite veid\u0105, aki\u0173 srit\u012f ir burn\u0105. Nereikalauja nuskalavimo. Atsargumo priemon\u0117s: galimas padid\u0117j\u0119s individualus jautrumas atskiriems komponentams. Geriausias: 30 m\u0117nesi\u0173 nuo pagaminimo datos. Laikyti nuo +5 &deg;C iki +25 &deg;C temperat\u016broje. &nbsp;<\/p>\n","protected":false},"featured_media":91446,"template":"","meta":[],"product_cat":[1570],"product_tag":[],"class_list":{"0":"post-47119","1":"product","2":"type-product","3":"status-publish","4":"has-post-thumbnail","6":"product_brand-elfa_ua-lt","7":"product_cat-micelinis-vanduo","9":"first","10":"instock","11":"taxable","12":"shipping-taxable","13":"product-type-simple"},"_links":{"self":[{"href":"https:\/\/e.kosmolat.eu\/lt\/wp-json\/wp\/v2\/product\/47119","targetHints":{"allow":["GET"]}}],"collection":[{"href":"https:\/\/e.kosmolat.eu\/lt\/wp-json\/wp\/v2\/product"}],"about":[{"href":"https:\/\/e.kosmolat.eu\/lt\/wp-json\/wp\/v2\/types\/product"}],"wp:featuredmedia":[{"embeddable":true,"href":"https:\/\/e.kosmolat.eu\/lt\/wp-json\/wp\/v2\/media\/91446"}],"wp:attachment":[{"href":"https:\/\/e.kosmolat.eu\/lt\/wp-json\/wp\/v2\/media?parent=47119"}],"wp:term":[{"taxonomy":"product_cat","embeddable":true,"href":"https:\/\/e.kosmolat.eu\/lt\/wp-json\/wp\/v2\/product_cat?post=47119"},{"taxonomy":"product_tag","embeddable":true,"href":"https:\/\/e.kosmolat.eu\/lt\/wp-json\/wp\/v2\/product_tag?post=47119"}],"curies":[{"name":"wp","href":"https:\/\/api.w.org\/{rel}","templated":true}]}}