{"id":47103,"date":"2024-03-06T05:07:30","date_gmt":"2024-03-06T05:07:30","guid":{"rendered":"https:\/\/e.kosmolat.eu\/product\/the-doctor-hc-bakuchiol-ceramides-sejas-toneris-150-ml\/"},"modified":"2026-04-15T12:00:43","modified_gmt":"2026-04-15T12:00:43","slug":"the-doctor-hc-bakuchiol-ceramides-sejas-toneris-150-ml","status":"publish","type":"product","link":"https:\/\/e.kosmolat.eu\/lt\/produktas\/the-doctor-hc-bakuchiol-ceramides-sejas-toneris-150-ml\/","title":{"rendered":"THE DOCTOR HEALTH &#038; CARE Bakuchiol + Ceramides Veido tonikas, 150 ml"},"content":{"rendered":"<p>Jauninimas &nbsp;ir dr\u0117kinimas. Valo, gaivina, ramina ir tonizuoja. Su dr\u0117kinan\u010diomis savyb\u0117mis.<\/p>\n<p><strong>Naudojimo instrukcijos:<\/strong> nedidel\u012f kiek\u012f produkto u\u017etepkite ant vatos diskelio. &Scaron;velniai nuvalykite veid\u0105, vengdami aki\u0173 srities.<\/p>\n<p><strong>Atsargumo priemon\u0117s: <\/strong>galimas padid\u0117j\u0119s individualus jautrumas atskiriems komponentams.<\/p>\n<p><strong>Geriausias: <\/strong>30 m\u0117nesi\u0173 nuo pagaminimo datos.<\/p>\n<p>Laikyti nuo +5 &deg;C iki +25 &deg;C temperat\u016broje.<br \/>\n&nbsp;<\/p>\n","protected":false},"excerpt":{"rendered":"<p>Jauninimas &nbsp;ir dr\u0117kinimas. Valo, gaivina, ramina ir tonizuoja. Su dr\u0117kinan\u010diomis savyb\u0117mis. Naudojimo instrukcijos: nedidel\u012f kiek\u012f produkto u\u017etepkite ant vatos diskelio. &Scaron;velniai nuvalykite veid\u0105, vengdami aki\u0173 srities. Atsargumo priemon\u0117s: galimas padid\u0117j\u0119s individualus jautrumas atskiriems komponentams. Geriausias: 30 m\u0117nesi\u0173 nuo pagaminimo datos. Laikyti nuo +5 &deg;C iki +25 &deg;C temperat\u016broje. &nbsp;<\/p>\n","protected":false},"featured_media":91438,"template":"","meta":[],"product_cat":[1580],"product_tag":[],"class_list":{"0":"post-47103","1":"product","2":"type-product","3":"status-publish","4":"has-post-thumbnail","6":"product_brand-elfa_ua-lt","7":"product_cat-losjonai-ir-tonikai","9":"first","10":"instock","11":"taxable","12":"shipping-taxable","13":"product-type-simple"},"_links":{"self":[{"href":"https:\/\/e.kosmolat.eu\/lt\/wp-json\/wp\/v2\/product\/47103","targetHints":{"allow":["GET"]}}],"collection":[{"href":"https:\/\/e.kosmolat.eu\/lt\/wp-json\/wp\/v2\/product"}],"about":[{"href":"https:\/\/e.kosmolat.eu\/lt\/wp-json\/wp\/v2\/types\/product"}],"wp:featuredmedia":[{"embeddable":true,"href":"https:\/\/e.kosmolat.eu\/lt\/wp-json\/wp\/v2\/media\/91438"}],"wp:attachment":[{"href":"https:\/\/e.kosmolat.eu\/lt\/wp-json\/wp\/v2\/media?parent=47103"}],"wp:term":[{"taxonomy":"product_cat","embeddable":true,"href":"https:\/\/e.kosmolat.eu\/lt\/wp-json\/wp\/v2\/product_cat?post=47103"},{"taxonomy":"product_tag","embeddable":true,"href":"https:\/\/e.kosmolat.eu\/lt\/wp-json\/wp\/v2\/product_tag?post=47103"}],"curies":[{"name":"wp","href":"https:\/\/api.w.org\/{rel}","templated":true}]}}