{"id":47095,"date":"2024-03-06T05:07:14","date_gmt":"2024-03-06T05:07:14","guid":{"rendered":"https:\/\/e.kosmolat.eu\/product\/the-doctor-hc-vitamin-c-attiros-putas-sejai-150-ml\/"},"modified":"2026-04-01T05:22:38","modified_gmt":"2026-04-01T05:22:38","slug":"the-doctor-hc-vitamin-c-attiros-putas-sejai-150-ml","status":"publish","type":"product","link":"https:\/\/e.kosmolat.eu\/lt\/produktas\/the-doctor-hc-vitamin-c-attiros-putas-sejai-150-ml\/","title":{"rendered":"THE DOCTOR HEALTH &#038; CARE Vitamin C Prausimosi putos, 150 ml"},"content":{"rendered":"<p>&Scaron;viesina ir suteikia energijos. Su gaiviu citrus\u0173 aromatu. Veiksmingai pa&scaron;alina makia\u017e\u0105 ir ne&scaron;varumus.<\/p>\n<p><strong>Naudojimo instrukcija: <\/strong>lengvais sukamaisiais masa\u017euojamaisiais judesiais u\u017etepkite putas ant dr\u0117gno veido. Nuplaukite vandeniu.<\/p>\n<p><strong>Atsargumo priemon\u0117s:<\/strong> galimas padid\u0117j\u0119s individualus jautrumas atskiriems komponentams.<\/p>\n<p><strong>Geriausias:<\/strong> 30 m\u0117nesi\u0173 nuo pagaminimo datos.<\/p>\n<p>Laikyti nuo +5 &deg;C iki +25 &deg;C temperat\u016broje.<br \/>\n&nbsp;<\/p>\n","protected":false},"excerpt":{"rendered":"<p>&Scaron;viesina ir suteikia energijos. Su gaiviu citrus\u0173 aromatu. Veiksmingai pa&scaron;alina makia\u017e\u0105 ir ne&scaron;varumus. Naudojimo instrukcija: lengvais sukamaisiais masa\u017euojamaisiais judesiais u\u017etepkite putas ant dr\u0117gno veido. Nuplaukite vandeniu. Atsargumo priemon\u0117s: galimas padid\u0117j\u0119s individualus jautrumas atskiriems komponentams. Geriausias: 30 m\u0117nesi\u0173 nuo pagaminimo datos. Laikyti nuo +5 &deg;C iki +25 &deg;C temperat\u016broje. &nbsp;<\/p>\n","protected":false},"featured_media":91386,"template":"","meta":[],"product_cat":[1835],"product_tag":[],"class_list":{"0":"post-47095","1":"product","2":"type-product","3":"status-publish","4":"has-post-thumbnail","6":"product_brand-elfa_ua-lt","7":"product_cat-prausimosi-putos","9":"first","10":"instock","11":"taxable","12":"shipping-taxable","13":"product-type-simple"},"_links":{"self":[{"href":"https:\/\/e.kosmolat.eu\/lt\/wp-json\/wp\/v2\/product\/47095","targetHints":{"allow":["GET"]}}],"collection":[{"href":"https:\/\/e.kosmolat.eu\/lt\/wp-json\/wp\/v2\/product"}],"about":[{"href":"https:\/\/e.kosmolat.eu\/lt\/wp-json\/wp\/v2\/types\/product"}],"wp:featuredmedia":[{"embeddable":true,"href":"https:\/\/e.kosmolat.eu\/lt\/wp-json\/wp\/v2\/media\/91386"}],"wp:attachment":[{"href":"https:\/\/e.kosmolat.eu\/lt\/wp-json\/wp\/v2\/media?parent=47095"}],"wp:term":[{"taxonomy":"product_cat","embeddable":true,"href":"https:\/\/e.kosmolat.eu\/lt\/wp-json\/wp\/v2\/product_cat?post=47095"},{"taxonomy":"product_tag","embeddable":true,"href":"https:\/\/e.kosmolat.eu\/lt\/wp-json\/wp\/v2\/product_tag?post=47095"}],"curies":[{"name":"wp","href":"https:\/\/api.w.org\/{rel}","templated":true}]}}