{"id":47079,"date":"2024-03-06T05:06:19","date_gmt":"2024-03-06T05:06:19","guid":{"rendered":"https:\/\/e.kosmolat.eu\/product\/the-doctor-hc-phyto-collagen-pept-compl-attiros-putas-sejai-150-ml\/"},"modified":"2026-04-22T11:24:11","modified_gmt":"2026-04-22T11:24:11","slug":"the-doctor-hc-phyto-collagen-pept-compl-attiros-putas-sejai-150-ml","status":"publish","type":"product","link":"https:\/\/e.kosmolat.eu\/lt\/produktas\/the-doctor-hc-phyto-collagen-pept-compl-attiros-putas-sejai-150-ml\/","title":{"rendered":"THE DOCTOR HEALTH &#038; CARE Phyto Collagen &#8211; Peptide Complex Prausimosi putos, 150 ml"},"content":{"rendered":"<p>Anti-sen\u0117jimo kompleksas. &Scaron;velniai valo ir pri\u017ei\u016bri od\u0105, kurioje matomi sen\u0117jimo po\u017eymiai. Pa&scaron;alina makia\u017e\u0105 ir ne&scaron;varumus.<\/p>\n<p><strong>Atsargumo priemon\u0117s: <\/strong>galimas padid\u0117j\u0119s individualus jautrumas atskiriems komponentams.<\/p>\n<p><strong>Naudojimo instrukcija:<\/strong> lengvais sukamaisiais masa\u017euojamaisiais judesiais u\u017etepkite putas ant dr\u0117gno veido. Nuplaukite vandeniu.<\/p>\n<p><strong>Geriausias: <\/strong>30 m\u0117nesi\u0173 nuo pagaminimo datos.<\/p>\n<p>Laikyti nuo +5 &deg;C iki +25 &deg;C temperat\u016broje.<br \/>\n&nbsp;<\/p>\n","protected":false},"excerpt":{"rendered":"<p>Anti-sen\u0117jimo kompleksas. &Scaron;velniai valo ir pri\u017ei\u016bri od\u0105, kurioje matomi sen\u0117jimo po\u017eymiai. Pa&scaron;alina makia\u017e\u0105 ir ne&scaron;varumus. Atsargumo priemon\u0117s: galimas padid\u0117j\u0119s individualus jautrumas atskiriems komponentams. Naudojimo instrukcija: lengvais sukamaisiais masa\u017euojamaisiais judesiais u\u017etepkite putas ant dr\u0117gno veido. Nuplaukite vandeniu. Geriausias: 30 m\u0117nesi\u0173 nuo pagaminimo datos. Laikyti nuo +5 &deg;C iki +25 &deg;C temperat\u016broje. &nbsp;<\/p>\n","protected":false},"featured_media":91378,"template":"","meta":[],"product_cat":[2181],"product_tag":[],"class_list":{"0":"post-47079","1":"product","2":"type-product","3":"status-publish","4":"has-post-thumbnail","6":"product_brand-elfa_ua-lt","7":"product_cat-bez-kategorijas-lt","9":"first","10":"instock","11":"taxable","12":"shipping-taxable","13":"product-type-simple"},"_links":{"self":[{"href":"https:\/\/e.kosmolat.eu\/lt\/wp-json\/wp\/v2\/product\/47079","targetHints":{"allow":["GET"]}}],"collection":[{"href":"https:\/\/e.kosmolat.eu\/lt\/wp-json\/wp\/v2\/product"}],"about":[{"href":"https:\/\/e.kosmolat.eu\/lt\/wp-json\/wp\/v2\/types\/product"}],"wp:featuredmedia":[{"embeddable":true,"href":"https:\/\/e.kosmolat.eu\/lt\/wp-json\/wp\/v2\/media\/91378"}],"wp:attachment":[{"href":"https:\/\/e.kosmolat.eu\/lt\/wp-json\/wp\/v2\/media?parent=47079"}],"wp:term":[{"taxonomy":"product_cat","embeddable":true,"href":"https:\/\/e.kosmolat.eu\/lt\/wp-json\/wp\/v2\/product_cat?post=47079"},{"taxonomy":"product_tag","embeddable":true,"href":"https:\/\/e.kosmolat.eu\/lt\/wp-json\/wp\/v2\/product_tag?post=47079"}],"curies":[{"name":"wp","href":"https:\/\/api.w.org\/{rel}","templated":true}]}}