{"id":47071,"date":"2024-03-06T05:06:02","date_gmt":"2024-03-06T05:06:02","guid":{"rendered":"https:\/\/e.kosmolat.eu\/product\/the-doctor-hc-niacinamide-zinc-attiros-putas-sejai-150-ml\/"},"modified":"2026-04-15T15:27:27","modified_gmt":"2026-04-15T15:27:27","slug":"the-doctor-hc-niacinamide-zinc-attiros-putas-sejai-150-ml","status":"publish","type":"product","link":"https:\/\/e.kosmolat.eu\/lt\/produktas\/the-doctor-hc-niacinamide-zinc-attiros-putas-sejai-150-ml\/","title":{"rendered":"The DOCTOR HEALTH &#038; CARE Niacinamide + Zinc prausimosi putos, 150 ml"},"content":{"rendered":"<p>Sebumo kontrol\u0117 ir tolygus tonas. &Scaron;velniai pa&scaron;alina sebumo ir makia\u017eo pertekli\u0173.<\/p>\n<p><strong>Naudojimo instrukcija:<\/strong> lengvais sukamaisiais masa\u017euojamaisiais judesiais u\u017etepkite putas ant dr\u0117gno veido. Nuplaukite vandeniu.<\/p>\n<p><strong>Atsargumo priemon\u0117s:<\/strong> galimas padid\u0117j\u0119s individualus jautrumas atskiriems komponentams.<\/p>\n<p><strong>Geriausias: <\/strong>30 m\u0117nesi\u0173 nuo pagaminimo datos.<\/p>\n<p>Laikyti nuo +5 &deg;C iki +25 &deg;C temperat\u016broje.<br \/>\n&nbsp;<\/p>\n","protected":false},"excerpt":{"rendered":"<p>Sebumo kontrol\u0117 ir tolygus tonas. &Scaron;velniai pa&scaron;alina sebumo ir makia\u017eo pertekli\u0173. Naudojimo instrukcija: lengvais sukamaisiais masa\u017euojamaisiais judesiais u\u017etepkite putas ant dr\u0117gno veido. Nuplaukite vandeniu. Atsargumo priemon\u0117s: galimas padid\u0117j\u0119s individualus jautrumas atskiriems komponentams. Geriausias: 30 m\u0117nesi\u0173 nuo pagaminimo datos. Laikyti nuo +5 &deg;C iki +25 &deg;C temperat\u016broje. &nbsp;<\/p>\n","protected":false},"featured_media":91374,"template":"","meta":[],"product_cat":[1835],"product_tag":[],"class_list":{"0":"post-47071","1":"product","2":"type-product","3":"status-publish","4":"has-post-thumbnail","6":"product_brand-elfa_ua-lt","7":"product_cat-prausimosi-putos","9":"first","10":"instock","11":"taxable","12":"shipping-taxable","13":"product-type-simple"},"_links":{"self":[{"href":"https:\/\/e.kosmolat.eu\/lt\/wp-json\/wp\/v2\/product\/47071","targetHints":{"allow":["GET"]}}],"collection":[{"href":"https:\/\/e.kosmolat.eu\/lt\/wp-json\/wp\/v2\/product"}],"about":[{"href":"https:\/\/e.kosmolat.eu\/lt\/wp-json\/wp\/v2\/types\/product"}],"wp:featuredmedia":[{"embeddable":true,"href":"https:\/\/e.kosmolat.eu\/lt\/wp-json\/wp\/v2\/media\/91374"}],"wp:attachment":[{"href":"https:\/\/e.kosmolat.eu\/lt\/wp-json\/wp\/v2\/media?parent=47071"}],"wp:term":[{"taxonomy":"product_cat","embeddable":true,"href":"https:\/\/e.kosmolat.eu\/lt\/wp-json\/wp\/v2\/product_cat?post=47071"},{"taxonomy":"product_tag","embeddable":true,"href":"https:\/\/e.kosmolat.eu\/lt\/wp-json\/wp\/v2\/product_tag?post=47071"}],"curies":[{"name":"wp","href":"https:\/\/api.w.org\/{rel}","templated":true}]}}