{"id":47047,"date":"2024-03-06T05:04:54","date_gmt":"2024-03-06T05:04:54","guid":{"rendered":"https:\/\/e.kosmolat.eu\/product\/the-doctor-hc-vitamin-c-sejas-toneris-150-ml\/"},"modified":"2026-04-17T13:49:13","modified_gmt":"2026-04-17T13:49:13","slug":"the-doctor-hc-vitamin-c-sejas-toneris-150-ml","status":"publish","type":"product","link":"https:\/\/e.kosmolat.eu\/lt\/produktas\/the-doctor-hc-vitamin-c-sejas-toneris-150-ml\/","title":{"rendered":"THE DOCTOR HEALTH &#038; CARE Vitamin C Veido tonikas, 150 ml"},"content":{"rendered":"<p>&Scaron;viesina ir suteikia energijos. Valo ir dr\u0117kina. Paruo&scaron;ia od\u0105 tolesniems prie\u017ei\u016bros etapams.<\/p>\n<p><strong>Naudojimo instrukcijos:<\/strong> nedidel\u012f kiek\u012f produkto u\u017etepkite ant vatos diskelio. &Scaron;velniai nuvalykite veid\u0105, vengdami aki\u0173 srities.<\/p>\n<p><strong>Atsargumo priemon\u0117s:<\/strong> galimas padid\u0117j\u0119s individualus jautrumas atskiriems komponentams.<\/p>\n<p><strong>Geriausias: <\/strong>30 m\u0117nesi\u0173 nuo pagaminimo datos.<\/p>\n<p>Laikyti nuo +5 &deg;C iki +25 &deg;C temperat\u016broje.<br \/>\n&nbsp;<\/p>\n","protected":false},"excerpt":{"rendered":"<p>&Scaron;viesina ir suteikia energijos. Valo ir dr\u0117kina. Paruo&scaron;ia od\u0105 tolesniems prie\u017ei\u016bros etapams. Naudojimo instrukcijos: nedidel\u012f kiek\u012f produkto u\u017etepkite ant vatos diskelio. &Scaron;velniai nuvalykite veid\u0105, vengdami aki\u0173 srities. Atsargumo priemon\u0117s: galimas padid\u0117j\u0119s individualus jautrumas atskiriems komponentams. Geriausias: 30 m\u0117nesi\u0173 nuo pagaminimo datos. Laikyti nuo +5 &deg;C iki +25 &deg;C temperat\u016broje. &nbsp;<\/p>\n","protected":false},"featured_media":91362,"template":"","meta":[],"product_cat":[1580],"product_tag":[],"class_list":{"0":"post-47047","1":"product","2":"type-product","3":"status-publish","4":"has-post-thumbnail","6":"product_brand-elfa_ua-lt","7":"product_cat-losjonai-ir-tonikai","9":"first","10":"instock","11":"taxable","12":"shipping-taxable","13":"product-type-simple"},"_links":{"self":[{"href":"https:\/\/e.kosmolat.eu\/lt\/wp-json\/wp\/v2\/product\/47047","targetHints":{"allow":["GET"]}}],"collection":[{"href":"https:\/\/e.kosmolat.eu\/lt\/wp-json\/wp\/v2\/product"}],"about":[{"href":"https:\/\/e.kosmolat.eu\/lt\/wp-json\/wp\/v2\/types\/product"}],"wp:featuredmedia":[{"embeddable":true,"href":"https:\/\/e.kosmolat.eu\/lt\/wp-json\/wp\/v2\/media\/91362"}],"wp:attachment":[{"href":"https:\/\/e.kosmolat.eu\/lt\/wp-json\/wp\/v2\/media?parent=47047"}],"wp:term":[{"taxonomy":"product_cat","embeddable":true,"href":"https:\/\/e.kosmolat.eu\/lt\/wp-json\/wp\/v2\/product_cat?post=47047"},{"taxonomy":"product_tag","embeddable":true,"href":"https:\/\/e.kosmolat.eu\/lt\/wp-json\/wp\/v2\/product_tag?post=47047"}],"curies":[{"name":"wp","href":"https:\/\/api.w.org\/{rel}","templated":true}]}}