{"id":47031,"date":"2024-03-06T05:04:22","date_gmt":"2024-03-06T05:04:22","guid":{"rendered":"https:\/\/e.kosmolat.eu\/product\/the-doctor-hc-phyto-collagen-pept-compl-sejas-toneris-150-ml\/"},"modified":"2026-05-08T16:43:50","modified_gmt":"2026-05-08T16:43:50","slug":"the-doctor-hc-phyto-collagen-pept-compl-sejas-toneris-150-ml","status":"publish","type":"product","link":"https:\/\/e.kosmolat.eu\/lt\/produktas\/the-doctor-hc-phyto-collagen-pept-compl-sejas-toneris-150-ml\/","title":{"rendered":"The DOCTOR HEALTH &#038; CARE Phyto Collagen-Peptide Complex Veido tonikas, 150 ml"},"content":{"rendered":"<p>Anti-sen\u0117jimo kompleksas. Odos su sen\u0117jimo po\u017eymiais prie\u017ei\u016brai. Kruop&scaron;\u010diai valo ir dr\u0117kina, didina odos elastingum\u0105 ir stangrum\u0105.<\/p>\n<p><strong>Naudojimo instrukcijos: <\/strong>nedidel\u012f kiek\u012f produkto u\u017etepkite ant vatos diskelio. &Scaron;velniai nuvalykite veid\u0105, vengdami aki\u0173 srities.<\/p>\n<p><strong>Atsargumo priemon\u0117s:<\/strong> galimas padid\u0117j\u0119s individualus jautrumas atskiriems komponentams.<\/p>\n<p><strong>Geriausias: <\/strong>30 m\u0117nesi\u0173 nuo pagaminimo datos.<\/p>\n<p>Laikyti nuo +5 &deg;C iki +25 &deg;C temperat\u016broje.<br \/>\n&nbsp;<\/p>\n","protected":false},"excerpt":{"rendered":"<p>Anti-sen\u0117jimo kompleksas. Odos su sen\u0117jimo po\u017eymiais prie\u017ei\u016brai. Kruop&scaron;\u010diai valo ir dr\u0117kina, didina odos elastingum\u0105 ir stangrum\u0105. Naudojimo instrukcijos: nedidel\u012f kiek\u012f produkto u\u017etepkite ant vatos diskelio. &Scaron;velniai nuvalykite veid\u0105, vengdami aki\u0173 srities. Atsargumo priemon\u0117s: galimas padid\u0117j\u0119s individualus jautrumas atskiriems komponentams. Geriausias: 30 m\u0117nesi\u0173 nuo pagaminimo datos. Laikyti nuo +5 &deg;C iki +25 &deg;C temperat\u016broje. &nbsp;<\/p>\n","protected":false},"featured_media":91358,"template":"","meta":[],"product_cat":[1580],"product_tag":[],"class_list":{"0":"post-47031","1":"product","2":"type-product","3":"status-publish","4":"has-post-thumbnail","6":"product_brand-elfa_ua-lt","7":"product_cat-losjonai-ir-tonikai","9":"first","10":"instock","11":"taxable","12":"shipping-taxable","13":"product-type-simple"},"_links":{"self":[{"href":"https:\/\/e.kosmolat.eu\/lt\/wp-json\/wp\/v2\/product\/47031","targetHints":{"allow":["GET"]}}],"collection":[{"href":"https:\/\/e.kosmolat.eu\/lt\/wp-json\/wp\/v2\/product"}],"about":[{"href":"https:\/\/e.kosmolat.eu\/lt\/wp-json\/wp\/v2\/types\/product"}],"wp:featuredmedia":[{"embeddable":true,"href":"https:\/\/e.kosmolat.eu\/lt\/wp-json\/wp\/v2\/media\/91358"}],"wp:attachment":[{"href":"https:\/\/e.kosmolat.eu\/lt\/wp-json\/wp\/v2\/media?parent=47031"}],"wp:term":[{"taxonomy":"product_cat","embeddable":true,"href":"https:\/\/e.kosmolat.eu\/lt\/wp-json\/wp\/v2\/product_cat?post=47031"},{"taxonomy":"product_tag","embeddable":true,"href":"https:\/\/e.kosmolat.eu\/lt\/wp-json\/wp\/v2\/product_tag?post=47031"}],"curies":[{"name":"wp","href":"https:\/\/api.w.org\/{rel}","templated":true}]}}