{"id":46922,"date":"2024-03-05T09:36:13","date_gmt":"2024-03-05T09:36:13","guid":{"rendered":"https:\/\/e.kosmolat.eu\/?post_type=product&#038;p=46922"},"modified":"2026-04-01T05:27:20","modified_gmt":"2026-04-01T05:27:20","slug":"lv-skidras-acu-enas-206-satin-nude-super-stay-3-5-g","status":"publish","type":"product","link":"https:\/\/e.kosmolat.eu\/lt\/produktas\/lv-skidras-acu-enas-206-satin-nude-super-stay-3-5-g\/","title":{"rendered":"LUXVISAGE Skysti aki\u0173 \u0161e\u0161\u0117liai Satin Nude super stay, 206 tonas, 3,5 g"},"content":{"rendered":"<p><strong>Naudojimas:<\/strong> u\u017etepkite ant aki\u0173 vok\u0173 naudodami aplikatori\u0173<\/p>\n<p>Laikyti nuo +5 &ordm;C iki +25 &ordm;C temperat\u016broje.<br \/>\n&nbsp;<\/p>\n","protected":false},"excerpt":{"rendered":"<p>Naudojimas: u\u017etepkite ant aki\u0173 vok\u0173 naudodami aplikatori\u0173 Laikyti nuo +5 &ordm;C iki +25 &ordm;C temperat\u016broje. &nbsp;<\/p>\n","protected":false},"featured_media":91282,"template":"","meta":[],"product_cat":[1295],"product_tag":[],"class_list":{"0":"post-46922","1":"product","2":"type-product","3":"status-publish","4":"has-post-thumbnail","6":"product_brand-lux-visage_by-lt","7":"product_cat-akiu-seseliai","9":"first","10":"instock","11":"taxable","12":"shipping-taxable","13":"product-type-simple"},"_links":{"self":[{"href":"https:\/\/e.kosmolat.eu\/lt\/wp-json\/wp\/v2\/product\/46922","targetHints":{"allow":["GET"]}}],"collection":[{"href":"https:\/\/e.kosmolat.eu\/lt\/wp-json\/wp\/v2\/product"}],"about":[{"href":"https:\/\/e.kosmolat.eu\/lt\/wp-json\/wp\/v2\/types\/product"}],"wp:featuredmedia":[{"embeddable":true,"href":"https:\/\/e.kosmolat.eu\/lt\/wp-json\/wp\/v2\/media\/91282"}],"wp:attachment":[{"href":"https:\/\/e.kosmolat.eu\/lt\/wp-json\/wp\/v2\/media?parent=46922"}],"wp:term":[{"taxonomy":"product_cat","embeddable":true,"href":"https:\/\/e.kosmolat.eu\/lt\/wp-json\/wp\/v2\/product_cat?post=46922"},{"taxonomy":"product_tag","embeddable":true,"href":"https:\/\/e.kosmolat.eu\/lt\/wp-json\/wp\/v2\/product_tag?post=46922"}],"curies":[{"name":"wp","href":"https:\/\/api.w.org\/{rel}","templated":true}]}}