{"id":46913,"date":"2024-03-05T08:57:28","date_gmt":"2024-03-05T08:57:28","guid":{"rendered":"https:\/\/e.kosmolat.eu\/?post_type=product&#038;p=46913"},"modified":"2025-09-20T03:48:06","modified_gmt":"2025-09-20T03:48:06","slug":"lv-lupu-spidums-hot-vanilla-307-tonis","status":"publish","type":"product","link":"https:\/\/e.kosmolat.eu\/lt\/produktas\/lv-lupu-spidums-hot-vanilla-307-tonis\/","title":{"rendered":"LUXVISAGE Blizgis putlintojas l\u016bpoms Hot Vanilla, 307 tonas, 2.9 g"},"content":{"rendered":"<p><strong>Naudojimas:<\/strong>&nbsp;u\u017etepkite ant l\u016bp\u0173 naudodami aplikatori\u0173.<\/p>\n<p>Laikyti nuo +5 &deg;C iki +25 &deg;C temperat\u016broje.<br \/>\n&nbsp;<\/p>\n","protected":false},"excerpt":{"rendered":"<p>Naudojimas:&nbsp;u\u017etepkite ant l\u016bp\u0173 naudodami aplikatori\u0173. Laikyti nuo +5 &deg;C iki +25 &deg;C temperat\u016broje. &nbsp;<\/p>\n","protected":false},"featured_media":91250,"template":"","meta":[],"product_cat":[2181],"product_tag":[],"class_list":{"0":"post-46913","1":"product","2":"type-product","3":"status-publish","4":"has-post-thumbnail","6":"product_brand-lux-visage_by-lt","7":"product_cat-bez-kategorijas-lt","9":"first","10":"instock","11":"taxable","12":"shipping-taxable","13":"product-type-simple"},"_links":{"self":[{"href":"https:\/\/e.kosmolat.eu\/lt\/wp-json\/wp\/v2\/product\/46913","targetHints":{"allow":["GET"]}}],"collection":[{"href":"https:\/\/e.kosmolat.eu\/lt\/wp-json\/wp\/v2\/product"}],"about":[{"href":"https:\/\/e.kosmolat.eu\/lt\/wp-json\/wp\/v2\/types\/product"}],"wp:featuredmedia":[{"embeddable":true,"href":"https:\/\/e.kosmolat.eu\/lt\/wp-json\/wp\/v2\/media\/91250"}],"wp:attachment":[{"href":"https:\/\/e.kosmolat.eu\/lt\/wp-json\/wp\/v2\/media?parent=46913"}],"wp:term":[{"taxonomy":"product_cat","embeddable":true,"href":"https:\/\/e.kosmolat.eu\/lt\/wp-json\/wp\/v2\/product_cat?post=46913"},{"taxonomy":"product_tag","embeddable":true,"href":"https:\/\/e.kosmolat.eu\/lt\/wp-json\/wp\/v2\/product_tag?post=46913"}],"curies":[{"name":"wp","href":"https:\/\/api.w.org\/{rel}","templated":true}]}}