{"id":46901,"date":"2024-03-05T06:36:13","date_gmt":"2024-03-05T06:36:13","guid":{"rendered":"https:\/\/e.kosmolat.eu\/?post_type=product&#038;p=46901"},"modified":"2026-04-13T14:07:04","modified_gmt":"2026-04-13T14:07:04","slug":"lv-lupu-balz-mint-care-ar-atvesinosu-efektu-3-9-g","status":"publish","type":"product","link":"https:\/\/e.kosmolat.eu\/lt\/produktas\/lv-lupu-balz-mint-care-ar-atvesinosu-efektu-3-9-g\/","title":{"rendered":"LUXVISAGE V\u0117sinantis l\u016bp\u0173 balzamas Mint &#038; care, 3,9 g"},"content":{"rendered":"<p>Mentolis ir pipirm\u0117\u010di\u0173 aliejus ramina l\u016bpas d\u0117ka sukuriamo v\u0117sinamojo poveikio.<\/p>\n<p><strong>Naudojimas:<\/strong> u\u017etepkite l\u016bpas reikiamu balzamo kiekiu.<\/p>\n<p>Laikyti nuo +5 &deg;C iki +25 &deg;C temperat\u016broje.<br \/>\n&nbsp;<\/p>\n","protected":false},"excerpt":{"rendered":"<p>Mentolis ir pipirm\u0117\u010di\u0173 aliejus ramina l\u016bpas d\u0117ka sukuriamo v\u0117sinamojo poveikio. Naudojimas: u\u017etepkite l\u016bpas reikiamu balzamo kiekiu. Laikyti nuo +5 &deg;C iki +25 &deg;C temperat\u016broje. &nbsp;<\/p>\n","protected":false},"featured_media":91234,"template":"","meta":[],"product_cat":[1386],"product_tag":[],"class_list":{"0":"post-46901","1":"product","2":"type-product","3":"status-publish","4":"has-post-thumbnail","6":"product_brand-sale-lt","7":"product_cat-lupu-balzamas","9":"first","10":"instock","11":"taxable","12":"shipping-taxable","13":"product-type-simple"},"_links":{"self":[{"href":"https:\/\/e.kosmolat.eu\/lt\/wp-json\/wp\/v2\/product\/46901","targetHints":{"allow":["GET"]}}],"collection":[{"href":"https:\/\/e.kosmolat.eu\/lt\/wp-json\/wp\/v2\/product"}],"about":[{"href":"https:\/\/e.kosmolat.eu\/lt\/wp-json\/wp\/v2\/types\/product"}],"wp:featuredmedia":[{"embeddable":true,"href":"https:\/\/e.kosmolat.eu\/lt\/wp-json\/wp\/v2\/media\/91234"}],"wp:attachment":[{"href":"https:\/\/e.kosmolat.eu\/lt\/wp-json\/wp\/v2\/media?parent=46901"}],"wp:term":[{"taxonomy":"product_cat","embeddable":true,"href":"https:\/\/e.kosmolat.eu\/lt\/wp-json\/wp\/v2\/product_cat?post=46901"},{"taxonomy":"product_tag","embeddable":true,"href":"https:\/\/e.kosmolat.eu\/lt\/wp-json\/wp\/v2\/product_tag?post=46901"}],"curies":[{"name":"wp","href":"https:\/\/api.w.org\/{rel}","templated":true}]}}