{"id":46897,"date":"2024-03-05T05:03:19","date_gmt":"2024-03-05T05:03:19","guid":{"rendered":"https:\/\/e.kosmolat.eu\/product\/tonika-tonejoss-balzams-color-evolution-8-33-electric-mango-150-ml\/"},"modified":"2026-03-31T06:57:08","modified_gmt":"2026-03-31T06:57:08","slug":"tonika-tonejoss-balzams-color-evolution-8-33-electric-mango-150-ml","status":"publish","type":"product","link":"https:\/\/e.kosmolat.eu\/lt\/produktas\/tonika-tonejoss-balzams-color-evolution-8-33-electric-mango-150-ml\/","title":{"rendered":"TONIKA Color evolution Tonuojantis balzamas 8.33 Electric Mango, 150 ml"},"content":{"rendered":"<p>K\u016brybi\u0161kam ir ekstremaliam da\u017eymui. &Scaron;viesintiems ir \u0161viesiems plaukams.<br \/>\nAtspalvio balzamo spalva gali skirtis nuo gauto plauk\u0173 atspalvio. Nor\u0117dami gauti ry\u0161kiausi\u0105 rezultat\u0105, prie\u0161 naudodami produkt\u0105 turite pa\u0161viesinti plaukus. Plaunant galv\u0105 \u0161amp\u016bnu jis palaipsniui nuplaunamas, galimas lik\u0119s atspalvis, priklausomai nuo plauk\u0173 strukt\u016bros. Prie\u0161 naudojim\u0105 patikrinkite alergines reakcijas. Patekus \u012f akis, nuplaukite \u0161variu vandeniu. Jei da\u017eai patenka \u012f interjero daiktus ir vonios pavir\u0161i\u0173, nuplaukite juos sanitarini\u0173 gamini\u0173 valikliu. Laikyti vaikams nepasiekiamoje vietoje!<br \/>\nNaudojimas: naudokite pir\u0161tines, taip pat apsaugokite drabu\u017eius rank\u0161luos\u010diu. Tepkite rieb\u0173 krem\u0105 i\u0161ilgai plauk\u0173 linijos ir ant aus\u0173, kad nenuda\u017eytum\u0117te odos. Tepkite balzam\u0105 ant saus\u0173, \u0161vari\u0173 plauk\u0173 ir tolygiai paskirstykite. Poveikio plaukams laikas: nuo 20 iki 30 minu\u010di\u0173. Pra\u0117jus laikui, plaukite plaukus \u0161iltu vandeniu, nenaudodami \u0161amp\u016bno.<br \/>\n&nbsp;<\/p>\n","protected":false},"excerpt":{"rendered":"<p>K\u016brybi\u0161kam ir ekstremaliam da\u017eymui. &Scaron;viesintiems ir \u0161viesiems plaukams. Atspalvio balzamo spalva gali skirtis nuo gauto plauk\u0173 atspalvio. Nor\u0117dami gauti ry\u0161kiausi\u0105 rezultat\u0105, prie\u0161 naudodami produkt\u0105 turite pa\u0161viesinti plaukus. Plaunant galv\u0105 \u0161amp\u016bnu jis palaipsniui nuplaunamas, galimas lik\u0119s atspalvis, priklausomai nuo plauk\u0173 strukt\u016bros. Prie\u0161 naudojim\u0105 patikrinkite alergines reakcijas. Patekus \u012f akis, nuplaukite \u0161variu vandeniu. Jei da\u017eai patenka \u012f [&#8230;]\n","protected":false},"featured_media":86386,"template":"","meta":[],"product_cat":[1299],"product_tag":[],"class_list":{"0":"post-46897","1":"product","2":"type-product","3":"status-publish","4":"has-post-thumbnail","6":"product_brand-vecie-kodi-lt","7":"product_cat-tonizuojancios-priemones-plaukams","9":"first","10":"outofstock","11":"taxable","12":"shipping-taxable","13":"product-type-simple"},"_links":{"self":[{"href":"https:\/\/e.kosmolat.eu\/lt\/wp-json\/wp\/v2\/product\/46897","targetHints":{"allow":["GET"]}}],"collection":[{"href":"https:\/\/e.kosmolat.eu\/lt\/wp-json\/wp\/v2\/product"}],"about":[{"href":"https:\/\/e.kosmolat.eu\/lt\/wp-json\/wp\/v2\/types\/product"}],"wp:featuredmedia":[{"embeddable":true,"href":"https:\/\/e.kosmolat.eu\/lt\/wp-json\/wp\/v2\/media\/86386"}],"wp:attachment":[{"href":"https:\/\/e.kosmolat.eu\/lt\/wp-json\/wp\/v2\/media?parent=46897"}],"wp:term":[{"taxonomy":"product_cat","embeddable":true,"href":"https:\/\/e.kosmolat.eu\/lt\/wp-json\/wp\/v2\/product_cat?post=46897"},{"taxonomy":"product_tag","embeddable":true,"href":"https:\/\/e.kosmolat.eu\/lt\/wp-json\/wp\/v2\/product_tag?post=46897"}],"curies":[{"name":"wp","href":"https:\/\/api.w.org\/{rel}","templated":true}]}}