{"id":46889,"date":"2024-03-05T05:03:09","date_gmt":"2024-03-05T05:03:09","guid":{"rendered":"https:\/\/e.kosmolat.eu\/product\/i_pe-zobu-pasta-sinsila-mila-3-6-gadi-50-ml\/"},"modified":"2026-04-15T13:21:34","modified_gmt":"2026-04-15T13:21:34","slug":"pe-zobu-pasta-sinsilla-evie-3-6-gadi-50-ml","status":"publish","type":"product","link":"https:\/\/e.kosmolat.eu\/lt\/produktas\/pe-zobu-pasta-sinsilla-evie-3-6-gadi-50-ml\/","title":{"rendered":"PINK ELEPHANT Dant\u0173 pasta &#8220;\u0160in\u0161ila Evie&#8221; 3-6 met\u0173, 50 ml"},"content":{"rendered":"<p>&Scaron;velniai valo dantis nepa\u017eeid\u017eiant emalio. Sud\u0117tyje yra skysto kalcio, kuris neleid\u017eia vystytis kariesui. Vaikams nuo 3 iki 6 met\u0173.<\/p>\n<p>Naudojimas: ant \u0161epet\u0117lio i\u0161spauskite nedidel\u012f \u017eirnio dyd\u017eio dant\u0173 pastos kiek\u012f ir i\u0161sivalykite dantis.&nbsp;<\/p>\n<p>Atsargumo priemon\u0117s: vaikai iki 6 met\u0173 tur\u0117t\u0173 valytis dantis pri\u017ei\u016brimi suaugusi\u0173j\u0173.<\/p>\n","protected":false},"excerpt":{"rendered":"<p>&Scaron;velniai valo dantis nepa\u017eeid\u017eiant emalio. Sud\u0117tyje yra skysto kalcio, kuris neleid\u017eia vystytis kariesui. Vaikams nuo 3 iki 6 met\u0173. Naudojimas: ant \u0161epet\u0117lio i\u0161spauskite nedidel\u012f \u017eirnio dyd\u017eio dant\u0173 pastos kiek\u012f ir i\u0161sivalykite dantis.&nbsp; Atsargumo priemon\u0117s: vaikai iki 6 met\u0173 tur\u0117t\u0173 valytis dantis pri\u017ei\u016brimi suaugusi\u0173j\u0173.<\/p>\n","protected":false},"featured_media":84210,"template":"","meta":[],"product_cat":[1337],"product_tag":[],"class_list":{"0":"post-46889","1":"product","2":"type-product","3":"status-publish","4":"has-post-thumbnail","6":"product_brand-elfa_ua-lt","7":"product_cat-burnos-higiena","9":"first","10":"instock","11":"taxable","12":"shipping-taxable","13":"product-type-simple"},"_links":{"self":[{"href":"https:\/\/e.kosmolat.eu\/lt\/wp-json\/wp\/v2\/product\/46889","targetHints":{"allow":["GET"]}}],"collection":[{"href":"https:\/\/e.kosmolat.eu\/lt\/wp-json\/wp\/v2\/product"}],"about":[{"href":"https:\/\/e.kosmolat.eu\/lt\/wp-json\/wp\/v2\/types\/product"}],"wp:featuredmedia":[{"embeddable":true,"href":"https:\/\/e.kosmolat.eu\/lt\/wp-json\/wp\/v2\/media\/84210"}],"wp:attachment":[{"href":"https:\/\/e.kosmolat.eu\/lt\/wp-json\/wp\/v2\/media?parent=46889"}],"wp:term":[{"taxonomy":"product_cat","embeddable":true,"href":"https:\/\/e.kosmolat.eu\/lt\/wp-json\/wp\/v2\/product_cat?post=46889"},{"taxonomy":"product_tag","embeddable":true,"href":"https:\/\/e.kosmolat.eu\/lt\/wp-json\/wp\/v2\/product_tag?post=46889"}],"curies":[{"name":"wp","href":"https:\/\/api.w.org\/{rel}","templated":true}]}}