{"id":46869,"date":"2024-03-05T05:02:28","date_gmt":"2024-03-05T05:02:28","guid":{"rendered":"https:\/\/e.kosmolat.eu\/product\/rocs-zobu-pasta-uno-1-calcium-60-ml\/"},"modified":"2024-03-21T22:15:09","modified_gmt":"2024-03-21T22:15:09","slug":"rocs-zobu-pasta-uno-1-calcium-60-ml","status":"publish","type":"product","link":"https:\/\/e.kosmolat.eu\/lt\/produktas\/rocs-zobu-pasta-uno-1-calcium-60-ml\/","title":{"rendered":"R.O.C.S. Dant\u0173 pasta Uno Calcium, 60 ml"},"content":{"rendered":"<p>Atkuria dant\u0173 emalio baltum\u0105 ir blizges\u012f, saugo nuo karieso, stiprina emal\u012f*, kontakto su plomba srityje suma\u017eina karieso susiformavimo rizik\u0105*.<\/p>\n<p><strong>Galiojimo laikas: <\/strong>3 metai.<\/p>\n<p><em>*Klini\u0161kai irodyta<\/em><\/p>\n","protected":false},"excerpt":{"rendered":"<p>Atkuria dant\u0173 emalio baltum\u0105 ir blizges\u012f, saugo nuo karieso, stiprina emal\u012f*, kontakto su plomba srityje suma\u017eina karieso susiformavimo rizik\u0105*. Galiojimo laikas: 3 metai. *Klini\u0161kai irodyta<\/p>\n","protected":false},"featured_media":46871,"template":"","meta":[],"product_cat":[1308],"product_tag":[],"class_list":{"0":"post-46869","1":"product","2":"type-product","3":"status-publish","4":"has-post-thumbnail","6":"product_brand-rocs-lt","7":"product_cat-dantu-pastos-ir-geliai","9":"first","10":"outofstock","11":"taxable","12":"shipping-taxable","13":"product-type-simple"},"_links":{"self":[{"href":"https:\/\/e.kosmolat.eu\/lt\/wp-json\/wp\/v2\/product\/46869","targetHints":{"allow":["GET"]}}],"collection":[{"href":"https:\/\/e.kosmolat.eu\/lt\/wp-json\/wp\/v2\/product"}],"about":[{"href":"https:\/\/e.kosmolat.eu\/lt\/wp-json\/wp\/v2\/types\/product"}],"wp:featuredmedia":[{"embeddable":true,"href":"https:\/\/e.kosmolat.eu\/lt\/wp-json\/wp\/v2\/media\/46871"}],"wp:attachment":[{"href":"https:\/\/e.kosmolat.eu\/lt\/wp-json\/wp\/v2\/media?parent=46869"}],"wp:term":[{"taxonomy":"product_cat","embeddable":true,"href":"https:\/\/e.kosmolat.eu\/lt\/wp-json\/wp\/v2\/product_cat?post=46869"},{"taxonomy":"product_tag","embeddable":true,"href":"https:\/\/e.kosmolat.eu\/lt\/wp-json\/wp\/v2\/product_tag?post=46869"}],"curies":[{"name":"wp","href":"https:\/\/api.w.org\/{rel}","templated":true}]}}