{"id":46861,"date":"2024-03-05T05:02:15","date_gmt":"2024-03-05T05:02:15","guid":{"rendered":"https:\/\/e.kosmolat.eu\/product\/dr-s-hyaluron-hair-matu-maska-deep-hydration-1-l\/"},"modified":"2025-03-17T06:42:38","modified_gmt":"2025-03-17T06:42:38","slug":"i_dr-s-hyaluron-hair-matu-maska-deep-hydration-1-l","status":"publish","type":"product","link":"https:\/\/e.kosmolat.eu\/lt\/produktas\/i_dr-s-hyaluron-hair-matu-maska-deep-hydration-1-l\/","title":{"rendered":"I_DR.SANTE Hyaluron Hair Plauk\u0173 kauk\u0117 plaukams Deep Hydration, 1 l"},"content":{"rendered":"<p>Hyaluron Hair serija yra plauk\u0173 dr\u0117kinimo programa. Hialurono r\u016bg&scaron;ties molekuli\u0173 ir augal\u0173 dr\u0117kinimo komplekso sinergija suteikia 3D efekt\u0105: blizges\u012f, glotnum\u0105, elastingum\u0105.<br \/>\nDr\u0117kinamasis kompleksas 4 viename &ndash; skirtingos molekulin\u0117s mas\u0117s augalini\u0173 dr\u0117kinam\u0173j\u0173 priemoni\u0173 ir hialurono r\u016bg&scaron;\u010di\u0173 mi&scaron;inys, sukuriantis optimizuot\u0105 vietin\u0119 buferin\u0119 vandens pl\u0117vel\u0119 ant plauk\u0173 stiebo.<\/p>\n<ul>\n<li>Subalansuota kauk\u0117s formul\u0117 intensyviai dr\u0117kina ir atkuria plauk\u0173 strukt\u016br\u0105.<\/li>\n<li>Hialurono r\u016bg&scaron;tis u\u017etikrina b\u016btin\u0105 galvos odos dr\u0117kinim\u0105, gerina nat\u016bral\u0173 plauk\u0173 vandens balans\u0105.<\/li>\n<li>Alavij\u0173 gelis palaiko reikiam\u0105 dr\u0117gm\u0117s lyg\u012f ir apsaugo nuo plauk\u0173 l\u016b\u017ein\u0117jimo.<\/li>\n<li>Trehaloz\u0117 dr\u0117kina ir saugo nuo neigiamo aplinkos poveikio.<\/li>\n<\/ul>\n<p><strong>Naudojimo b\u016bdas: <\/strong>tepkite ant &scaron;vari\u0173, dr\u0117gn\u0173 plauk\u0173. Palikite 3-5 minutes, tada kruop&scaron;\u010diai nuplaukite. Naudokite 1-2 kartus per savait\u0119.<\/p>\n<p><strong>Atsargumo priemon\u0117s:<\/strong> jei pateko \u012f akis, nuplaukite vandeniu. Galimas padid\u0117j\u0119s individualus jautrumas atskiriems komponentams.<\/p>\n<p>Laikyti nuo +5&deg;C iki +25&deg;C temperat\u016broje.<br \/>\n&nbsp;<\/p>\n","protected":false},"excerpt":{"rendered":"<p>Hyaluron Hair serija yra plauk\u0173 dr\u0117kinimo programa. Hialurono r\u016bg&scaron;ties molekuli\u0173 ir augal\u0173 dr\u0117kinimo komplekso sinergija suteikia 3D efekt\u0105: blizges\u012f, glotnum\u0105, elastingum\u0105. Dr\u0117kinamasis kompleksas 4 viename &ndash; skirtingos molekulin\u0117s mas\u0117s augalini\u0173 dr\u0117kinam\u0173j\u0173 priemoni\u0173 ir hialurono r\u016bg&scaron;\u010di\u0173 mi&scaron;inys, sukuriantis optimizuot\u0105 vietin\u0119 buferin\u0119 vandens pl\u0117vel\u0119 ant plauk\u0173 stiebo. Subalansuota kauk\u0117s formul\u0117 intensyviai dr\u0117kina ir atkuria plauk\u0173 strukt\u016br\u0105. Hialurono [&#8230;]\n","protected":false},"featured_media":46863,"template":"","meta":[],"product_cat":[1256],"product_tag":[],"class_list":{"0":"post-46861","1":"product","2":"type-product","3":"status-publish","4":"has-post-thumbnail","6":"product_brand-elfa_ua-lt","7":"product_cat-plauku-kaukes","9":"first","10":"outofstock","11":"taxable","12":"shipping-taxable","13":"product-type-simple"},"_links":{"self":[{"href":"https:\/\/e.kosmolat.eu\/lt\/wp-json\/wp\/v2\/product\/46861","targetHints":{"allow":["GET"]}}],"collection":[{"href":"https:\/\/e.kosmolat.eu\/lt\/wp-json\/wp\/v2\/product"}],"about":[{"href":"https:\/\/e.kosmolat.eu\/lt\/wp-json\/wp\/v2\/types\/product"}],"wp:featuredmedia":[{"embeddable":true,"href":"https:\/\/e.kosmolat.eu\/lt\/wp-json\/wp\/v2\/media\/46863"}],"wp:attachment":[{"href":"https:\/\/e.kosmolat.eu\/lt\/wp-json\/wp\/v2\/media?parent=46861"}],"wp:term":[{"taxonomy":"product_cat","embeddable":true,"href":"https:\/\/e.kosmolat.eu\/lt\/wp-json\/wp\/v2\/product_cat?post=46861"},{"taxonomy":"product_tag","embeddable":true,"href":"https:\/\/e.kosmolat.eu\/lt\/wp-json\/wp\/v2\/product_tag?post=46861"}],"curies":[{"name":"wp","href":"https:\/\/api.w.org\/{rel}","templated":true}]}}