{"id":46744,"date":"2024-03-02T05:06:22","date_gmt":"2024-03-02T05:06:22","guid":{"rendered":"https:\/\/e.kosmolat.eu\/product\/cz-skrubis-kermenim-ideala-ada-200-ml\/"},"modified":"2025-09-19T16:09:47","modified_gmt":"2025-09-19T16:09:47","slug":"cz-skrubis-kermenim-ideala-ada-200-ml","status":"publish","type":"product","link":"https:\/\/e.kosmolat.eu\/lt\/produktas\/cz-skrubis-kermenim-ideala-ada-200-ml\/","title":{"rendered":"\u010cIORNYJ \u017dEM\u010cIUG K\u016bno \u0161veitiklis Ideali oda, 200 ml"},"content":{"rendered":"<p>Saugiai atnaujina ir i\u0161lygina od\u0105. Stimuliuoja mikrocirkuliacij\u0105, didina tonus\u0105 ir odos stangrum\u0105. <\/p>\n<p><strong>Naudojimas:<\/strong> tepkite \u0161veitikl\u012f ant dr\u0117gnos k\u016bno odos. Pamasa\u017euokite k\u016bn\u0105 lengvais sukamaisiais judesiais, yp\u010d alk\u016bni\u0173 srityje, keli\u0173 ir koj\u0173 p\u0117d\u0173. Nuplaukite \u0161veitikl\u012f \u0161iltu vandeniu.<\/p>\n","protected":false},"excerpt":{"rendered":"<p>Saugiai atnaujina ir i\u0161lygina od\u0105. Stimuliuoja mikrocirkuliacij\u0105, didina tonus\u0105 ir odos stangrum\u0105. Naudojimas: tepkite \u0161veitikl\u012f ant dr\u0117gnos k\u016bno odos. Pamasa\u017euokite k\u016bn\u0105 lengvais sukamaisiais judesiais, yp\u010d alk\u016bni\u0173 srityje, keli\u0173 ir koj\u0173 p\u0117d\u0173. Nuplaukite \u0161veitikl\u012f \u0161iltu vandeniu.<\/p>\n","protected":false},"featured_media":79398,"template":"","meta":[],"product_cat":[1359],"product_tag":[],"class_list":{"0":"post-46744","1":"product","2":"type-product","3":"status-publish","4":"has-post-thumbnail","6":"product_brand-unilever-rus-lt","7":"product_cat-kuno-sveitikliai-ir-pilingai","9":"first","10":"outofstock","11":"taxable","12":"shipping-taxable","13":"product-type-simple"},"_links":{"self":[{"href":"https:\/\/e.kosmolat.eu\/lt\/wp-json\/wp\/v2\/product\/46744","targetHints":{"allow":["GET"]}}],"collection":[{"href":"https:\/\/e.kosmolat.eu\/lt\/wp-json\/wp\/v2\/product"}],"about":[{"href":"https:\/\/e.kosmolat.eu\/lt\/wp-json\/wp\/v2\/types\/product"}],"wp:featuredmedia":[{"embeddable":true,"href":"https:\/\/e.kosmolat.eu\/lt\/wp-json\/wp\/v2\/media\/79398"}],"wp:attachment":[{"href":"https:\/\/e.kosmolat.eu\/lt\/wp-json\/wp\/v2\/media?parent=46744"}],"wp:term":[{"taxonomy":"product_cat","embeddable":true,"href":"https:\/\/e.kosmolat.eu\/lt\/wp-json\/wp\/v2\/product_cat?post=46744"},{"taxonomy":"product_tag","embeddable":true,"href":"https:\/\/e.kosmolat.eu\/lt\/wp-json\/wp\/v2\/product_tag?post=46744"}],"curies":[{"name":"wp","href":"https:\/\/api.w.org\/{rel}","templated":true}]}}