{"id":46696,"date":"2024-03-02T05:04:16","date_gmt":"2024-03-02T05:04:16","guid":{"rendered":"https:\/\/e.kosmolat.eu\/product\/i_bio-naturell-kremziepes-persiks-460-ml\/"},"modified":"2025-09-23T10:31:50","modified_gmt":"2025-09-23T10:31:50","slug":"bio-naturell-kremziepes-persiks-460-ml","status":"publish","type":"product","link":"https:\/\/e.kosmolat.eu\/lt\/produktas\/bio-naturell-kremziepes-persiks-460-ml\/","title":{"rendered":"BIO NATURELL Kremas-muilas Persikas, 460 ml"},"content":{"rendered":"<p>Sud\u0117tyje yra valan\u010di\u0173 komponent\u0173, kurie efektyviai pa&scaron;alina ne&scaron;varumus, nesausina odos. &Scaron;velnus kreminis-muilas &quot;Persikas&quot; &scaron;velniai valo rank\u0173 od\u0105. Sud\u0117tyje yra persik\u0173 ekstrakto ir glicerino, kad oda b\u016bt\u0173 &scaron;velni ir apsaugota nuo i&scaron;saus\u0117jimo. Jis turi kremin\u0119 tekst\u016br\u0105 ir malon\u0173 lengv\u0105 aromat\u0105. Oda tampa &scaron;velni ir lygi.<\/p>\n<p><strong>Naudojimas: <\/strong>reikiam\u0105 kiek\u012f kremo-muilo u\u017etepkite ant rank\u0173, suputokite, nuplaukite vandeniu.<\/p>\n<p><strong>Atsargumo priemon\u0117s: <\/strong>padid\u0117j\u0119s individualus jautrumas atskiriems komponentams.<br \/>\n&nbsp;<\/p>\n","protected":false},"excerpt":{"rendered":"<p>Sud\u0117tyje yra valan\u010di\u0173 komponent\u0173, kurie efektyviai pa&scaron;alina ne&scaron;varumus, nesausina odos. &Scaron;velnus kreminis-muilas &quot;Persikas&quot; &scaron;velniai valo rank\u0173 od\u0105. Sud\u0117tyje yra persik\u0173 ekstrakto ir glicerino, kad oda b\u016bt\u0173 &scaron;velni ir apsaugota nuo i&scaron;saus\u0117jimo. Jis turi kremin\u0119 tekst\u016br\u0105 ir malon\u0173 lengv\u0105 aromat\u0105. Oda tampa &scaron;velni ir lygi. Naudojimas: reikiam\u0105 kiek\u012f kremo-muilo u\u017etepkite ant rank\u0173, suputokite, nuplaukite vandeniu. Atsargumo [&#8230;]\n","protected":false},"featured_media":78087,"template":"","meta":[],"product_cat":[1609],"product_tag":[],"class_list":{"0":"post-46696","1":"product","2":"type-product","3":"status-publish","4":"has-post-thumbnail","6":"product_brand-elfa_ua-lt","7":"product_cat-muilas","9":"first","10":"outofstock","11":"taxable","12":"shipping-taxable","13":"product-type-simple"},"_links":{"self":[{"href":"https:\/\/e.kosmolat.eu\/lt\/wp-json\/wp\/v2\/product\/46696","targetHints":{"allow":["GET"]}}],"collection":[{"href":"https:\/\/e.kosmolat.eu\/lt\/wp-json\/wp\/v2\/product"}],"about":[{"href":"https:\/\/e.kosmolat.eu\/lt\/wp-json\/wp\/v2\/types\/product"}],"wp:featuredmedia":[{"embeddable":true,"href":"https:\/\/e.kosmolat.eu\/lt\/wp-json\/wp\/v2\/media\/78087"}],"wp:attachment":[{"href":"https:\/\/e.kosmolat.eu\/lt\/wp-json\/wp\/v2\/media?parent=46696"}],"wp:term":[{"taxonomy":"product_cat","embeddable":true,"href":"https:\/\/e.kosmolat.eu\/lt\/wp-json\/wp\/v2\/product_cat?post=46696"},{"taxonomy":"product_tag","embeddable":true,"href":"https:\/\/e.kosmolat.eu\/lt\/wp-json\/wp\/v2\/product_tag?post=46696"}],"curies":[{"name":"wp","href":"https:\/\/api.w.org\/{rel}","templated":true}]}}