{"id":46660,"date":"2024-03-02T05:03:09","date_gmt":"2024-03-02T05:03:09","guid":{"rendered":"https:\/\/e.kosmolat.eu\/product\/matbea-roku-krems-ekstremala-mitrinasana-75-ml\/"},"modified":"2025-08-18T10:11:10","modified_gmt":"2025-08-18T10:11:10","slug":"matbea-roku-krems-ekstremala-mitrinasana-75-ml","status":"publish","type":"product","link":"https:\/\/e.kosmolat.eu\/lt\/produktas\/matbea-roku-krems-ekstremala-mitrinasana-75-ml\/","title":{"rendered":"MATBEA Rank\u0173 kremas Ekstremalus dr\u0117kinimas, 75 ml"},"content":{"rendered":"<p>&bull;&nbsp;Akimirksniu dr\u0117kina rankas<br \/>\n&bull; Nepalieka riebumo<br \/>\n&bull; Pa\u0161alina sausum\u0105 ir mikro\u012ftr\u016bkimus<\/p>\n<p>Karbamidas 3% &#8211; neleid\u017eia per daug i\u0161garuoti dr\u0117gmei nuo epidermio pavir\u0161iaus. Efektyviai mink\u0161tina od\u0105 aplink nag\u0173 guol\u012f. Alantoinas mink\u0161tina ir atkuria suskilin\u0117jusi\u0105 rank\u0173 ir alk\u016bni\u0173 od\u0105. Nu\u0161vei\u010dia vir\u0161utin\u012f dermos sluoksn\u012f, skatina jo atsinaujinim\u0105. Taukmed\u017ei\u0173 sviestas mink\u0161tina odeles ir daro rank\u0173 od\u0105 &nbsp;lygi\u0105 ir mink\u0161t\u0105.<\/p>\n<p><strong>Naudojimas: <\/strong>nedidel\u012f kiek\u012f kremo u\u017etepkite ant nuvalytos rank\u0173 odos, masa\u017euojamaisiais judesiais paskirstykite per vis\u0105 deln\u0173 pavir\u0161i\u0173.<br \/>\n&nbsp;<\/p>\n","protected":false},"excerpt":{"rendered":"<p>&bull;&nbsp;Akimirksniu dr\u0117kina rankas &bull; Nepalieka riebumo &bull; Pa\u0161alina sausum\u0105 ir mikro\u012ftr\u016bkimus Karbamidas 3% &#8211; neleid\u017eia per daug i\u0161garuoti dr\u0117gmei nuo epidermio pavir\u0161iaus. Efektyviai mink\u0161tina od\u0105 aplink nag\u0173 guol\u012f. Alantoinas mink\u0161tina ir atkuria suskilin\u0117jusi\u0105 rank\u0173 ir alk\u016bni\u0173 od\u0105. Nu\u0161vei\u010dia vir\u0161utin\u012f dermos sluoksn\u012f, skatina jo atsinaujinim\u0105. Taukmed\u017ei\u0173 sviestas mink\u0161tina odeles ir daro rank\u0173 od\u0105 &nbsp;lygi\u0105 ir mink\u0161t\u0105. [&#8230;]\n","protected":false},"featured_media":46662,"template":"","meta":[],"product_cat":[1304],"product_tag":[],"class_list":{"0":"post-46660","1":"product","2":"type-product","3":"status-publish","4":"has-post-thumbnail","6":"product_brand-matbea_sivis_by-lt","7":"product_cat-ranku-prieziuros-kosmetika","9":"first","10":"outofstock","11":"taxable","12":"shipping-taxable","13":"product-type-simple"},"_links":{"self":[{"href":"https:\/\/e.kosmolat.eu\/lt\/wp-json\/wp\/v2\/product\/46660","targetHints":{"allow":["GET"]}}],"collection":[{"href":"https:\/\/e.kosmolat.eu\/lt\/wp-json\/wp\/v2\/product"}],"about":[{"href":"https:\/\/e.kosmolat.eu\/lt\/wp-json\/wp\/v2\/types\/product"}],"wp:featuredmedia":[{"embeddable":true,"href":"https:\/\/e.kosmolat.eu\/lt\/wp-json\/wp\/v2\/media\/46662"}],"wp:attachment":[{"href":"https:\/\/e.kosmolat.eu\/lt\/wp-json\/wp\/v2\/media?parent=46660"}],"wp:term":[{"taxonomy":"product_cat","embeddable":true,"href":"https:\/\/e.kosmolat.eu\/lt\/wp-json\/wp\/v2\/product_cat?post=46660"},{"taxonomy":"product_tag","embeddable":true,"href":"https:\/\/e.kosmolat.eu\/lt\/wp-json\/wp\/v2\/product_tag?post=46660"}],"curies":[{"name":"wp","href":"https:\/\/api.w.org\/{rel}","templated":true}]}}