{"id":46563,"date":"2024-02-29T11:36:37","date_gmt":"2024-02-29T11:36:37","guid":{"rendered":"https:\/\/e.kosmolat.eu\/product\/ie%d0%b5%d1%81%d0%ba-ae%d1%8f-n%d1%83i-nude-harmony-outfit-lip-%d1%82%d0%be%d0%bd-26\/"},"modified":"2026-03-31T20:52:29","modified_gmt":"2026-03-31T20:52:29","slug":"bd-nh-outfit-lip-lakots-lupu-spid-26-4-1-g","status":"publish","type":"product","link":"https:\/\/e.kosmolat.eu\/lt\/produktas\/bd-nh-outfit-lip-lakots-lupu-spid-26-4-1-g\/","title":{"rendered":"BELOR DESIGN Nude Harmony Outfit Lip Lacquer l\u016bp\u0173 blizgis, tonas 26, 4,1 g"},"content":{"rendered":"<p>Laikyti nuo 0 &deg;\u0421 iki +25 &deg;\u0421 temperat\u016broje sausoje vietoje, toliau nuo &scaron;ildymo prietais\u0173, saugoti nuo tiesiogini\u0173 saul\u0117s spinduli\u0173.<\/p>\n","protected":false},"excerpt":{"rendered":"<p>Laikyti nuo 0 &deg;\u0421 iki +25 &deg;\u0421 temperat\u016broje sausoje vietoje, toliau nuo &scaron;ildymo prietais\u0173, saugoti nuo tiesiogini\u0173 saul\u0117s spinduli\u0173.<\/p>\n","protected":false},"featured_media":91078,"template":"","meta":[],"product_cat":[1273],"product_tag":[],"class_list":{"0":"post-46563","1":"product","2":"type-product","3":"status-publish","4":"has-post-thumbnail","6":"product_brand-belordizain_by-lt","7":"product_cat-lupu-blizgesys","9":"first","10":"outofstock","11":"taxable","12":"shipping-taxable","13":"product-type-simple"},"_links":{"self":[{"href":"https:\/\/e.kosmolat.eu\/lt\/wp-json\/wp\/v2\/product\/46563","targetHints":{"allow":["GET"]}}],"collection":[{"href":"https:\/\/e.kosmolat.eu\/lt\/wp-json\/wp\/v2\/product"}],"about":[{"href":"https:\/\/e.kosmolat.eu\/lt\/wp-json\/wp\/v2\/types\/product"}],"wp:featuredmedia":[{"embeddable":true,"href":"https:\/\/e.kosmolat.eu\/lt\/wp-json\/wp\/v2\/media\/91078"}],"wp:attachment":[{"href":"https:\/\/e.kosmolat.eu\/lt\/wp-json\/wp\/v2\/media?parent=46563"}],"wp:term":[{"taxonomy":"product_cat","embeddable":true,"href":"https:\/\/e.kosmolat.eu\/lt\/wp-json\/wp\/v2\/product_cat?post=46563"},{"taxonomy":"product_tag","embeddable":true,"href":"https:\/\/e.kosmolat.eu\/lt\/wp-json\/wp\/v2\/product_tag?post=46563"}],"curies":[{"name":"wp","href":"https:\/\/api.w.org\/{rel}","templated":true}]}}