{"id":46555,"date":"2024-02-29T11:06:37","date_gmt":"2024-02-29T11:06:37","guid":{"rendered":"https:\/\/e.kosmolat.eu\/product\/ie%d0%b5%d1%81%d0%ba-ae%d1%8f-n%d1%83i-nude-harmony-outfit-lip-%d1%82%d0%be%d0%bd-21\/"},"modified":"2026-04-13T10:25:31","modified_gmt":"2026-04-13T10:25:31","slug":"bd-nh-outfit-lip-lakots-lupu-spid-21-4-1-g","status":"publish","type":"product","link":"https:\/\/e.kosmolat.eu\/lt\/produktas\/bd-nh-outfit-lip-lakots-lupu-spid-21-4-1-g\/","title":{"rendered":"BELOR DESIGN Nude Harmony Outfit Lip Lacquer l\u016bp\u0173 blizgis, tonas 21, 4,1 g"},"content":{"rendered":"<p>Laikyti nuo 0 &deg;\u0421 iki +25 &deg;\u0421 temperat\u016broje sausoje vietoje, toliau nuo &scaron;ildymo prietais\u0173, saugoti nuo tiesiogini\u0173 saul\u0117s spinduli\u0173.<\/p>\n","protected":false},"excerpt":{"rendered":"<p>Laikyti nuo 0 &deg;\u0421 iki +25 &deg;\u0421 temperat\u016broje sausoje vietoje, toliau nuo &scaron;ildymo prietais\u0173, saugoti nuo tiesiogini\u0173 saul\u0117s spinduli\u0173.<\/p>\n","protected":false},"featured_media":91058,"template":"","meta":[],"product_cat":[2181],"product_tag":[],"class_list":{"0":"post-46555","1":"product","2":"type-product","3":"status-publish","4":"has-post-thumbnail","6":"product_brand-belordizain_by-lt","7":"product_cat-bez-kategorijas-lt","9":"first","10":"outofstock","11":"taxable","12":"shipping-taxable","13":"product-type-simple"},"_links":{"self":[{"href":"https:\/\/e.kosmolat.eu\/lt\/wp-json\/wp\/v2\/product\/46555","targetHints":{"allow":["GET"]}}],"collection":[{"href":"https:\/\/e.kosmolat.eu\/lt\/wp-json\/wp\/v2\/product"}],"about":[{"href":"https:\/\/e.kosmolat.eu\/lt\/wp-json\/wp\/v2\/types\/product"}],"wp:featuredmedia":[{"embeddable":true,"href":"https:\/\/e.kosmolat.eu\/lt\/wp-json\/wp\/v2\/media\/91058"}],"wp:attachment":[{"href":"https:\/\/e.kosmolat.eu\/lt\/wp-json\/wp\/v2\/media?parent=46555"}],"wp:term":[{"taxonomy":"product_cat","embeddable":true,"href":"https:\/\/e.kosmolat.eu\/lt\/wp-json\/wp\/v2\/product_cat?post=46555"},{"taxonomy":"product_tag","embeddable":true,"href":"https:\/\/e.kosmolat.eu\/lt\/wp-json\/wp\/v2\/product_tag?post=46555"}],"curies":[{"name":"wp","href":"https:\/\/api.w.org\/{rel}","templated":true}]}}