{"id":46547,"date":"2024-02-29T05:48:29","date_gmt":"2024-02-29T05:48:29","guid":{"rendered":"https:\/\/e.kosmolat.eu\/product\/axe-epic-fresh-dus-zel-3in1-kerm-seja-mati-xl-400-ml\/"},"modified":"2026-04-10T09:36:19","modified_gmt":"2026-04-10T09:36:19","slug":"axe-epic-fresh-dus-zel-3in1-kerm-seja-mati-xl-400-ml","status":"publish","type":"product","link":"https:\/\/e.kosmolat.eu\/lt\/produktas\/axe-epic-fresh-dus-zel-3in1-kerm-seja-mati-xl-400-ml\/","title":{"rendered":"AXE Epic Fresh du\u0161o gelis 3in1  k\u016bnui, veidui, plaukams XL, 400 ml"},"content":{"rendered":"<p>Du&scaron;o gelis su greipfrut\u0173 ir tropini\u0173 ananas\u0173 aromatu. I&scaron;laiko stabil\u0173 aromat\u0105 12 valand\u0173. 87% komponent\u0173 yra nat\u016bralios kilm\u0117s. Dermatologi&scaron;kai patikrintas.<\/p>\n","protected":false},"excerpt":{"rendered":"<p>Du&scaron;o gelis su greipfrut\u0173 ir tropini\u0173 ananas\u0173 aromatu. I&scaron;laiko stabil\u0173 aromat\u0105 12 valand\u0173. 87% komponent\u0173 yra nat\u016bralios kilm\u0117s. Dermatologi&scaron;kai patikrintas.<\/p>\n","protected":false},"featured_media":91510,"template":"","meta":[],"product_cat":[1251],"product_tag":[],"class_list":{"0":"post-46547","1":"product","2":"type-product","3":"status-publish","4":"has-post-thumbnail","6":"product_brand-unilever-ua-lt","7":"product_cat-sampunai","9":"first","10":"instock","11":"taxable","12":"shipping-taxable","13":"product-type-simple"},"_links":{"self":[{"href":"https:\/\/e.kosmolat.eu\/lt\/wp-json\/wp\/v2\/product\/46547","targetHints":{"allow":["GET"]}}],"collection":[{"href":"https:\/\/e.kosmolat.eu\/lt\/wp-json\/wp\/v2\/product"}],"about":[{"href":"https:\/\/e.kosmolat.eu\/lt\/wp-json\/wp\/v2\/types\/product"}],"wp:featuredmedia":[{"embeddable":true,"href":"https:\/\/e.kosmolat.eu\/lt\/wp-json\/wp\/v2\/media\/91510"}],"wp:attachment":[{"href":"https:\/\/e.kosmolat.eu\/lt\/wp-json\/wp\/v2\/media?parent=46547"}],"wp:term":[{"taxonomy":"product_cat","embeddable":true,"href":"https:\/\/e.kosmolat.eu\/lt\/wp-json\/wp\/v2\/product_cat?post=46547"},{"taxonomy":"product_tag","embeddable":true,"href":"https:\/\/e.kosmolat.eu\/lt\/wp-json\/wp\/v2\/product_tag?post=46547"}],"curies":[{"name":"wp","href":"https:\/\/api.w.org\/{rel}","templated":true}]}}