{"id":46515,"date":"2024-02-29T05:47:17","date_gmt":"2024-02-29T05:47:17","guid":{"rendered":"https:\/\/e.kosmolat.eu\/product\/axe-black-dusas-zel-3in1-kerm-seja-mati-xl-400-ml\/"},"modified":"2026-04-02T06:51:29","modified_gmt":"2026-04-02T06:51:29","slug":"axe-black-dusas-zel-3in1-kerm-seja-mati-xl-400-ml","status":"publish","type":"product","link":"https:\/\/e.kosmolat.eu\/lt\/produktas\/axe-black-dusas-zel-3in1-kerm-seja-mati-xl-400-ml\/","title":{"rendered":"AXE Black Du\u0161o gelis 3in1  k\u016bnui, veidui, plaukams XL, 400 ml"},"content":{"rendered":"<p>Du&scaron;o gelis su &scaron;aldyt\u0173 kriau&scaron;i\u0173 &nbsp;ir kedr\u0173 aromatu. I&scaron;laiko stabil\u0173 aromat\u0105 12 valand\u0173. 87% komponent\u0173 yra nat\u016bralios kilm\u0117s. Dermatologi&scaron;kai patikrintas.<\/p>\n","protected":false},"excerpt":{"rendered":"<p>Du&scaron;o gelis su &scaron;aldyt\u0173 kriau&scaron;i\u0173 &nbsp;ir kedr\u0173 aromatu. I&scaron;laiko stabil\u0173 aromat\u0105 12 valand\u0173. 87% komponent\u0173 yra nat\u016bralios kilm\u0117s. Dermatologi&scaron;kai patikrintas.<\/p>\n","protected":false},"featured_media":91494,"template":"","meta":[],"product_cat":[1691],"product_tag":[],"class_list":{"0":"post-46515","1":"product","2":"type-product","3":"status-publish","4":"has-post-thumbnail","6":"product_brand-unilever-ua-lt","7":"product_cat-duso-geliai","9":"first","10":"instock","11":"taxable","12":"shipping-taxable","13":"product-type-simple"},"_links":{"self":[{"href":"https:\/\/e.kosmolat.eu\/lt\/wp-json\/wp\/v2\/product\/46515","targetHints":{"allow":["GET"]}}],"collection":[{"href":"https:\/\/e.kosmolat.eu\/lt\/wp-json\/wp\/v2\/product"}],"about":[{"href":"https:\/\/e.kosmolat.eu\/lt\/wp-json\/wp\/v2\/types\/product"}],"wp:featuredmedia":[{"embeddable":true,"href":"https:\/\/e.kosmolat.eu\/lt\/wp-json\/wp\/v2\/media\/91494"}],"wp:attachment":[{"href":"https:\/\/e.kosmolat.eu\/lt\/wp-json\/wp\/v2\/media?parent=46515"}],"wp:term":[{"taxonomy":"product_cat","embeddable":true,"href":"https:\/\/e.kosmolat.eu\/lt\/wp-json\/wp\/v2\/product_cat?post=46515"},{"taxonomy":"product_tag","embeddable":true,"href":"https:\/\/e.kosmolat.eu\/lt\/wp-json\/wp\/v2\/product_tag?post=46515"}],"curies":[{"name":"wp","href":"https:\/\/api.w.org\/{rel}","templated":true}]}}