{"id":46475,"date":"2024-02-29T05:45:49","date_gmt":"2024-02-29T05:45:49","guid":{"rendered":"https:\/\/e.kosmolat.eu\/product\/axe-black-vir-dezodor-kerm-sprejs-150-ml\/"},"modified":"2026-04-15T14:02:51","modified_gmt":"2026-04-15T14:02:51","slug":"axe-black-vir-dezodor-kerm-sprejs-150-ml","status":"publish","type":"product","link":"https:\/\/e.kosmolat.eu\/lt\/produktas\/axe-black-vir-dezodor-kerm-sprejs-150-ml\/","title":{"rendered":"AXE Black Vyri\u0161kas pur\u0161kiamas dezodorantas, 150 ml"},"content":{"rendered":"<p>Su &scaron;aldyt\u0173 kriau&scaron;i\u0173 ir kedr\u0173 aromatu.<\/p>\n<p><strong>Naudojimas:<\/strong> purk&scaron;ti 15 cm atstumu.<\/p>\n<p><strong>Atsargumo priemon\u0117s:<\/strong>&nbsp;nenaudoti ant pa\u017eeistos ar sudirgusios odos. Nutraukite naudojim\u0105, jei atsiranda dirginimas ar b\u0117rimas.<\/p>\n<p>&nbsp;<\/p>\n<p><strong><img decoding=\"async\" alt=\"\" src=\"file:\/\/\/C:\/Users\/masha\/Desktop\/GHS%2002.jpg\" style=\"height:40px; width:40px\" \/>GHS02 Pavojinga<\/strong><br \/>\n<strong>H222 <\/strong>Ypa\u010d degus aerozolis.<\/p>\n<p><strong>H229<\/strong> Sl\u0117gin\u0117 talpykla. Kaitinama gali sprogti.<\/p>\n<p>P102 Laikyti vaikams neprieinamoje vietoje<br \/>\nP210 Laikyti atokiau nuo &scaron;ilumos &scaron;altini\u0173, kar&scaron;t\u0173 pavir&scaron;i\u0173, \u017eie\u017eirb\u0173, atviros liepsnos arba kit\u0173 degimo &scaron;altini\u0173. Ner\u016bkyti.<br \/>\nP211 Nepurk&scaron;ti \u012f atvir\u0105 liepsn\u0105 arba kitus degimo &scaron;altinius.<br \/>\nP251 Nepradurti ir nedeginti net panaudoto.<\/p>\n<p>P410+P412 Saugoti nuo saul\u0117s &scaron;viesos. Nelaikyti auk&scaron;tesn\u0117je kaip 50 &deg;C \/122 &deg;F temperat\u016broje.<br \/>\n&nbsp;<\/p>\n","protected":false},"excerpt":{"rendered":"<p>Su &scaron;aldyt\u0173 kriau&scaron;i\u0173 ir kedr\u0173 aromatu. Naudojimas: purk&scaron;ti 15 cm atstumu. Atsargumo priemon\u0117s:&nbsp;nenaudoti ant pa\u017eeistos ar sudirgusios odos. Nutraukite naudojim\u0105, jei atsiranda dirginimas ar b\u0117rimas. &nbsp; GHS02 Pavojinga H222 Ypa\u010d degus aerozolis. H229 Sl\u0117gin\u0117 talpykla. Kaitinama gali sprogti. P102 Laikyti vaikams neprieinamoje vietoje P210 Laikyti atokiau nuo &scaron;ilumos &scaron;altini\u0173, kar&scaron;t\u0173 pavir&scaron;i\u0173, \u017eie\u017eirb\u0173, atviros liepsnos arba [&#8230;]\n","protected":false},"featured_media":91474,"template":"","meta":[],"product_cat":[2181],"product_tag":[],"class_list":{"0":"post-46475","1":"product","2":"type-product","3":"status-publish","4":"has-post-thumbnail","6":"product_brand-unilever-ua-lt","7":"product_cat-bez-kategorijas-lt","9":"first","10":"instock","11":"taxable","12":"shipping-taxable","13":"product-type-simple"},"_links":{"self":[{"href":"https:\/\/e.kosmolat.eu\/lt\/wp-json\/wp\/v2\/product\/46475","targetHints":{"allow":["GET"]}}],"collection":[{"href":"https:\/\/e.kosmolat.eu\/lt\/wp-json\/wp\/v2\/product"}],"about":[{"href":"https:\/\/e.kosmolat.eu\/lt\/wp-json\/wp\/v2\/types\/product"}],"wp:featuredmedia":[{"embeddable":true,"href":"https:\/\/e.kosmolat.eu\/lt\/wp-json\/wp\/v2\/media\/91474"}],"wp:attachment":[{"href":"https:\/\/e.kosmolat.eu\/lt\/wp-json\/wp\/v2\/media?parent=46475"}],"wp:term":[{"taxonomy":"product_cat","embeddable":true,"href":"https:\/\/e.kosmolat.eu\/lt\/wp-json\/wp\/v2\/product_cat?post=46475"},{"taxonomy":"product_tag","embeddable":true,"href":"https:\/\/e.kosmolat.eu\/lt\/wp-json\/wp\/v2\/product_tag?post=46475"}],"curies":[{"name":"wp","href":"https:\/\/api.w.org\/{rel}","templated":true}]}}