{"id":46467,"date":"2024-02-29T05:45:33","date_gmt":"2024-02-29T05:45:33","guid":{"rendered":"https:\/\/e.kosmolat.eu\/product\/lux-botanicals-dusas-zel-vige-un-geran-ella-500-ml\/"},"modified":"2025-09-20T04:01:19","modified_gmt":"2025-09-20T04:01:19","slug":"lux-botanicals-dusas-zel-vige-un-geran-ella-500-ml","status":"publish","type":"product","link":"https:\/\/e.kosmolat.eu\/lt\/produktas\/lux-botanicals-dusas-zel-vige-un-geran-ella-500-ml\/","title":{"rendered":"LUX Botanicals Du\u0161o gelis figos ir pelargonijos, 500 ml"},"content":{"rendered":"<p>Jausmingas \u017eydin\u010di\u0173 fig\u0173 kvapas, \u012fvilktas \u012f nuostabi\u0173 pelargonij\u0173 puok&scaron;t\u0119, primins atostogas Vidur\u017eemio j\u016broje. Praturtintas nat\u016braliais ingredientais, Lux Botanicals Skin Revitalize pad\u0117s j\u016bs\u0173 odai jaustis gaivai kiekvien\u0105 dien\u0105. Sud\u0117tyje n\u0117ra da\u017eikli\u0173. Sud\u0117tyje yra 100% nat\u016brali\u0173 ekstrakt\u0173. Dermatologi&scaron;kai patikrintas.<\/p>\n","protected":false},"excerpt":{"rendered":"<p>Jausmingas \u017eydin\u010di\u0173 fig\u0173 kvapas, \u012fvilktas \u012f nuostabi\u0173 pelargonij\u0173 puok&scaron;t\u0119, primins atostogas Vidur\u017eemio j\u016broje. Praturtintas nat\u016braliais ingredientais, Lux Botanicals Skin Revitalize pad\u0117s j\u016bs\u0173 odai jaustis gaivai kiekvien\u0105 dien\u0105. Sud\u0117tyje n\u0117ra da\u017eikli\u0173. Sud\u0117tyje yra 100% nat\u016brali\u0173 ekstrakt\u0173. Dermatologi&scaron;kai patikrintas.<\/p>\n","protected":false},"featured_media":91470,"template":"","meta":[],"product_cat":[1691],"product_tag":[],"class_list":{"0":"post-46467","1":"product","2":"type-product","3":"status-publish","4":"has-post-thumbnail","6":"product_brand-unilever-ua-lt","7":"product_cat-duso-geliai","9":"first","10":"outofstock","11":"taxable","12":"shipping-taxable","13":"product-type-simple"},"_links":{"self":[{"href":"https:\/\/e.kosmolat.eu\/lt\/wp-json\/wp\/v2\/product\/46467","targetHints":{"allow":["GET"]}}],"collection":[{"href":"https:\/\/e.kosmolat.eu\/lt\/wp-json\/wp\/v2\/product"}],"about":[{"href":"https:\/\/e.kosmolat.eu\/lt\/wp-json\/wp\/v2\/types\/product"}],"wp:featuredmedia":[{"embeddable":true,"href":"https:\/\/e.kosmolat.eu\/lt\/wp-json\/wp\/v2\/media\/91470"}],"wp:attachment":[{"href":"https:\/\/e.kosmolat.eu\/lt\/wp-json\/wp\/v2\/media?parent=46467"}],"wp:term":[{"taxonomy":"product_cat","embeddable":true,"href":"https:\/\/e.kosmolat.eu\/lt\/wp-json\/wp\/v2\/product_cat?post=46467"},{"taxonomy":"product_tag","embeddable":true,"href":"https:\/\/e.kosmolat.eu\/lt\/wp-json\/wp\/v2\/product_tag?post=46467"}],"curies":[{"name":"wp","href":"https:\/\/api.w.org\/{rel}","templated":true}]}}