{"id":46451,"date":"2024-02-29T05:44:27","date_gmt":"2024-02-29T05:44:27","guid":{"rendered":"https:\/\/e.kosmolat.eu\/product\/lux-botanicals-dusas-zel-kirsu-ziedi-un-niacinam-500-ml\/"},"modified":"2025-09-20T04:00:52","modified_gmt":"2025-09-20T04:00:52","slug":"lux-botanicals-dusas-zel-kirsu-ziedi-un-niacinam-500-ml","status":"publish","type":"product","link":"https:\/\/e.kosmolat.eu\/lt\/produktas\/lux-botanicals-dusas-zel-kirsu-ziedi-un-niacinam-500-ml\/","title":{"rendered":"LUX Botanicals du\u0161o gelis \u017eydin\u010dios vy\u0161nios ir niacinamidas, 500 ml"},"content":{"rendered":"<p>Pasinerkite \u012f vy&scaron;ni\u0173 sodo atmosfer\u0105 su du&scaron;o \u017eel\u0117 su vy&scaron;ni\u0173 \u017eied\u0173 kvapu. Lux Botanicals Skin Radiance formul\u0117 paliks j\u016bs\u0173 od\u0105 &scaron;vari\u0105, gaivi\u0105 ir malonaus pavasari&scaron;ko kvapo. Sud\u0117tyje n\u0117ra da\u017eikli\u0173. Sud\u0117tyje yra 100% nat\u016brali\u0173 ekstrakt\u0173. Dermatologi&scaron;kai patikrintas.<\/p>\n","protected":false},"excerpt":{"rendered":"<p>Pasinerkite \u012f vy&scaron;ni\u0173 sodo atmosfer\u0105 su du&scaron;o \u017eel\u0117 su vy&scaron;ni\u0173 \u017eied\u0173 kvapu. Lux Botanicals Skin Radiance formul\u0117 paliks j\u016bs\u0173 od\u0105 &scaron;vari\u0105, gaivi\u0105 ir malonaus pavasari&scaron;ko kvapo. Sud\u0117tyje n\u0117ra da\u017eikli\u0173. Sud\u0117tyje yra 100% nat\u016brali\u0173 ekstrakt\u0173. Dermatologi&scaron;kai patikrintas.<\/p>\n","protected":false},"featured_media":91462,"template":"","meta":[],"product_cat":[1691],"product_tag":[],"class_list":{"0":"post-46451","1":"product","2":"type-product","3":"status-publish","4":"has-post-thumbnail","6":"product_brand-unilever-ua-lt","7":"product_cat-duso-geliai","9":"first","10":"outofstock","11":"taxable","12":"shipping-taxable","13":"product-type-simple"},"_links":{"self":[{"href":"https:\/\/e.kosmolat.eu\/lt\/wp-json\/wp\/v2\/product\/46451","targetHints":{"allow":["GET"]}}],"collection":[{"href":"https:\/\/e.kosmolat.eu\/lt\/wp-json\/wp\/v2\/product"}],"about":[{"href":"https:\/\/e.kosmolat.eu\/lt\/wp-json\/wp\/v2\/types\/product"}],"wp:featuredmedia":[{"embeddable":true,"href":"https:\/\/e.kosmolat.eu\/lt\/wp-json\/wp\/v2\/media\/91462"}],"wp:attachment":[{"href":"https:\/\/e.kosmolat.eu\/lt\/wp-json\/wp\/v2\/media?parent=46451"}],"wp:term":[{"taxonomy":"product_cat","embeddable":true,"href":"https:\/\/e.kosmolat.eu\/lt\/wp-json\/wp\/v2\/product_cat?post=46451"},{"taxonomy":"product_tag","embeddable":true,"href":"https:\/\/e.kosmolat.eu\/lt\/wp-json\/wp\/v2\/product_tag?post=46451"}],"curies":[{"name":"wp","href":"https:\/\/api.w.org\/{rel}","templated":true}]}}