{"id":46443,"date":"2024-02-29T05:44:09","date_gmt":"2024-02-29T05:44:09","guid":{"rendered":"https:\/\/e.kosmolat.eu\/product\/axe-ice-chill-vir-antipersp-zimulis-48-st-50-ml\/"},"modified":"2026-04-01T05:25:20","modified_gmt":"2026-04-01T05:25:20","slug":"axe-ice-chill-vir-antipersp-zimulis-48-st-50-ml","status":"publish","type":"product","link":"https:\/\/e.kosmolat.eu\/lt\/produktas\/axe-ice-chill-vir-antipersp-zimulis-48-st-50-ml\/","title":{"rendered":"AXE Ice Chill Vyri\u0161kas pie\u0161tukinis  antiperspirantas  48 val., 50 ml"},"content":{"rendered":"<p>Nenaudoti ant pa\u017eeistos ar sudirgusios odos. Naudokite tik pa\u017eastims. Nustokite naudti, jei atsiranda dirginimas ar b\u0117rimas.<\/p>\n","protected":false},"excerpt":{"rendered":"<p>Nenaudoti ant pa\u017eeistos ar sudirgusios odos. Naudokite tik pa\u017eastims. Nustokite naudti, jei atsiranda dirginimas ar b\u0117rimas.<\/p>\n","protected":false},"featured_media":104560,"template":"","meta":[],"product_cat":[1694],"product_tag":[],"class_list":{"0":"post-46443","1":"product","2":"type-product","3":"status-publish","4":"has-post-thumbnail","6":"product_brand-unilever-ua-lt","7":"product_cat-dezodorantai-vyrams-2","9":"first","10":"instock","11":"taxable","12":"shipping-taxable","13":"product-type-simple"},"_links":{"self":[{"href":"https:\/\/e.kosmolat.eu\/lt\/wp-json\/wp\/v2\/product\/46443","targetHints":{"allow":["GET"]}}],"collection":[{"href":"https:\/\/e.kosmolat.eu\/lt\/wp-json\/wp\/v2\/product"}],"about":[{"href":"https:\/\/e.kosmolat.eu\/lt\/wp-json\/wp\/v2\/types\/product"}],"wp:featuredmedia":[{"embeddable":true,"href":"https:\/\/e.kosmolat.eu\/lt\/wp-json\/wp\/v2\/media\/104560"}],"wp:attachment":[{"href":"https:\/\/e.kosmolat.eu\/lt\/wp-json\/wp\/v2\/media?parent=46443"}],"wp:term":[{"taxonomy":"product_cat","embeddable":true,"href":"https:\/\/e.kosmolat.eu\/lt\/wp-json\/wp\/v2\/product_cat?post=46443"},{"taxonomy":"product_tag","embeddable":true,"href":"https:\/\/e.kosmolat.eu\/lt\/wp-json\/wp\/v2\/product_tag?post=46443"}],"curies":[{"name":"wp","href":"https:\/\/api.w.org\/{rel}","templated":true}]}}