{"id":46427,"date":"2024-02-29T05:43:29","date_gmt":"2024-02-29T05:43:29","guid":{"rendered":"https:\/\/e.kosmolat.eu\/product\/axe-dark-temptation-vir-antipersp-zimul-48-st-50-ml\/"},"modified":"2026-03-06T09:37:48","modified_gmt":"2026-03-06T09:37:48","slug":"axe-dark-temptation-vir-antipersp-zimul-48-st-50-ml","status":"publish","type":"product","link":"https:\/\/e.kosmolat.eu\/lt\/produktas\/axe-dark-temptation-vir-antipersp-zimul-48-st-50-ml\/","title":{"rendered":"AXE Dark Temptation Vyri\u0161kas pie\u0161tukinis antiperspirantas 48 val., 50 ml"},"content":{"rendered":"<p>Nenaudoti ant pa\u017eeistos ar sudirgusios odos. Naudokite tik pa\u017eastims. Nustokite naudti, jei atsiranda dirginimas ar b\u0117rimas.<\/p>\n","protected":false},"excerpt":{"rendered":"<p>Nenaudoti ant pa\u017eeistos ar sudirgusios odos. Naudokite tik pa\u017eastims. Nustokite naudti, jei atsiranda dirginimas ar b\u0117rimas.<\/p>\n","protected":false},"featured_media":91450,"template":"","meta":[],"product_cat":[2181],"product_tag":[],"class_list":{"0":"post-46427","1":"product","2":"type-product","3":"status-publish","4":"has-post-thumbnail","6":"product_brand-unilever-ua-lt","7":"product_cat-bez-kategorijas-lt","9":"first","10":"outofstock","11":"taxable","12":"shipping-taxable","13":"product-type-simple"},"_links":{"self":[{"href":"https:\/\/e.kosmolat.eu\/lt\/wp-json\/wp\/v2\/product\/46427","targetHints":{"allow":["GET"]}}],"collection":[{"href":"https:\/\/e.kosmolat.eu\/lt\/wp-json\/wp\/v2\/product"}],"about":[{"href":"https:\/\/e.kosmolat.eu\/lt\/wp-json\/wp\/v2\/types\/product"}],"wp:featuredmedia":[{"embeddable":true,"href":"https:\/\/e.kosmolat.eu\/lt\/wp-json\/wp\/v2\/media\/91450"}],"wp:attachment":[{"href":"https:\/\/e.kosmolat.eu\/lt\/wp-json\/wp\/v2\/media?parent=46427"}],"wp:term":[{"taxonomy":"product_cat","embeddable":true,"href":"https:\/\/e.kosmolat.eu\/lt\/wp-json\/wp\/v2\/product_cat?post=46427"},{"taxonomy":"product_tag","embeddable":true,"href":"https:\/\/e.kosmolat.eu\/lt\/wp-json\/wp\/v2\/product_tag?post=46427"}],"curies":[{"name":"wp","href":"https:\/\/api.w.org\/{rel}","templated":true}]}}