{"id":46419,"date":"2024-02-29T05:43:14","date_gmt":"2024-02-29T05:43:14","guid":{"rendered":"https:\/\/e.kosmolat.eu\/product\/savo-original-pelejuma-tirisanas-lidzeklis-500-ml\/"},"modified":"2026-04-01T13:24:04","modified_gmt":"2026-04-01T13:24:04","slug":"savo-original-pelejuma-tirisanas-lidzeklis-500-ml","status":"publish","type":"product","link":"https:\/\/e.kosmolat.eu\/lt\/produktas\/savo-original-pelejuma-tirisanas-lidzeklis-500-ml\/","title":{"rendered":"SAVO ORIGINAL Priemon\u0117 nuo pel\u0117si\u0173 , 500 ml"},"content":{"rendered":"<p>Veiksmingai pa&scaron;alina vis\u0173 r\u016b&scaron;i\u0173 pel\u0117sius. Produkt\u0105 galima naudoti ant toki\u0173 pavir&scaron;i\u0173 kaip sienos, keramika, plytel\u0117s, skiedinys, tinkas, plytos, akmuo, emalis, plastikas, silikonas, guma ir ner\u016bdijantis plienas. Idealiai tinka naudoti patalpose, kuriose yra daug dr\u0117gm\u0117s.<\/p>\n<p><strong>Naudojimo b\u016bdas:<\/strong> pasukite pur&scaron;kimo antgal\u012f \u012f ON pad\u0117t\u012f, purk&scaron;kite tolygiai 10-15 cm atstumu iki reikiamos pavir&scaron;iaus dalies. Palikite 15-20 minu\u010di\u0173. Ekspozicijos metu palikite patalpas. Po to pavir&scaron;i\u0173 nuplaukite arba nusausinkite. Venkite per gausaus pur&scaron;kimo.<\/p>\n<p>Laikyti vertikalioje pad\u0117tyje, toliau nuo maisto, atokiau nuo saul\u0117s spinduli\u0173.<\/p>\n<p><strong>Geriausias:<\/strong> 12 m\u0117nesi\u0173 nuo pagaminimo datos.<\/p>\n<p><strong>Sud\u0117tis:<\/strong> ma\u017eiau kaip 5 % chloro pagrindo balinimo priemoni\u0173, ma\u017eiau kaip 5 % &nbsp;nejonini\u0173 &nbsp;aktyvi\u0173j\u0173 pavir&scaron;inio med\u017eiagos, ma\u017eiau.<\/p>\n<p>&nbsp;<\/p>\n<p><strong><img decoding=\"async\" alt=\"\" src=\"file:\/\/\/C:\/Users\/masha\/Desktop\/GHS05.jpg\" style=\"height:40px; width:40px\" \/>GHS05 <img decoding=\"async\" alt=\"\" src=\"file:\/\/\/C:\/Users\/masha\/Desktop\/GHS09.jpg\" style=\"height:40px; width:40px\" \/>GHS09<\/strong>&nbsp;<strong>Pavojinga<\/strong><\/p>\n<p><strong>H290<\/strong> Gali \u0117sdinti metalus<br \/>\n<strong>H314<\/strong> Smarkiai nudegina od\u0105 ir pa\u017eeid\u017eia akis.<\/p>\n<p><strong>H400 <\/strong>Labai toksi&scaron;ka vandens organizmams.<br \/>\n<strong>H411 <\/strong>Toksi&scaron;ka vandens organizmams, sukelia ilgalaikius pakitimus.<br \/>\n<strong>EUH 031<\/strong> Kontaktuodama su r\u016bg&scaron;timis i&scaron;skiria toksi&scaron;kas dujas.<br \/>\n<strong>EUH 206<\/strong> Atsargiai! Nenaudoti kartu su kitais produktais. Gali i&scaron;skirti pavojingas dujas (chlor\u0105).<\/p>\n<p>P102 Laikyti vaikams neprieinamoje vietoje<br \/>\nP234 Laikyti tik originalioje pakuot\u0117je.<br \/>\nP260 Ne\u012fkv\u0117pti dulki\u0173\/d\u016bm\u0173\/duj\u0173\/r\u016bko\/gar\u0173\/ aerozolio.<br \/>\nP264 Po naudojimo kruop&scaron;\u010diai nuplaukite rankas<br \/>\nP273 Saugoti, kad nepatekt\u0173 \u012f aplink\u0105.<br \/>\nP280 M\u016bv\u0117ti apsaugines pir&scaron;tines\/d\u0117v\u0117ti apsauginius drabu\u017eius\/naudoti aki\u0173 (veido) apsaugos priemones.<br \/>\nP305+P351+P338 PATEKUS \u012e AKIS: Kelias minutes atsargiai plauti vandeniu. I&scaron;imti kontaktinius l\u0119&scaron;ius, jeigu jie yra ir jeigu lengvai galima tai padaryti. Toliau plauti akis.<br \/>\nP301+P330+P331 PRARIJUS: i&scaron;skalauti burn\u0105. NESKATINTI v\u0117mimo.<br \/>\nP303+P361+P353 PATEKUS ANT ODOS (arba plauk\u0173): nedelsiant nuvilkti visus u\u017eter&scaron;tus drabu\u017eius. Od\u0105 nuplauti vandeniu [arba \u010diurk&scaron;le].<br \/>\nP304+P340 \u012eKV\u0116PUS: i&scaron;ne&scaron;ti nukent\u0117jus\u012fj\u012f \u012f gryn\u0105 or\u0105; jam b\u016btina patogi pad\u0117tis, leid\u017eianti laisvai kv\u0117puoti.<br \/>\n&nbsp;<\/p>\n","protected":false},"excerpt":{"rendered":"<p>Veiksmingai pa&scaron;alina vis\u0173 r\u016b&scaron;i\u0173 pel\u0117sius. Produkt\u0105 galima naudoti ant toki\u0173 pavir&scaron;i\u0173 kaip sienos, keramika, plytel\u0117s, skiedinys, tinkas, plytos, akmuo, emalis, plastikas, silikonas, guma ir ner\u016bdijantis plienas. Idealiai tinka naudoti patalpose, kuriose yra daug dr\u0117gm\u0117s. Naudojimo b\u016bdas: pasukite pur&scaron;kimo antgal\u012f \u012f ON pad\u0117t\u012f, purk&scaron;kite tolygiai 10-15 cm atstumu iki reikiamos pavir&scaron;iaus dalies. Palikite 15-20 minu\u010di\u0173. Ekspozicijos [&#8230;]\n","protected":false},"featured_media":91522,"template":"","meta":[],"product_cat":[2181],"product_tag":[],"class_list":{"0":"post-46419","1":"product","2":"type-product","3":"status-publish","4":"has-post-thumbnail","6":"product_brand-unilever-ua-lt","7":"product_cat-bez-kategorijas-lt","9":"first","10":"instock","11":"taxable","12":"shipping-taxable","13":"product-type-simple"},"_links":{"self":[{"href":"https:\/\/e.kosmolat.eu\/lt\/wp-json\/wp\/v2\/product\/46419","targetHints":{"allow":["GET"]}}],"collection":[{"href":"https:\/\/e.kosmolat.eu\/lt\/wp-json\/wp\/v2\/product"}],"about":[{"href":"https:\/\/e.kosmolat.eu\/lt\/wp-json\/wp\/v2\/types\/product"}],"wp:featuredmedia":[{"embeddable":true,"href":"https:\/\/e.kosmolat.eu\/lt\/wp-json\/wp\/v2\/media\/91522"}],"wp:attachment":[{"href":"https:\/\/e.kosmolat.eu\/lt\/wp-json\/wp\/v2\/media?parent=46419"}],"wp:term":[{"taxonomy":"product_cat","embeddable":true,"href":"https:\/\/e.kosmolat.eu\/lt\/wp-json\/wp\/v2\/product_cat?post=46419"},{"taxonomy":"product_tag","embeddable":true,"href":"https:\/\/e.kosmolat.eu\/lt\/wp-json\/wp\/v2\/product_tag?post=46419"}],"curies":[{"name":"wp","href":"https:\/\/api.w.org\/{rel}","templated":true}]}}