{"id":46379,"date":"2024-02-29T05:41:22","date_gmt":"2024-02-29T05:41:22","guid":{"rendered":"https:\/\/e.kosmolat.eu\/product\/hs-crazy-hair-proteina-kondic-ar-sokolades-aromatu-doy-pack-300-ml\/"},"modified":"2025-09-20T03:09:51","modified_gmt":"2025-09-20T03:09:51","slug":"i_hs-crazy-hair-proteina-kondic-ar-sokolades-aromatu-doy-pack-300-ml","status":"publish","type":"product","link":"https:\/\/e.kosmolat.eu\/lt\/produktas\/i_hs-crazy-hair-proteina-kondic-ar-sokolades-aromatu-doy-pack-300-ml\/","title":{"rendered":"I_HISKIN Crazy Hair Protein kondic. garbanotiems ir \u0161iurk\u0161tiems plaukams su \u0161okolado aromatu,"},"content":{"rendered":"<p>Baltyminis kondicionierius suteiks j\u016bs\u0173 plaukams sveikos apimties ir \u017evilgesio, vizualiai padarys juos &scaron;velnesnius ir lygesnius. Ypa\u010d tinka garbanotiems, &scaron;iurk&scaron;tiems ir storiems plaukams.<\/p>\n<p><strong>Naudojimas: <\/strong>nedidel\u012f kiek\u012f priemon\u0117s paskirstykite ant dr\u0117gn\u0173 nusausint\u0173 plauk\u0173. Po keli\u0173 minu\u010di\u0173 nuplaukite. Nor\u0117dami gauti geriausius rezultatus, palikite ant plauk\u0173 apie 20-30 minu\u010di\u0173.<\/p>\n<p>Dermatologi&scaron;kai patikrintas.<br \/>\n&nbsp;<\/p>\n","protected":false},"excerpt":{"rendered":"<p>Baltyminis kondicionierius suteiks j\u016bs\u0173 plaukams sveikos apimties ir \u017evilgesio, vizualiai padarys juos &scaron;velnesnius ir lygesnius. Ypa\u010d tinka garbanotiems, &scaron;iurk&scaron;tiems ir storiems plaukams. Naudojimas: nedidel\u012f kiek\u012f priemon\u0117s paskirstykite ant dr\u0117gn\u0173 nusausint\u0173 plauk\u0173. Po keli\u0173 minu\u010di\u0173 nuplaukite. Nor\u0117dami gauti geriausius rezultatus, palikite ant plauk\u0173 apie 20-30 minu\u010di\u0173. Dermatologi&scaron;kai patikrintas. &nbsp;<\/p>\n","protected":false},"featured_media":90650,"template":"","meta":[],"product_cat":[2181],"product_tag":[],"class_list":{"0":"post-46379","1":"product","2":"type-product","3":"status-publish","4":"has-post-thumbnail","6":"product_brand-hiskin_pl-lt","7":"product_cat-bez-kategorijas-lt","9":"first","10":"outofstock","11":"taxable","12":"shipping-taxable","13":"product-type-simple"},"_links":{"self":[{"href":"https:\/\/e.kosmolat.eu\/lt\/wp-json\/wp\/v2\/product\/46379","targetHints":{"allow":["GET"]}}],"collection":[{"href":"https:\/\/e.kosmolat.eu\/lt\/wp-json\/wp\/v2\/product"}],"about":[{"href":"https:\/\/e.kosmolat.eu\/lt\/wp-json\/wp\/v2\/types\/product"}],"wp:featuredmedia":[{"embeddable":true,"href":"https:\/\/e.kosmolat.eu\/lt\/wp-json\/wp\/v2\/media\/90650"}],"wp:attachment":[{"href":"https:\/\/e.kosmolat.eu\/lt\/wp-json\/wp\/v2\/media?parent=46379"}],"wp:term":[{"taxonomy":"product_cat","embeddable":true,"href":"https:\/\/e.kosmolat.eu\/lt\/wp-json\/wp\/v2\/product_cat?post=46379"},{"taxonomy":"product_tag","embeddable":true,"href":"https:\/\/e.kosmolat.eu\/lt\/wp-json\/wp\/v2\/product_tag?post=46379"}],"curies":[{"name":"wp","href":"https:\/\/api.w.org\/{rel}","templated":true}]}}