{"id":46371,"date":"2024-02-29T05:40:55","date_gmt":"2024-02-29T05:40:55","guid":{"rendered":"https:\/\/e.kosmolat.eu\/product\/hs-crazy-hair-mitrinoss-kondic-ar-kosl-gumijas-arom-doy-pack-300-ml\/"},"modified":"2025-09-20T03:09:34","modified_gmt":"2025-09-20T03:09:34","slug":"i_hs-crazy-hair-mitrinoss-kondic-ar-kosl-gumijas-arom-doy-pack-300-ml","status":"publish","type":"product","link":"https:\/\/e.kosmolat.eu\/lt\/produktas\/i_hs-crazy-hair-mitrinoss-kondic-ar-kosl-gumijas-arom-doy-pack-300-ml\/","title":{"rendered":"I_HISKIN Crazy Hair Dr\u0117kinamasis kondic. sausiems ir \u0161iurk\u0161tiems plaukams su kramtomos gumos a"},"content":{"rendered":"<p>Kondicionieriuje yra daug dr\u0117gm\u0119 i&scaron;laikan\u010di\u0173 med\u017eiag\u0173, t.y. dr\u0117gm\u0119 sulaikan\u010dio poveikio ingredientai, kuri\u0173 u\u017eduotis &ndash; i&scaron;laikyti dr\u0117gm\u0119 plauk\u0173 strukt\u016broje. D\u0117l &scaron;i\u0173 galing\u0173 ingredient\u0173 j\u016bs\u0173 plaukai taps elastingesni, lygesni ir \u017evilgantys.<\/p>\n<p><strong>Naudojimas: <\/strong>nedidel\u012f kiek\u012f priemon\u0117s paskirstykite ant dr\u0117gn\u0173 nusausint\u0173 plauk\u0173. Po keli\u0173 minu\u010di\u0173 nuplaukite. Nor\u0117dami gauti geriausius rezultatus, palikite ant plauk\u0173 apie 20-30 minu\u010di\u0173.<\/p>\n<p>Dermatologi&scaron;kai patikrintas.<br \/>\n&nbsp;<\/p>\n","protected":false},"excerpt":{"rendered":"<p>Kondicionieriuje yra daug dr\u0117gm\u0119 i&scaron;laikan\u010di\u0173 med\u017eiag\u0173, t.y. dr\u0117gm\u0119 sulaikan\u010dio poveikio ingredientai, kuri\u0173 u\u017eduotis &ndash; i&scaron;laikyti dr\u0117gm\u0119 plauk\u0173 strukt\u016broje. D\u0117l &scaron;i\u0173 galing\u0173 ingredient\u0173 j\u016bs\u0173 plaukai taps elastingesni, lygesni ir \u017evilgantys. Naudojimas: nedidel\u012f kiek\u012f priemon\u0117s paskirstykite ant dr\u0117gn\u0173 nusausint\u0173 plauk\u0173. Po keli\u0173 minu\u010di\u0173 nuplaukite. Nor\u0117dami gauti geriausius rezultatus, palikite ant plauk\u0173 apie 20-30 minu\u010di\u0173. Dermatologi&scaron;kai patikrintas. &nbsp;<\/p>\n","protected":false},"featured_media":90646,"template":"","meta":[],"product_cat":[2181],"product_tag":[],"class_list":{"0":"post-46371","1":"product","2":"type-product","3":"status-publish","4":"has-post-thumbnail","6":"product_brand-hiskin_pl-lt","7":"product_cat-bez-kategorijas-lt","9":"first","10":"outofstock","11":"taxable","12":"shipping-taxable","13":"product-type-simple"},"_links":{"self":[{"href":"https:\/\/e.kosmolat.eu\/lt\/wp-json\/wp\/v2\/product\/46371","targetHints":{"allow":["GET"]}}],"collection":[{"href":"https:\/\/e.kosmolat.eu\/lt\/wp-json\/wp\/v2\/product"}],"about":[{"href":"https:\/\/e.kosmolat.eu\/lt\/wp-json\/wp\/v2\/types\/product"}],"wp:featuredmedia":[{"embeddable":true,"href":"https:\/\/e.kosmolat.eu\/lt\/wp-json\/wp\/v2\/media\/90646"}],"wp:attachment":[{"href":"https:\/\/e.kosmolat.eu\/lt\/wp-json\/wp\/v2\/media?parent=46371"}],"wp:term":[{"taxonomy":"product_cat","embeddable":true,"href":"https:\/\/e.kosmolat.eu\/lt\/wp-json\/wp\/v2\/product_cat?post=46371"},{"taxonomy":"product_tag","embeddable":true,"href":"https:\/\/e.kosmolat.eu\/lt\/wp-json\/wp\/v2\/product_tag?post=46371"}],"curies":[{"name":"wp","href":"https:\/\/api.w.org\/{rel}","templated":true}]}}