{"id":46347,"date":"2024-02-29T05:39:23","date_gmt":"2024-02-29T05:39:23","guid":{"rendered":"https:\/\/e.kosmolat.eu\/product\/hs-crazy-hair-maigi-attir-samp-ar-laima-un-kivi-arom-doy-pack-300-ml\/"},"modified":"2025-09-20T03:08:47","modified_gmt":"2025-09-20T03:08:47","slug":"i_his-crazy-hair-maigi-attir-samp-ar-laima-un-kivi-arom-doy-pack-300-ml","status":"publish","type":"product","link":"https:\/\/e.kosmolat.eu\/lt\/produktas\/i_his-crazy-hair-maigi-attir-samp-ar-laima-un-kivi-arom-doy-pack-300-ml\/","title":{"rendered":"I_HISKIN Crazy Hair Giliai valantis \u0161amp\u016bnas su laim\u0173 ir kivi\u0173 aromatu, doy-pack, 300 ml"},"content":{"rendered":"<p>&Scaron;velnus &scaron;amp\u016bnas kasdieniam galvos odos ir plauk\u0173 valymui. &Scaron;amp\u016bnas pagamintas i&scaron; &scaron;velni\u0173 ingredient\u0173, tod\u0117l jis labai &scaron;velnus galvos odai ir kutikulei. Tai suteikia j\u016bs\u0173 plaukams blizgesio ir apimties, paruo&scaron;dama juos kitiems prie\u017ei\u016bros etapams!<\/p>\n<p><strong>Naudojimas:<\/strong> u\u017etepkite &scaron;amp\u016bn\u0105 ant rank\u0173 ir &scaron;velniai \u012fmasa\u017euokite \u012f dr\u0117gnus plaukus ir galvos od\u0105. Suputokite, o po to kruop&scaron;\u010diai nuplaukite &scaron;iltu vandeniu.<\/p>\n<p>Dermatologi&scaron;kai patikrintas.<br \/>\n&nbsp;<\/p>\n","protected":false},"excerpt":{"rendered":"<p>&Scaron;velnus &scaron;amp\u016bnas kasdieniam galvos odos ir plauk\u0173 valymui. &Scaron;amp\u016bnas pagamintas i&scaron; &scaron;velni\u0173 ingredient\u0173, tod\u0117l jis labai &scaron;velnus galvos odai ir kutikulei. Tai suteikia j\u016bs\u0173 plaukams blizgesio ir apimties, paruo&scaron;dama juos kitiems prie\u017ei\u016bros etapams! Naudojimas: u\u017etepkite &scaron;amp\u016bn\u0105 ant rank\u0173 ir &scaron;velniai \u012fmasa\u017euokite \u012f dr\u0117gnus plaukus ir galvos od\u0105. Suputokite, o po to kruop&scaron;\u010diai nuplaukite &scaron;iltu vandeniu. [&#8230;]\n","protected":false},"featured_media":90634,"template":"","meta":[],"product_cat":[2181],"product_tag":[],"class_list":{"0":"post-46347","1":"product","2":"type-product","3":"status-publish","4":"has-post-thumbnail","6":"product_brand-hiskin_pl-lt","7":"product_cat-bez-kategorijas-lt","9":"first","10":"outofstock","11":"taxable","12":"shipping-taxable","13":"product-type-simple"},"_links":{"self":[{"href":"https:\/\/e.kosmolat.eu\/lt\/wp-json\/wp\/v2\/product\/46347","targetHints":{"allow":["GET"]}}],"collection":[{"href":"https:\/\/e.kosmolat.eu\/lt\/wp-json\/wp\/v2\/product"}],"about":[{"href":"https:\/\/e.kosmolat.eu\/lt\/wp-json\/wp\/v2\/types\/product"}],"wp:featuredmedia":[{"embeddable":true,"href":"https:\/\/e.kosmolat.eu\/lt\/wp-json\/wp\/v2\/media\/90634"}],"wp:attachment":[{"href":"https:\/\/e.kosmolat.eu\/lt\/wp-json\/wp\/v2\/media?parent=46347"}],"wp:term":[{"taxonomy":"product_cat","embeddable":true,"href":"https:\/\/e.kosmolat.eu\/lt\/wp-json\/wp\/v2\/product_cat?post=46347"},{"taxonomy":"product_tag","embeddable":true,"href":"https:\/\/e.kosmolat.eu\/lt\/wp-json\/wp\/v2\/product_tag?post=46347"}],"curies":[{"name":"wp","href":"https:\/\/api.w.org\/{rel}","templated":true}]}}