{"id":46339,"date":"2024-02-29T05:39:01","date_gmt":"2024-02-29T05:39:01","guid":{"rendered":"https:\/\/e.kosmolat.eu\/product\/hs-crazy-hair-trihologiskais-galvas-ad-pil-ar-laima-un-piparmetr-arom-100-ml\/"},"modified":"2026-04-20T07:58:27","modified_gmt":"2026-04-20T07:58:27","slug":"hs-crazy-hair-trihologiskais-galvas-ad-pil-ar-laima-un-piparmetr-arom-100-ml","status":"publish","type":"product","link":"https:\/\/e.kosmolat.eu\/lt\/produktas\/hs-crazy-hair-trihologiskais-galvas-ad-pil-ar-laima-un-piparmetr-arom-100-ml\/","title":{"rendered":"HISKIN Crazy Hair Trichologinis galvos odos pilingas su laim\u0173 ir m\u0117t\u0173 aromatu, 100 ml"},"content":{"rendered":"<p>Pilingas su 3% migdol\u0173 r\u016bg&scaron;timi pagreitina epidermio &scaron;veitimo proces\u0105, reguliuoja riebalini\u0173 liauk\u0173 veikl\u0105 ir atkuria galvos odos pusiausvyr\u0105. Trichologinis pilingas yra pagrindinis tinkamos galvos odos prie\u017ei\u016bros etapas. Reguliarus pilingas padeda atsikratyti negyv\u0173 epidermio l\u0105steli\u0173, taip pat valo ir gaivina galvos od\u0105.<\/p>\n<p><strong>Kas suteikia WOW efekt\u0105?<\/strong><\/p>\n<ul>\n<li>3% migdol\u0173 r\u016bg&scaron;ties &ndash; valo plauk\u0173 folikulus, o vitaminas B3 reguliuoja riebal\u0173 sekrecij\u0105.<\/li>\n<li>Niacinamidas (vitaminas B3) &ndash; efektyviai kovoja su pleiskanomis, reguliuoja riebal\u0173 sekrecij\u0105 ir ma\u017eina plauk\u0173 slinkim\u0105.<\/li>\n<li>Trehaloz\u0117 ir karbamidas &ndash; puikiai dr\u0117kina ir mink&scaron;tina, taip pat pagerina kit\u0173 veikli\u0173j\u0173 med\u017eiag\u0173 poveik\u012f.<\/li>\n<li>Obuoli\u0173 sidro actas &ndash; atkuria nat\u016bral\u0173 galvos odos pH lyg\u012f ir stiprina galvos od\u0105.<\/li>\n<li>Levand\u0173, sald\u017ei\u0173j\u0173 apelsin\u0173 ir \u017eali\u0173j\u0173 citrin\u0173 aliejai &ndash; turi aromaterapin\u012f poveik\u012f ir atpalaiduoja.<\/li>\n<\/ul>\n<p><strong>Naudojimas: <\/strong>u\u017etepkite reikiam\u0105 kiek\u012f priemon\u0117s ant sausos galvos odos, padalindami plaukus \u012f sruogas. Tada &scaron;velniai masa\u017euokite galvos od\u0105. Po ma\u017edaug 10-15 minu\u010di\u0173 kruop&scaron;\u010diai nuplaukite &scaron;iltu vandeniu.<\/p>\n<p>Dermatologi&scaron;kai patikrintas.<br \/>\n&nbsp;<\/p>\n","protected":false},"excerpt":{"rendered":"<p>Pilingas su 3% migdol\u0173 r\u016bg&scaron;timi pagreitina epidermio &scaron;veitimo proces\u0105, reguliuoja riebalini\u0173 liauk\u0173 veikl\u0105 ir atkuria galvos odos pusiausvyr\u0105. Trichologinis pilingas yra pagrindinis tinkamos galvos odos prie\u017ei\u016bros etapas. Reguliarus pilingas padeda atsikratyti negyv\u0173 epidermio l\u0105steli\u0173, taip pat valo ir gaivina galvos od\u0105. Kas suteikia WOW efekt\u0105? 3% migdol\u0173 r\u016bg&scaron;ties &ndash; valo plauk\u0173 folikulus, o vitaminas B3 [&#8230;]\n","protected":false},"featured_media":90630,"template":"","meta":[],"product_cat":[1345],"product_tag":[],"class_list":{"0":"post-46339","1":"product","2":"type-product","3":"status-publish","4":"has-post-thumbnail","6":"product_brand-hiskin_pl-lt","7":"product_cat-kitos-plauku-prieziuros-priemones","9":"first","10":"instock","11":"taxable","12":"shipping-taxable","13":"product-type-simple"},"_links":{"self":[{"href":"https:\/\/e.kosmolat.eu\/lt\/wp-json\/wp\/v2\/product\/46339","targetHints":{"allow":["GET"]}}],"collection":[{"href":"https:\/\/e.kosmolat.eu\/lt\/wp-json\/wp\/v2\/product"}],"about":[{"href":"https:\/\/e.kosmolat.eu\/lt\/wp-json\/wp\/v2\/types\/product"}],"wp:featuredmedia":[{"embeddable":true,"href":"https:\/\/e.kosmolat.eu\/lt\/wp-json\/wp\/v2\/media\/90630"}],"wp:attachment":[{"href":"https:\/\/e.kosmolat.eu\/lt\/wp-json\/wp\/v2\/media?parent=46339"}],"wp:term":[{"taxonomy":"product_cat","embeddable":true,"href":"https:\/\/e.kosmolat.eu\/lt\/wp-json\/wp\/v2\/product_cat?post=46339"},{"taxonomy":"product_tag","embeddable":true,"href":"https:\/\/e.kosmolat.eu\/lt\/wp-json\/wp\/v2\/product_tag?post=46339"}],"curies":[{"name":"wp","href":"https:\/\/api.w.org\/{rel}","templated":true}]}}