{"id":46331,"date":"2024-02-29T05:38:42","date_gmt":"2024-02-29T05:38:42","guid":{"rendered":"https:\/\/e.kosmolat.eu\/product\/hs-crazy-hair-losjons-galvas-ad-ar-lavandas-arom-100-ml\/"},"modified":"2026-04-21T06:50:01","modified_gmt":"2026-04-21T06:50:01","slug":"hs-crazy-hair-losjons-galvas-ad-ar-lavandas-arom-100-ml","status":"publish","type":"product","link":"https:\/\/e.kosmolat.eu\/lt\/produktas\/hs-crazy-hair-losjons-galvas-ad-ar-lavandas-arom-100-ml\/","title":{"rendered":"HISKIN Crazy Hair Losjonas galvos odai su levand\u0173 aromatu, 100 ml"},"content":{"rendered":"<p>Formul\u0117 be alkoholio skatina plauk\u0173 augim\u0105 ir ma\u017eina plauk\u0173 slinkim\u0105. Kasdienis galvos odos masa\u017eas &scaron;iuo losjonu yra puikus b\u016bdas atsipalaiduoti ir stimuliuoti mikrocirkuliacij\u0105. Specialiai parinkta losjono veikli\u0173j\u0173 med\u017eiag\u0173 sud\u0117tis padeda atkurti pa\u017eeistus plaukus. Be atpalaidavimo, losjonas dar stiprina plauk\u0173 folikulus ir skatina nauj\u0173 plauk\u0173 augim\u0105.<\/p>\n<p><strong>Kas suteikia WOW efekt\u0105?<\/strong><\/p>\n<ul>\n<li>Vario peptidai &ndash; skatina plauk\u0173 augim\u0105 ir blokuoja fermentus, atsakingus u\u017e plauk\u0173 slinkim\u0105.<\/li>\n<li>Baobab\u0173, alavij\u0173 ir \u017ealiosios arbatos ekstraktai &ndash; dr\u0117kina ir ramina galvos od\u0105.<\/li>\n<li>Kofeinas &ndash; aktyvina plauk\u0173 augim\u0105.<\/li>\n<li>Trehaloz\u0117 ir karbamidas &ndash; puikiai dr\u0117kina ir mink&scaron;tina galvos od\u0105, taip pat pagerina formul\u0117je esan\u010di\u0173 aktyvi\u0173 komponent\u0173 poveik\u012f.<\/li>\n<li>Kanapi\u0173 aliejus ir CBD &ndash; reguliuoja riebalini\u0173 liauk\u0173 veikl\u0105, suma\u017eina perteklin\u012f galvos odos riebum\u0105.<\/li>\n<li>Levand\u0173 aliejus &ndash; pasi\u017eymi aromaterapiniu poveikiu ir atpalaiduojan\u010diu aromatu.<\/li>\n<\/ul>\n<p><strong>Naudojimas:<\/strong> tolygiai paskirstykite produkt\u0105 per vis\u0105 galvos od\u0105, tada &scaron;velniai masa\u017euokite<\/p>\n<p><strong>Naudingas patarimas!<\/strong><br \/>\nNor\u0117dami gauti geriausius rezultatus, tepkite losjonu ant sausos, &scaron;varios galvos odos, geriausia kasdien m\u0117nes\u012f, tada padarykite savait\u0117s pertrauk\u0105.<\/p>\n<p>Dermatologi&scaron;kai patikrintas.<br \/>\n&nbsp;<\/p>\n","protected":false},"excerpt":{"rendered":"<p>Formul\u0117 be alkoholio skatina plauk\u0173 augim\u0105 ir ma\u017eina plauk\u0173 slinkim\u0105. Kasdienis galvos odos masa\u017eas &scaron;iuo losjonu yra puikus b\u016bdas atsipalaiduoti ir stimuliuoti mikrocirkuliacij\u0105. Specialiai parinkta losjono veikli\u0173j\u0173 med\u017eiag\u0173 sud\u0117tis padeda atkurti pa\u017eeistus plaukus. Be atpalaidavimo, losjonas dar stiprina plauk\u0173 folikulus ir skatina nauj\u0173 plauk\u0173 augim\u0105. Kas suteikia WOW efekt\u0105? Vario peptidai &ndash; skatina plauk\u0173 augim\u0105 [&#8230;]\n","protected":false},"featured_media":90626,"template":"","meta":[],"product_cat":[2181],"product_tag":[],"class_list":{"0":"post-46331","1":"product","2":"type-product","3":"status-publish","4":"has-post-thumbnail","6":"product_brand-hiskin_pl-lt","7":"product_cat-bez-kategorijas-lt","9":"first","10":"instock","11":"taxable","12":"shipping-taxable","13":"product-type-simple"},"_links":{"self":[{"href":"https:\/\/e.kosmolat.eu\/lt\/wp-json\/wp\/v2\/product\/46331","targetHints":{"allow":["GET"]}}],"collection":[{"href":"https:\/\/e.kosmolat.eu\/lt\/wp-json\/wp\/v2\/product"}],"about":[{"href":"https:\/\/e.kosmolat.eu\/lt\/wp-json\/wp\/v2\/types\/product"}],"wp:featuredmedia":[{"embeddable":true,"href":"https:\/\/e.kosmolat.eu\/lt\/wp-json\/wp\/v2\/media\/90626"}],"wp:attachment":[{"href":"https:\/\/e.kosmolat.eu\/lt\/wp-json\/wp\/v2\/media?parent=46331"}],"wp:term":[{"taxonomy":"product_cat","embeddable":true,"href":"https:\/\/e.kosmolat.eu\/lt\/wp-json\/wp\/v2\/product_cat?post=46331"},{"taxonomy":"product_tag","embeddable":true,"href":"https:\/\/e.kosmolat.eu\/lt\/wp-json\/wp\/v2\/product_tag?post=46331"}],"curies":[{"name":"wp","href":"https:\/\/api.w.org\/{rel}","templated":true}]}}