{"id":46323,"date":"2024-02-29T05:38:23","date_gmt":"2024-02-29T05:38:23","guid":{"rendered":"https:\/\/e.kosmolat.eu\/product\/hs-crazy-hair-atjaunojos-matu-maska-ar-mell-arom-300-ml\/"},"modified":"2026-04-23T09:57:01","modified_gmt":"2026-04-23T09:57:01","slug":"hs-crazy-hair-atjaunojos-matu-maska-ar-mell-arom-300-ml","status":"publish","type":"product","link":"https:\/\/e.kosmolat.eu\/lt\/produktas\/hs-crazy-hair-atjaunojos-matu-maska-ar-mell-arom-300-ml\/","title":{"rendered":"HISKIN Crazy Hair Atkuriamoji plauk\u0173 kauk\u0117 su m\u0117lyni\u0173 aromatu, 300 ml"},"content":{"rendered":"<p>Atgaivinanti plauk\u0173 kauk\u0117 pasir\u016bpins j\u016bs\u0173 plaukais, kol atsipalaiduosite. Kauk\u0117je yra nema\u017eai baltym\u0173, mink&scaron;tinan\u010di\u0173 ir dr\u0117kinan\u010di\u0173 komponent\u0173, kurie suteiks J\u016bs\u0173 plaukams visas reikalingas med\u017eiagas tinkamai mitybai ir stiprinimui &ndash; viskas vienoje proced\u016broje!<\/p>\n<p><strong>PEH balansas:<\/strong><br \/>\nProduktas sukurtas taip, kad i&scaron;laikyt\u0173 baltym\u0173, emolient\u0173 ir dr\u0117gm\u0119 i&scaron;laikan\u010di\u0173 med\u017eiag\u0173 (PEH) &ndash; trij\u0173 pagrindini\u0173 plauk\u0173 prie\u017ei\u016bros element\u0173 &ndash; pusiausvyr\u0105.<\/p>\n<p><strong>Kas suteikia WOW efekt\u0105?<\/strong><\/p>\n<ul>\n<li>Argininas yra nat\u016braliai atsirandanti aminor\u016bg&scaron;tis, kuri suteikia plaukams apimties ir skatina plauk\u0173 augim\u0105, nes palengvina veikli\u0173j\u0173 med\u017eiag\u0173 \u012fsiskverbim\u0105 \u012f galvos od\u0105.<\/li>\n<li>Hidrolizuoti ry\u017ei\u0173, kukur\u016bz\u0173 ir kvie\u010di\u0173 baltymai &ndash; neleid\u017eia plaukams stov\u0117ti, mink&scaron;tina ir padaro plaukus pastebimai glotnius.<\/li>\n<li>Gardenijos ekstraktas &ndash; saugo plaukus nuo slinkimo.<\/li>\n<li>Sald\u017ei\u0173j\u0173 migdol\u0173 aliejus &ndash; u\u017edaro plauk\u0173 odeles, tod\u0117l jos tampa lygesn\u0117s.<\/li>\n<li>Gliukonolaktonas, trehaloz\u0117 ir karbamidas &ndash; suteikia super dr\u0117kinim\u0105 ir i&scaron;laiko dr\u0117gm\u0119 plauk\u0173 strukt\u016broje.<\/li>\n<\/ul>\n<p><strong>Naudojimas: <\/strong>nedidel\u012f kiek\u012f priemon\u0117s paskirstykite ant dr\u0117gn\u0173 plauk\u0173. Naudokite pla\u010di\u0173 dant\u0173 &scaron;ukas ir tolygiai paskirstykite kauk\u0119 per vis\u0105 ilg\u012f, vengdami plauk\u0173 &scaron;akn\u0173. Palikite 15 minu\u010di\u0173 ar ilgiau, tada nuplaukite &scaron;iltu vandeniu.<\/p>\n<p>Dermatologi&scaron;kai patikrintas.<br \/>\n&nbsp;<\/p>\n","protected":false},"excerpt":{"rendered":"<p>Atgaivinanti plauk\u0173 kauk\u0117 pasir\u016bpins j\u016bs\u0173 plaukais, kol atsipalaiduosite. Kauk\u0117je yra nema\u017eai baltym\u0173, mink&scaron;tinan\u010di\u0173 ir dr\u0117kinan\u010di\u0173 komponent\u0173, kurie suteiks J\u016bs\u0173 plaukams visas reikalingas med\u017eiagas tinkamai mitybai ir stiprinimui &ndash; viskas vienoje proced\u016broje! PEH balansas: Produktas sukurtas taip, kad i&scaron;laikyt\u0173 baltym\u0173, emolient\u0173 ir dr\u0117gm\u0119 i&scaron;laikan\u010di\u0173 med\u017eiag\u0173 (PEH) &ndash; trij\u0173 pagrindini\u0173 plauk\u0173 prie\u017ei\u016bros element\u0173 &ndash; pusiausvyr\u0105. Kas suteikia [&#8230;]\n","protected":false},"featured_media":90622,"template":"","meta":[],"product_cat":[1256],"product_tag":[],"class_list":{"0":"post-46323","1":"product","2":"type-product","3":"status-publish","4":"has-post-thumbnail","6":"product_brand-hiskin_pl-lt","7":"product_cat-plauku-kaukes","9":"first","10":"instock","11":"taxable","12":"shipping-taxable","13":"product-type-simple"},"_links":{"self":[{"href":"https:\/\/e.kosmolat.eu\/lt\/wp-json\/wp\/v2\/product\/46323","targetHints":{"allow":["GET"]}}],"collection":[{"href":"https:\/\/e.kosmolat.eu\/lt\/wp-json\/wp\/v2\/product"}],"about":[{"href":"https:\/\/e.kosmolat.eu\/lt\/wp-json\/wp\/v2\/types\/product"}],"wp:featuredmedia":[{"embeddable":true,"href":"https:\/\/e.kosmolat.eu\/lt\/wp-json\/wp\/v2\/media\/90622"}],"wp:attachment":[{"href":"https:\/\/e.kosmolat.eu\/lt\/wp-json\/wp\/v2\/media?parent=46323"}],"wp:term":[{"taxonomy":"product_cat","embeddable":true,"href":"https:\/\/e.kosmolat.eu\/lt\/wp-json\/wp\/v2\/product_cat?post=46323"},{"taxonomy":"product_tag","embeddable":true,"href":"https:\/\/e.kosmolat.eu\/lt\/wp-json\/wp\/v2\/product_tag?post=46323"}],"curies":[{"name":"wp","href":"https:\/\/api.w.org\/{rel}","templated":true}]}}