{"id":46315,"date":"2024-02-29T05:38:03","date_gmt":"2024-02-29T05:38:03","guid":{"rendered":"https:\/\/e.kosmolat.eu\/product\/hs-crazy-hair-maigi-attir-samp-ar-laima-un-kivi-arom-300-ml\/"},"modified":"2026-04-23T09:56:43","modified_gmt":"2026-04-23T09:56:43","slug":"hs-crazy-hair-maigi-attir-samp-ar-laima-un-kivi-arom-300-ml","status":"publish","type":"product","link":"https:\/\/e.kosmolat.eu\/lt\/produktas\/hs-crazy-hair-maigi-attir-samp-ar-laima-un-kivi-arom-300-ml\/","title":{"rendered":"HISKIN Crazy Hair Giliai valantis \u0161amp\u016bnas su laim\u0173 ir kivi\u0173 aromatu, 300 ml"},"content":{"rendered":"<p>&Scaron;velnus &scaron;amp\u016bnas kasdieniam galvos odos ir plauk\u0173 valymui. &Scaron;amp\u016bnas pagamintas i&scaron; &scaron;velni\u0173 ingredient\u0173, tod\u0117l jis labai &scaron;velnus galvos odai ir kutikulei. Tai suteikia j\u016bs\u0173 plaukams blizgesio ir apimties, paruo&scaron;dama juos kitiems prie\u017ei\u016bros etapams!<\/p>\n<p><strong>Galvos odos balansas:<\/strong><br \/>\nKruop&scaron;\u010diai parinktas valymo priemoni\u0173 ir veikli\u0173j\u0173 med\u017eiag\u0173 derinys u\u017etikrina teising\u0105 galvos odos balans\u0105, netrikdydamas nat\u016brali\u0173 proces\u0173.<\/p>\n<p><strong>Kaip tai veikia?<\/strong><br \/>\nPreparate esantis laurilo gliukozidas ir kokamidopropilo betainas yra &scaron;velnus nejonini\u0173 ir amfoterini\u0173 pavir&scaron;inio aktyvumo med\u017eiag\u0173 derinys.&nbsp;Nedirgina galvos odos, gerai valo ir sukuria tir&scaron;tas putas.<\/p>\n<p><strong>Kas suteikia WOW efekt\u0105?<\/strong><br \/>\nAlavij\u0173 sultys kartu su trehaloze ir karbamidu puikiai dr\u0117kina ir sulaiko vanden\u012f plauk\u0173 strukt\u016broje.<br \/>\nArgininas kartu su rozmarinu ir \u017ealiosios arbatos ekstraktu stiprina plaukus, atkuria ir saugo nuo i&scaron;orini\u0173 veiksni\u0173. J\u016bs\u0173 plaukai bus jums d\u0117kingi!<\/p>\n<p><strong>Naudojimas:<\/strong> u\u017etepkite &scaron;amp\u016bn\u0105 ant rank\u0173 ir &scaron;velniai \u012fmasa\u017euokite \u012f dr\u0117gnus plaukus ir galvos od\u0105. Suputokite, o po to kruop&scaron;\u010diai nuplaukite &scaron;iltu vandeniu.<\/p>\n<p><strong>Naudingi patarimai!<\/strong><\/p>\n<ul>\n<li>Rekomenduojama plauti tik plaukus. Nereikia tepti produkto per vis\u0105 plauk\u0173 ilg\u012f.<\/li>\n<li>&Scaron;is &scaron;amp\u016bnas puikiai tinka plauti plaukus OMO metodu, kuris susideda i&scaron; trij\u0173 etap\u0173: kondicionierius-&scaron;amp\u016bnas-kondicionierius, kadangi &scaron;iuo b\u016bdu svarbu, kad &scaron;amp\u016bne neb\u016bt\u0173 SLS ir jo darini\u0173.<\/li>\n<\/ul>\n<p>Dermatologi&scaron;kai patikrintas.<br \/>\n&nbsp;<\/p>\n","protected":false},"excerpt":{"rendered":"<p>&Scaron;velnus &scaron;amp\u016bnas kasdieniam galvos odos ir plauk\u0173 valymui. &Scaron;amp\u016bnas pagamintas i&scaron; &scaron;velni\u0173 ingredient\u0173, tod\u0117l jis labai &scaron;velnus galvos odai ir kutikulei. Tai suteikia j\u016bs\u0173 plaukams blizgesio ir apimties, paruo&scaron;dama juos kitiems prie\u017ei\u016bros etapams! Galvos odos balansas: Kruop&scaron;\u010diai parinktas valymo priemoni\u0173 ir veikli\u0173j\u0173 med\u017eiag\u0173 derinys u\u017etikrina teising\u0105 galvos odos balans\u0105, netrikdydamas nat\u016brali\u0173 proces\u0173. Kaip tai veikia? [&#8230;]\n","protected":false},"featured_media":78067,"template":"","meta":[],"product_cat":[1251],"product_tag":[],"class_list":{"0":"post-46315","1":"product","2":"type-product","3":"status-publish","4":"has-post-thumbnail","6":"product_brand-hiskin_pl-lt","7":"product_cat-sampunai","9":"first","10":"instock","11":"taxable","12":"shipping-taxable","13":"product-type-simple"},"_links":{"self":[{"href":"https:\/\/e.kosmolat.eu\/lt\/wp-json\/wp\/v2\/product\/46315","targetHints":{"allow":["GET"]}}],"collection":[{"href":"https:\/\/e.kosmolat.eu\/lt\/wp-json\/wp\/v2\/product"}],"about":[{"href":"https:\/\/e.kosmolat.eu\/lt\/wp-json\/wp\/v2\/types\/product"}],"wp:featuredmedia":[{"embeddable":true,"href":"https:\/\/e.kosmolat.eu\/lt\/wp-json\/wp\/v2\/media\/78067"}],"wp:attachment":[{"href":"https:\/\/e.kosmolat.eu\/lt\/wp-json\/wp\/v2\/media?parent=46315"}],"wp:term":[{"taxonomy":"product_cat","embeddable":true,"href":"https:\/\/e.kosmolat.eu\/lt\/wp-json\/wp\/v2\/product_cat?post=46315"},{"taxonomy":"product_tag","embeddable":true,"href":"https:\/\/e.kosmolat.eu\/lt\/wp-json\/wp\/v2\/product_tag?post=46315"}],"curies":[{"name":"wp","href":"https:\/\/api.w.org\/{rel}","templated":true}]}}